{"id":10659,"date":"2020-03-28T11:36:51","date_gmt":"2020-03-28T10:36:51","guid":{"rendered":"https:\/\/evertonfc.cz\/?page_id=10659"},"modified":"2021-02-24T17:48:27","modified_gmt":"2021-02-24T16:48:27","slug":"o-webu-a-podminky-uziti","status":"publish","type":"page","link":"https:\/\/evertonfc.cz\/index.php\/o-webu-a-podminky-uziti\/","title":{"rendered":"O webu a podm\u00ednky u\u017eit\u00ed"},"content":{"rendered":"<h3 style=\"text-align: center;\"><span style=\"text-decoration: underline;\"><strong>O n\u00e1s:<\/strong><\/span><\/h3>\n<p>Webstr\u00e1nka <strong>\u201e<em>evertonfc.cz<\/em>\u201c<\/strong> bola vytvoren\u00e1 z d\u00f4vodu roz\u0161irovania povedomia a z\u00e1kladne fan\u00fa\u0161ikov anglick\u00e9ho futbalov\u00e9ho klubu Everton FC v \u010ceskej a Slovenskej republike. Z\u00e1rove\u0148 udr\u017euje u\u017e existuj\u00facu komunitu fan\u00fa\u0161ikov a jej hlavnou n\u00e1pl\u0148ou je ich informovanie o najnov\u0161om dian\u00ed v klube a poskytovanie priestoru na diskusie.<\/p>\n<p>Medzi jej \u010fal\u0161ie aktivity patr\u00ed aj iniciovanie a organiz\u00e1cia zrazov fan\u00fa\u0161ikov Evertonu a najnov\u0161ie aj dobrovo\u013en\u00fdch zbierok a aukcii na charitat\u00edvne \u00fa\u010dely pod\u013ea vzoru klubu. V roku 2014 bol dokonca zalo\u017een\u00fd fanklub &#8211; \u201e\u010c<em>esk\u00fd &amp; Slovensk\u00fd Klub Podporovate\u013eov Evertonu&#8220; &#8211; <\/em>ofici\u00e1lne zaraden\u00fd do zoznamu a schv\u00e1len\u00fd klubom v Brit\u00e1nii.<\/p>\n<p>Tvorba obsahu na str\u00e1nke jej redakciou, ktor\u00fa tvoria len v\u00e1\u0161niv\u00ed fan\u00fa\u0161ikovia, je \u010disto dobrovo\u013en\u00e1 a nijak\u00fdm sp\u00f4sobom sa neodme\u0148uje. Tento web si hodnotovo zaklad\u00e1 na nevyu\u017e\u00edvan\u00ed zna\u010dky Everton Football Club ku komer\u010dn\u00fdm \u00fa\u010delom. Preto na str\u00e1nke nen\u00e1jdete \u017eiadnu reklamu, banner ani \u00fa\u010delovo umiestnen\u00e9 produkty.<\/p>\n<p>N\u00e1klady na financovanie chodu webovej str\u00e1nky \u2013 pren\u00e1jom servera, licencia dom\u00e9ny, at\u010f. \u2013 si redakcia plat\u00ed sama zo s\u00fakromn\u00fdch pr\u00edjmov a\u00a0nevy\u017eaduje od n\u00e1v\u0161tevn\u00edkov alebo \u010dlenov ofici\u00e1lneho fanklubu \u017eiadne finan\u010dn\u00e9 pr\u00edspevky. Ani na prev\u00e1dzkovanie webu, ani za \u010dlenstvo vo fanklube, ani za registr\u00e1ciu na tomto webe.<\/p>\n<h3 style=\"text-align: center;\"><strong><span style=\"text-decoration: underline;\">Autorsk\u00e9 pr\u00e1va:<\/span><br \/>\n<\/strong><\/h3>\n<p><strong>Informa\u010dn\u00fd obsah<\/strong><\/p>\n<ul>\n<li>Na v\u0161etky texty (t. j. \u010dl\u00e1nky) na webe <em>\u201eevertonfc.cz\u201c <\/em>sa vz\u0165ahuje pr\u00e1vo autorsk\u00e9ho diela.<\/li>\n<li>V\u00e4\u010d\u0161ina na\u0161ich \u010dl\u00e1nkov \u010derp\u00e1 inform\u00e1cie z\u00a0ofici\u00e1lnej str\u00e1nky klubu \u201eevertonfc.com\u201c, odkia\u013e sa prekladaj\u00fa do sloven\u010diny, respekt\u00edve \u010de\u0161tiny.<\/li>\n<li>Preber\u00e1me inform\u00e1cie aj z\u00a0ostatn\u00fdch m\u00e9di\u00ed, najm\u00e4 anglick\u00fdch, pri ktor\u00fdch ud\u00e1vame zdroj, \u010di u\u017e priamo v\u00a0\u010dl\u00e1nku, alebo pod n\u00edm v\u00a0z\u00e1tvorke.<\/li>\n<\/ul>\n<p><strong>Obrazov\u00fd obsah<\/strong><\/p>\n<ul>\n<li>Pri v\u0161etk\u00fdch pou\u017eit\u00fdch fotografi\u00e1ch \/ obr\u00e1zkoch, okrem nami vytvoren\u00fdch, sa sna\u017e\u00edme uv\u00e1dza\u0165 doh\u013eadate\u013en\u00fd zdroj. Web <em>\u201eevertonfc.cz\u201c<\/em> sa v \u017eiadnom pr\u00edpade neuv\u00e1dza za ich vlastn\u00edka.<\/li>\n<li>Vlo\u017een\u00e9 vide\u00e1 v \u010dl\u00e1nkoch v\u017edy odkazuj\u00fa na internetov\u00e9 datab\u00e1zy vide\u00ed alebo soci\u00e1lne siete. Web <em>\u201eevertonfc.cz\u201c<\/em> sa v \u017eiadnom pr\u00edpade neuv\u00e1dza za ich vlastn\u00edka.<\/li>\n<\/ul>\n<h3 style=\"text-align: center;\"><strong><span style=\"text-decoration: underline;\">Podmienky pou\u017eitia:<\/span><br \/>\n<\/strong><\/h3>\n<p><strong>V\u0161eobecn\u00e9 podmienky<\/strong><\/p>\n<ul>\n<li>Web <em>\u201eevertonfc.cz\u201c<\/em>\u00a0 nezaru\u010duje spr\u00e1vnos\u0165 svojho obsahu.<\/li>\n<li>Web <em>\u201eevertonfc.cz\u201c<\/em>\u00a0 neru\u010d\u00ed za \u0161kody vzniknut\u00e9 pou\u017e\u00edvan\u00edm t\u00fdchto str\u00e1nok.<\/li>\n<li>Web <em>\u201eevertonfc.cz\u201c<\/em>\u00a0 si vyhradzuje pr\u00e1vo na \u00fapravu t\u00fdchto podmienok pou\u017eitia.<\/li>\n<li>Web<em> \u201eevertonfc.cz\u201c<\/em>\u00a0 zakazuje vyu\u017e\u00edva\u0165\/kop\u00edrova\u0165 text t\u00fdchto str\u00e1nok bez predch\u00e1dzaj\u00faceho s\u00fahlasu autora.<\/li>\n<li>Web <em>\u201eevertonfc.cz\u201c<\/em>\u00a0 nereprezentuje n\u00e1zory a postoje klubu Everton FC, ktor\u00fd nenesie \u017eiadnu zodpovednos\u0165 za zverejnen\u00fd obsah na str\u00e1nkach <em>\u201eevertonfc.cz\u201c.<\/em><\/li>\n<\/ul>\n<p><strong>Registr\u00e1cia pou\u017e\u00edvate\u013eov<\/strong><\/p>\n<ul>\n<li>Registrovan\u00edm na webe <em>\u201eevertonfc.cz\u201c<\/em> poskytuje n\u00e1v\u0161tevn\u00edk svoje \u00fadaje dobrovo\u013ene.<\/li>\n<li>Registr\u00e1ciou na webe <em>\u201eevertonfc.cz\u201c<\/em> z\u00edska n\u00e1v\u0161tevn\u00edk status pou\u017e\u00edvate\u013ea a mo\u017enos\u0165 zapoji\u0165 sa do diskusie v \u010dl\u00e1nkoch a hlasovania v anket\u00e1ch.<\/li>\n<li>Registr\u00e1ciou na webe <em>\u201eevertonfc.cz\u201c<\/em>\u00a0 sa pou\u017e\u00edvate\u013e <strong>NEST\u00c1VA<\/strong> \u010dlenom ofici\u00e1lneho fanklubu. Na to je potrebn\u00e1 zvl\u00e1\u0161\u0165 registr\u00e1cia, ktor\u00e1 prebieha v\u017edy na za\u010diatku novej sez\u00f3ny &#8211; <a href=\"https:\/\/evertonfc.cz\/index.php\/jak-se-pridat\/\">Registr\u00e1cia TU!<\/a><\/li>\n<li>Vkladanie ak\u00fdchko\u013evek osobn\u00fdch \u00fadajov do svojho profilu po registr\u00e1cii na webe <em>\u201eevertonfc.cz\u201c<\/em> je pre pou\u017e\u00edvate\u013eov dobrovo\u013en\u00e9.<\/li>\n<li>Dobrovo\u013ene vlo\u017een\u00e9 osobn\u00e9 \u00fadaje pou\u017e\u00edvate\u013eov do ich profilov na webe <em>\u201eevertonfc.cz\u201c<\/em> nie s\u00fa nijak\u00fdm sp\u00f4sobom pou\u017e\u00edvan\u00e9 redakciou, okrem vyu\u017eitia ich mailovej adresy na kontaktovanie v pr\u00edpade potreby.<\/li>\n<li>Pri zapojen\u00ed sa pou\u017e\u00edvate\u013eov do diskusie je potrebn\u00e9 dodr\u017eiava\u0165 dole uveden\u00e9 pravidl\u00e1.<\/li>\n<\/ul>\n<p><strong>Pravidl\u00e1 diskusie pou\u017e\u00edvate\u013eov<\/strong><\/p>\n<p>Na na\u0161ich str\u00e1nkach sa sna\u017e\u00edme pestova\u0165 tolerantn\u00fa kult\u00faru, vz\u00e1jomn\u00fa \u00factu a re\u0161pekt k odli\u0161n\u00fdm n\u00e1zorom. T\u00fdm chceme predch\u00e1dza\u0165 zbyto\u010dne ostrej v\u00fdmene n\u00e1zorov. Na webe <em>\u201eevertonfc.cz\u201c<\/em>\u00a0 aj preto plat\u00ed:<\/p>\n<ul>\n<li>Z\u00e1kaz vulg\u00e1rne nad\u00e1va\u0165, \u010di in\u00fdm sp\u00f4sobom ur\u00e1\u017ea\u0165 ostatn\u00fdch pou\u017e\u00edvate\u013eov webu <em>\u201eevertonfc.cz\u201c<\/em>.<\/li>\n<li>Z\u00e1kaz propagova\u0165 n\u00e1silie a podnecova\u0165 nen\u00e1vis\u0165 na z\u00e1klade pohlavia, rasy, farby pleti, jazyka, viery a n\u00e1bo\u017eenstva, sexu\u00e1lnej orient\u00e1cie, politick\u00e9ho \u010di in\u00e9ho zm\u00fd\u0161\u013eania, soci\u00e1lneho p\u00f4vodu, pr\u00edslu\u0161nosti k n\u00e1rodnosti alebo k etnickej skupine.<\/li>\n<li>Z\u00e1kaz zverej\u0148ova\u0165 pr\u00edspevky s erotick\u00fdm obsahom.<\/li>\n<li>Z\u00e1kaz propag\u00e1cie cudzej reklamy a hazardu, \u010di inej formy ne\u017eiad\u00faceho spamu.<\/li>\n<li>Obsah vlo\u017een\u00fdch pr\u00edspevkov v diskusii je subjekt\u00edvnym n\u00e1zorom autora a nemus\u00ed sa zhodova\u0165 s n\u00e1zorom redakcie webu <em>\u201eevertonfc.cz\u201c<\/em>.<\/li>\n<li>V pr\u00edpade poru\u0161enia t\u00fdchto pravidiel si web <em>\u201eevertonfc.cz\u201c<\/em> vyhradzuje pr\u00e1vo vymaza\u0165 pou\u017e\u00edvate\u013esk\u00fd pr\u00edspevok, zablokova\u0165 alebo vymaza\u0165 pou\u017e\u00edvate\u013esk\u00e9 konto. V extr\u00e9mnych pr\u00edpadoch aj celkov\u00e9 zablokovanie pr\u00edstupu po\u017e\u00edvate\u013ea na tieto webov\u00e9 str\u00e1nky.<\/li>\n<\/ul>\n<p style=\"text-align: right;\"><span style=\"font-size: 8pt;\">(posledn\u00e1 aktualiz\u00e1cia: 25.11.2020)<\/span><\/p>\n<p>Ak m\u00e1te nejak\u00e9 v\u00fdhrady, pripomienky, ot\u00e1zky alebo ponuky na vz\u00e1jomn\u00fa spolupr\u00e1cu, nap\u00ed\u0161te n\u00e1m, pros\u00edm v\u00e1s, na n\u00e1\u0161 redak\u010dn\u00fd e-mail: <strong><a href=\"mailto:czskevertonians@gmail.com\">czskevertonians@gmail.com<\/a><\/strong><\/p>\n","protected":false},"excerpt":{"rendered":"<p>O n\u00e1s: Webstr\u00e1nka \u201eevertonfc.cz\u201c bola vytvoren\u00e1 z d\u00f4vodu roz\u0161irovania povedomia a z\u00e1kladne fan\u00fa\u0161ikov anglick\u00e9ho futbalov\u00e9ho klubu Everton FC v \u010ceskej&hellip;<\/p>\n","protected":false},"author":1,"featured_media":10664,"parent":0,"menu_order":0,"comment_status":"closed","ping_status":"closed","template":"","meta":{"_eb_attr":"","_monsterinsights_skip_tracking":false,"_monsterinsights_sitenote_active":false,"_monsterinsights_sitenote_note":"","_monsterinsights_sitenote_category":0,"footnotes":""},"yoast_head":"<!-- This site is optimized with the Yoast SEO plugin v23.4 - https:\/\/yoast.com\/wordpress\/plugins\/seo\/ -->\n<title>O webu a podm\u00ednky u\u017eit\u00ed - Official Czech &amp; Slovak Everton Supporters&#039; Club<\/title>\n<meta name=\"robots\" content=\"index, follow, max-snippet:-1, max-image-preview:large, max-video-preview:-1\" \/>\n<link rel=\"canonical\" href=\"https:\/\/evertonfc.cz\/index.php\/o-webu-a-podminky-uziti\/\" \/>\n<meta property=\"og:locale\" content=\"cs_CZ\" \/>\n<meta property=\"og:type\" content=\"article\" \/>\n<meta property=\"og:title\" content=\"O webu a podm\u00ednky u\u017eit\u00ed - Official Czech &amp; Slovak Everton Supporters&#039; Club\" \/>\n<meta property=\"og:description\" content=\"O n\u00e1s: Webstr\u00e1nka \u201eevertonfc.cz\u201c bola vytvoren\u00e1 z d\u00f4vodu roz\u0161irovania povedomia a z\u00e1kladne fan\u00fa\u0161ikov anglick\u00e9ho futbalov\u00e9ho klubu Everton FC v \u010ceskej&hellip;\" \/>\n<meta property=\"og:url\" content=\"https:\/\/evertonfc.cz\/index.php\/o-webu-a-podminky-uziti\/\" \/>\n<meta property=\"og:site_name\" content=\"Official Czech &amp; Slovak Everton Supporters&#039; Club\" \/>\n<meta property=\"article:publisher\" content=\"https:\/\/www.facebook.com\/everton.fans.cz.sk\" \/>\n<meta property=\"article:modified_time\" content=\"2021-02-24T16:48:27+00:00\" \/>\n<meta property=\"og:image\" content=\"https:\/\/evertonfc.cz\/wp-content\/uploads\/2020\/03\/Everton-wide-logo.png\" \/>\n\t<meta property=\"og:image:width\" content=\"720\" \/>\n\t<meta property=\"og:image:height\" content=\"220\" \/>\n\t<meta property=\"og:image:type\" content=\"image\/png\" \/>\n<meta name=\"twitter:card\" content=\"summary_large_image\" \/>\n<meta name=\"twitter:label1\" content=\"Odhadovan\u00e1 doba \u010dten\u00ed\" \/>\n\t<meta name=\"twitter:data1\" content=\"3 minuty\" \/>\n<script type=\"application\/ld+json\" class=\"yoast-schema-graph\">{\"@context\":\"https:\/\/schema.org\",\"@graph\":[{\"@type\":\"WebPage\",\"@id\":\"https:\/\/evertonfc.cz\/index.php\/o-webu-a-podminky-uziti\/\",\"url\":\"https:\/\/evertonfc.cz\/index.php\/o-webu-a-podminky-uziti\/\",\"name\":\"O webu a podm\u00ednky u\u017eit\u00ed - Official Czech &amp; Slovak Everton Supporters&#039; Club\",\"isPartOf\":{\"@id\":\"https:\/\/evertonfc.cz\/#website\"},\"primaryImageOfPage\":{\"@id\":\"https:\/\/evertonfc.cz\/index.php\/o-webu-a-podminky-uziti\/#primaryimage\"},\"image\":{\"@id\":\"https:\/\/evertonfc.cz\/index.php\/o-webu-a-podminky-uziti\/#primaryimage\"},\"thumbnailUrl\":\"https:\/\/evertonfc.cz\/wp-content\/uploads\/2020\/03\/Everton-wide-logo.png\",\"datePublished\":\"2020-03-28T10:36:51+00:00\",\"dateModified\":\"2021-02-24T16:48:27+00:00\",\"breadcrumb\":{\"@id\":\"https:\/\/evertonfc.cz\/index.php\/o-webu-a-podminky-uziti\/#breadcrumb\"},\"inLanguage\":\"cs\",\"potentialAction\":[{\"@type\":\"ReadAction\",\"target\":[\"https:\/\/evertonfc.cz\/index.php\/o-webu-a-podminky-uziti\/\"]}]},{\"@type\":\"ImageObject\",\"inLanguage\":\"cs\",\"@id\":\"https:\/\/evertonfc.cz\/index.php\/o-webu-a-podminky-uziti\/#primaryimage\",\"url\":\"https:\/\/evertonfc.cz\/wp-content\/uploads\/2020\/03\/Everton-wide-logo.png\",\"contentUrl\":\"https:\/\/evertonfc.cz\/wp-content\/uploads\/2020\/03\/Everton-wide-logo.png\",\"width\":720,\"height\":220},{\"@type\":\"BreadcrumbList\",\"@id\":\"https:\/\/evertonfc.cz\/index.php\/o-webu-a-podminky-uziti\/#breadcrumb\",\"itemListElement\":[{\"@type\":\"ListItem\",\"position\":1,\"name\":\"Home\",\"item\":\"https:\/\/evertonfc.cz\/\"},{\"@type\":\"ListItem\",\"position\":2,\"name\":\"O webu a podm\u00ednky u\u017eit\u00ed\"}]},{\"@type\":\"WebSite\",\"@id\":\"https:\/\/evertonfc.cz\/#website\",\"url\":\"https:\/\/evertonfc.cz\/\",\"name\":\"Official Czech &amp; Slovak Everton Supporters&#039; Club\",\"description\":\"\",\"publisher\":{\"@id\":\"https:\/\/evertonfc.cz\/#organization\"},\"potentialAction\":[{\"@type\":\"SearchAction\",\"target\":{\"@type\":\"EntryPoint\",\"urlTemplate\":\"https:\/\/evertonfc.cz\/?s={search_term_string}\"},\"query-input\":{\"@type\":\"PropertyValueSpecification\",\"valueRequired\":true,\"valueName\":\"search_term_string\"}}],\"inLanguage\":\"cs\"},{\"@type\":\"Organization\",\"@id\":\"https:\/\/evertonfc.cz\/#organization\",\"name\":\"Official Czech & Slovak Everton Supporters' Club\",\"url\":\"https:\/\/evertonfc.cz\/\",\"logo\":{\"@type\":\"ImageObject\",\"inLanguage\":\"cs\",\"@id\":\"https:\/\/evertonfc.cz\/#\/schema\/logo\/image\/\",\"url\":\"https:\/\/evertonfc.cz\/wp-content\/uploads\/2019\/05\/logo.png\",\"contentUrl\":\"https:\/\/evertonfc.cz\/wp-content\/uploads\/2019\/05\/logo.png\",\"width\":112,\"height\":112,\"caption\":\"Official Czech & Slovak Everton Supporters' Club\"},\"image\":{\"@id\":\"https:\/\/evertonfc.cz\/#\/schema\/logo\/image\/\"},\"sameAs\":[\"https:\/\/www.facebook.com\/everton.fans.cz.sk\"]}]}<\/script>\n<!-- \/ Yoast SEO plugin. -->","yoast_head_json":{"title":"O webu a podm\u00ednky u\u017eit\u00ed - Official Czech &amp; Slovak Everton Supporters&#039; Club","robots":{"index":"index","follow":"follow","max-snippet":"max-snippet:-1","max-image-preview":"max-image-preview:large","max-video-preview":"max-video-preview:-1"},"canonical":"https:\/\/evertonfc.cz\/index.php\/o-webu-a-podminky-uziti\/","og_locale":"cs_CZ","og_type":"article","og_title":"O webu a podm\u00ednky u\u017eit\u00ed - Official Czech &amp; Slovak Everton Supporters&#039; Club","og_description":"O n\u00e1s: Webstr\u00e1nka \u201eevertonfc.cz\u201c bola vytvoren\u00e1 z d\u00f4vodu roz\u0161irovania povedomia a z\u00e1kladne fan\u00fa\u0161ikov anglick\u00e9ho futbalov\u00e9ho klubu Everton FC v \u010ceskej&hellip;","og_url":"https:\/\/evertonfc.cz\/index.php\/o-webu-a-podminky-uziti\/","og_site_name":"Official Czech &amp; Slovak Everton Supporters&#039; Club","article_publisher":"https:\/\/www.facebook.com\/everton.fans.cz.sk","article_modified_time":"2021-02-24T16:48:27+00:00","og_image":[{"width":720,"height":220,"url":"https:\/\/evertonfc.cz\/wp-content\/uploads\/2020\/03\/Everton-wide-logo.png","type":"image\/png"}],"twitter_card":"summary_large_image","twitter_misc":{"Odhadovan\u00e1 doba \u010dten\u00ed":"3 minuty"},"schema":{"@context":"https:\/\/schema.org","@graph":[{"@type":"WebPage","@id":"https:\/\/evertonfc.cz\/index.php\/o-webu-a-podminky-uziti\/","url":"https:\/\/evertonfc.cz\/index.php\/o-webu-a-podminky-uziti\/","name":"O webu a podm\u00ednky u\u017eit\u00ed - Official Czech &amp; Slovak Everton Supporters&#039; Club","isPartOf":{"@id":"https:\/\/evertonfc.cz\/#website"},"primaryImageOfPage":{"@id":"https:\/\/evertonfc.cz\/index.php\/o-webu-a-podminky-uziti\/#primaryimage"},"image":{"@id":"https:\/\/evertonfc.cz\/index.php\/o-webu-a-podminky-uziti\/#primaryimage"},"thumbnailUrl":"https:\/\/evertonfc.cz\/wp-content\/uploads\/2020\/03\/Everton-wide-logo.png","datePublished":"2020-03-28T10:36:51+00:00","dateModified":"2021-02-24T16:48:27+00:00","breadcrumb":{"@id":"https:\/\/evertonfc.cz\/index.php\/o-webu-a-podminky-uziti\/#breadcrumb"},"inLanguage":"cs","potentialAction":[{"@type":"ReadAction","target":["https:\/\/evertonfc.cz\/index.php\/o-webu-a-podminky-uziti\/"]}]},{"@type":"ImageObject","inLanguage":"cs","@id":"https:\/\/evertonfc.cz\/index.php\/o-webu-a-podminky-uziti\/#primaryimage","url":"https:\/\/evertonfc.cz\/wp-content\/uploads\/2020\/03\/Everton-wide-logo.png","contentUrl":"https:\/\/evertonfc.cz\/wp-content\/uploads\/2020\/03\/Everton-wide-logo.png","width":720,"height":220},{"@type":"BreadcrumbList","@id":"https:\/\/evertonfc.cz\/index.php\/o-webu-a-podminky-uziti\/#breadcrumb","itemListElement":[{"@type":"ListItem","position":1,"name":"Home","item":"https:\/\/evertonfc.cz\/"},{"@type":"ListItem","position":2,"name":"O webu a podm\u00ednky u\u017eit\u00ed"}]},{"@type":"WebSite","@id":"https:\/\/evertonfc.cz\/#website","url":"https:\/\/evertonfc.cz\/","name":"Official Czech &amp; Slovak Everton Supporters&#039; Club","description":"","publisher":{"@id":"https:\/\/evertonfc.cz\/#organization"},"potentialAction":[{"@type":"SearchAction","target":{"@type":"EntryPoint","urlTemplate":"https:\/\/evertonfc.cz\/?s={search_term_string}"},"query-input":{"@type":"PropertyValueSpecification","valueRequired":true,"valueName":"search_term_string"}}],"inLanguage":"cs"},{"@type":"Organization","@id":"https:\/\/evertonfc.cz\/#organization","name":"Official Czech & Slovak Everton Supporters' Club","url":"https:\/\/evertonfc.cz\/","logo":{"@type":"ImageObject","inLanguage":"cs","@id":"https:\/\/evertonfc.cz\/#\/schema\/logo\/image\/","url":"https:\/\/evertonfc.cz\/wp-content\/uploads\/2019\/05\/logo.png","contentUrl":"https:\/\/evertonfc.cz\/wp-content\/uploads\/2019\/05\/logo.png","width":112,"height":112,"caption":"Official Czech & Slovak Everton Supporters' Club"},"image":{"@id":"https:\/\/evertonfc.cz\/#\/schema\/logo\/image\/"},"sameAs":["https:\/\/www.facebook.com\/everton.fans.cz.sk"]}]}},"_links":{"self":[{"href":"https:\/\/evertonfc.cz\/index.php\/wp-json\/wp\/v2\/pages\/10659"}],"collection":[{"href":"https:\/\/evertonfc.cz\/index.php\/wp-json\/wp\/v2\/pages"}],"about":[{"href":"https:\/\/evertonfc.cz\/index.php\/wp-json\/wp\/v2\/types\/page"}],"author":[{"embeddable":true,"href":"https:\/\/evertonfc.cz\/index.php\/wp-json\/wp\/v2\/users\/1"}],"replies":[{"embeddable":true,"href":"https:\/\/evertonfc.cz\/index.php\/wp-json\/wp\/v2\/comments?post=10659"}],"version-history":[{"count":13,"href":"https:\/\/evertonfc.cz\/index.php\/wp-json\/wp\/v2\/pages\/10659\/revisions"}],"predecessor-version":[{"id":14347,"href":"https:\/\/evertonfc.cz\/index.php\/wp-json\/wp\/v2\/pages\/10659\/revisions\/14347"}],"wp:featuredmedia":[{"embeddable":true,"href":"https:\/\/evertonfc.cz\/index.php\/wp-json\/wp\/v2\/media\/10664"}],"wp:attachment":[{"href":"https:\/\/evertonfc.cz\/index.php\/wp-json\/wp\/v2\/media?parent=10659"}],"curies":[{"name":"wp","href":"https:\/\/api.w.org\/{rel}","templated":true}]}}