{"id":1116,"date":"2019-01-06T21:37:55","date_gmt":"2019-01-06T20:37:55","guid":{"rendered":"http:\/\/evertonfc.cz\/?page_id=1116"},"modified":"2019-01-24T19:01:19","modified_gmt":"2019-01-24T18:01:19","slug":"louis-saha","status":"publish","type":"page","link":"https:\/\/evertonfc.cz\/index.php\/soupiska\/louis-saha\/","title":{"rendered":"Louis Laurent Saha"},"content":{"rendered":"<p><strong><img loading=\"lazy\" decoding=\"async\" style=\"float: right; margin-left: 10px; margin-right: 10px;\" src=\"http:\/\/evertonfc.cz\/wp-content\/uploads\/2019\/01\/saha.jpg\" alt=\"\" width=\"80\" height=\"83\" \/>Narozen:<\/strong>\u00a008. 08. 1978, Pa\u0159\u00ed\u017e, Francie<strong><br \/>\nV\u00fd\u0161ka:<\/strong>\u00a0185 cm<br \/>\n<strong>V\u00e1ha:<\/strong>\u00a086 kg<br \/>\n<strong>Post:<\/strong>\u00a0\u00dato\u010dn\u00edk<br \/>\n<strong>V EFC od:<\/strong>\u00a001. 09. 2008<br \/>\n<strong>Do:<\/strong>\u00a031. 01. 2012<\/p>\n<hr \/>\n<p>Louis Laurent Saha je t\u00edm nejzvu\u010dn\u011bj\u0161\u00edm jm\u00e9nem, kter\u00e9 v l\u00e9t\u011b 2008 na Goodison Park zam\u00ed\u0159ilo. Saha za\u010d\u00ednal s fotbalem v Metz, kde v letech 1996-1998 nastupoval za juniorku. Pot\u00e9 se mlad\u00fd Saha probojoval do prvn\u00edho t\u00fdmu, kde p\u016fsobil celkem dva roky a kde si zad\u011blal na kari\u00e9ru v\u00fdborn\u00e9ho \u00fato\u010dn\u00edka. V roce 1999 p\u0159i\u0161el prvn\u00ed kontakt s ostrovn\u00edm fotbalem, kdy\u017e Louis putoval na hostov\u00e1n\u00ed do Newcastlu. Tam ale moc neoslnil. V jeden\u00e1cti z\u00e1pasech sta\u010dil d\u00e1t jen jednu branku. Ale ani po n\u00e1vratu do Metz, nevydr\u017eel dlouho na jednom m\u00edst\u011b.<\/p>\n<p>O mlad\u00e9ho \u00fato\u010dn\u00edka usiloval Fulham, kter\u00e9mu se jej poda\u0159ilo z\u00edskat za dva miliony liber. Pr\u00e1v\u011b Fulhamu, m\u016f\u017ee vd\u011b\u010dit za jednu z nej\u00fasp\u011b\u0161n\u011bj\u0161\u00edch epizod sv\u00e9 fotbalov\u00e9 kari\u00e9ry. V Lond\u00fdn\u011b pobyl celkov\u011b \u010dty\u0159i roky. V prvn\u00ed sezon\u011b vst\u0159elil ve v\u0161ech sout\u011b\u017e\u00edch neuv\u011b\u0159iteln\u00fdch 44 branek. Sezona 2002\/03 byl slab\u0161\u00ed, v t\u00e9 sk\u00f3roval pouze 7x. V posledn\u00ed sezon\u011b za Cottagers ale vst\u0159elil 22 branek a z\u00e1jem ze strany velk\u00fdch klub\u016f nar\u016fstal. Saha se rozhodl setrvat na ostrovech a za t\u00e9m\u011b\u0159 13 milion\u016f liber \u0161el v lednu 2004 za nejv\u011bt\u0161\u00ed v\u00fdzvou kari\u00e9ry &#8211; Manchesterem United.<\/p>\n<p>Fulham sic neochotn\u011b, s podm\u00ednkami souhlasil. Saha se v Manchesteru uvedl velmi dob\u0159e. V prvn\u00edch 10 z\u00e1pasech dal 7 branek. Na konci \u00fanora 2004 se trefil i proti b\u00fdv\u00e1l\u00e9mu p\u016fsobi\u0161ti \u2013 Fulhamu. Sezona 2004\/05 se pro Sahu nevyv\u00edjela v\u016fbec dob\u0159e. Nastoupil v n\u00ed pouze jeden\u00e1ctkr\u00e1t, za co\u017e m\u016f\u017ee pod\u011bkovat vlekl\u00fdm zran\u011bn\u00edm. T\u011bch u\u017e se nikdy po\u0159\u00e1dn\u011b nezbavil. Po vyl\u00e9\u010den\u00ed z jednoho z mnoha zran\u011bn\u00ed, se vr\u00e1til v listopadu 2005 a v\u0161echny ohromil dobrou st\u0159eleckou formou. P\u0159\u00edle\u017eitosti dost\u00e1val zejm\u00e9na v Ligov\u00e9m poh\u00e1ru, ve kter\u00e9m dok\u00e1zal nast\u0159\u00edlet 6 g\u00f3l\u016f. Saha tak o sob\u011b d\u00e1val znovu v\u011bd\u011bt a pro Sira Alexe Fergusona se stal prvn\u00ed volbou do \u016ftoku k Waynu Rooneymu. B\u011bhem sezony 2005\/06 tedy vst\u0159elil 15 g\u00f3l\u016f a i v pl\u00e1nech pro p\u0159\u00ed\u0161t\u00ed seonu s n\u00edm Ferguson po\u010d\u00edtal do z\u00e1kladn\u00ed sestavy. Ro\u010dn\u00edk 2006\/07 za\u010dal Saha skv\u011ble a v prosinci podepsal nov\u00fd kontrakt do roku 2010. Jen\u017ee pak p\u0159i\u0161la dal\u0161\u00ed \u0159ada zran\u011bn\u00ed. Kdy\u017e u\u017e se Saha dal do kupy, v utk\u00e1n\u00ed Ligy Mistr\u016f, proti AS \u0158\u00edm, si znovu p\u0159ivodil zran\u011bn\u00ed kolene. Sezonu zakon\u010dil na patn\u00e1cti g\u00f3lech ale to jen d\u00edky skv\u011bl\u00e9 podzimn\u00ed form\u011b. V minul\u00e9 sezon\u011b slou\u017eil Lousi jako n\u00e1hradn\u00edk a zran\u011bn\u00ed se jej po\u0159\u00e1d dr\u017eela. P\u0159esto ale vid\u011bl svou budoucnost i nad\u00e1le na Old Trafford.<\/p>\n<p>Nakonec dal ale na slova Alexe Fergusona a po 120 z\u00e1pasech, v nich\u017e doc\u00edlil 42 branek, p\u0159ijmul nab\u00eddku Evertonu. P\u0159estupov\u00e1 \u010d\u00e1stka nebyl zve\u0159ejn\u011bna, jist\u00e9 bylo jen to, \u017ee Saha bude hr\u00e1\u010dem Evertonu minim\u00e1ln\u011b dv\u011b sezony.<\/p>\n<p>I v prvn\u00ed sezon\u011b v modr\u00e9m dresu Francouze tr\u00e1pila zran\u011bn\u00ed. I d\u00edky nim nast\u0159\u00edlel &#8222;pouze&#8220; 9 branek. N\u00e1sleduj\u00edc\u00ed rok u\u017e to bylo o n\u011bco lep\u0161\u00ed, Sahovi se celkem vyh\u00fdbala zran\u011bn\u00ed, a tak nastoupil v sez\u00f3n\u011b ke 40 utk\u00e1n\u00edm, co\u017e je na n\u011bj velmi dobr\u00e9 \u010d\u00edslo. Nav\u00edc p\u0159idal 15 branek, k \u00fapln\u00e9 spokojenosti chyb\u011bla u\u017e jen lep\u0161\u00ed druh\u00e1 polovina sez\u00f3ny.<\/p>\n<p>V prvn\u00ed \u010d\u00e1sti sez\u00f3ny 2010\/11 Saha p\u0159ipom\u00ednal \u010dlov\u011bka ve stavu hibernace. Sice ho netr\u00e1pila zran\u011bn\u00ed, ale zato utrp\u011bla jeho st\u0159eleck\u00e1 potence. Trefil se a\u017e v lednu . t\u00e9m\u011b\u0159 po ro\u010dn\u00ed pauze. G\u00f3l ho viditeln\u011b povzbudil, proto\u017ee za\u010dal \u0159\u00e1dit jako za star\u00fdch \u010das\u016f, sv\u00e9 o tom v\u00ed hlavn\u011b Blackpool, kter\u00fd Saha ve vz\u00e1jemn\u00e9m z\u00e1pase pozdravil \u010dty\u0159ikr\u00e1t. V b\u0159eznu v\u0161ak o\u010dek\u00e1van\u011b p\u0159i\u0161lo dal\u0161\u00ed zran\u011bn\u00ed, kv\u016fli n\u011bmu\u017e pro n\u011bj ro\u010dn\u00edk skon\u010dil.<\/p>\n<p>Sez\u00f3na 2011\/12 ho nezastihla v dobr\u00e9 hern\u00ed pohod\u011b. Vyh\u00fdbala se mu zran\u011bn\u00ed, sv\u016fj brankostroj v\u0161ak nepustil. Nastoupil k 20 z\u00e1pas\u016fm, vst\u0159elil jen dv\u011b branky. P\u0159esto po n\u011bm p\u0159ekvapiv\u011b v zimn\u00edm p\u0159estupov\u00e9m okn\u011b \u0161\u00e1hnul Tottenham, jen\u017e ho p\u016fl roku p\u0159ed vypr\u0161en\u00ed smlouvy koupil za nezve\u0159ejn\u011bnou \u010d\u00e1stku. Everton Saha opou\u0161t\u00ed v nelichotiv\u00e9 \u0161\u0148\u016f\u0159e 13 utk\u00e1n\u00ed bez vst\u0159elen\u00e9ho g\u00f3lu. Celkem za EFC odehr\u00e1l 115 st\u0159etnut\u00ed a 35x se radoval z branky.<\/p>\n<p>V Tottenhamu za\u010dal velmi dob\u0159e, postupn\u011b v\u0161ak nastal \u00fatlum a nakonec za p\u016flroku nasko\u010dil do 11 z\u00e1pas\u016f a vst\u0159elil \u010dty\u0159i branky, \u010d\u00edm\u017e p\u0159isp\u011bl ke kone\u010dn\u00e9mu 4. m\u00edstu Spurs. V l\u00e9t\u011b 2012 zam\u00ed\u0159il jako voln\u00fd hr\u00e1\u010d do Sunderlandu, kde vydr\u017eel jen polovinu ro\u010dn\u00edku. Ani jednou nesk\u00f3roval a na h\u0159i\u0161t\u011b se dost\u00e1val pouze z lavi\u010dky. Lep\u0161\u00ed situaci nenastala na ja\u0159e 2013 ani v \u0159\u00edmsk\u00e9m Laziu. Po italsk\u00e9m anga\u017em\u00e1 ukon\u010dil v l\u00e9t\u011b 2013 ve v\u011bku 35 let aktivn\u00ed kari\u00e9ru.<\/p>\n","protected":false},"excerpt":{"rendered":"<p>Narozen:\u00a008. 08. 1978, Pa\u0159\u00ed\u017e, Francie V\u00fd\u0161ka:\u00a0185 cm V\u00e1ha:\u00a086 kg Post:\u00a0\u00dato\u010dn\u00edk V EFC od:\u00a001. 09. 2008 Do:\u00a031. 01. 2012 Louis Laurent&hellip;<\/p>\n","protected":false},"author":6,"featured_media":0,"parent":70,"menu_order":0,"comment_status":"closed","ping_status":"closed","template":"","meta":{"_eb_attr":"","_monsterinsights_skip_tracking":false,"_monsterinsights_sitenote_active":false,"_monsterinsights_sitenote_note":"","_monsterinsights_sitenote_category":0,"footnotes":""},"yoast_head":"<!-- This site is optimized with the Yoast SEO plugin v23.4 - https:\/\/yoast.com\/wordpress\/plugins\/seo\/ -->\n<title>Louis Laurent Saha - Official Czech &amp; Slovak Everton Supporters&#039; Club<\/title>\n<meta name=\"robots\" content=\"index, follow, max-snippet:-1, max-image-preview:large, max-video-preview:-1\" \/>\n<link rel=\"canonical\" href=\"https:\/\/evertonfc.cz\/index.php\/soupiska\/louis-saha\/\" \/>\n<meta property=\"og:locale\" content=\"cs_CZ\" \/>\n<meta property=\"og:type\" content=\"article\" \/>\n<meta property=\"og:title\" content=\"Louis Laurent Saha - Official Czech &amp; Slovak Everton Supporters&#039; Club\" \/>\n<meta property=\"og:description\" content=\"Narozen:\u00a008. 08. 1978, Pa\u0159\u00ed\u017e, Francie V\u00fd\u0161ka:\u00a0185 cm V\u00e1ha:\u00a086 kg Post:\u00a0\u00dato\u010dn\u00edk V EFC od:\u00a001. 09. 2008 Do:\u00a031. 01. 2012 Louis Laurent&hellip;\" \/>\n<meta property=\"og:url\" content=\"https:\/\/evertonfc.cz\/index.php\/soupiska\/louis-saha\/\" \/>\n<meta property=\"og:site_name\" content=\"Official Czech &amp; Slovak Everton Supporters&#039; Club\" \/>\n<meta property=\"article:publisher\" content=\"https:\/\/www.facebook.com\/everton.fans.cz.sk\" \/>\n<meta property=\"article:modified_time\" content=\"2019-01-24T18:01:19+00:00\" \/>\n<meta property=\"og:image\" content=\"http:\/\/evertonfc.cz\/wp-content\/uploads\/2019\/01\/saha.jpg\" \/>\n<meta name=\"twitter:card\" content=\"summary_large_image\" \/>\n<meta name=\"twitter:label1\" content=\"Odhadovan\u00e1 doba \u010dten\u00ed\" \/>\n\t<meta name=\"twitter:data1\" content=\"5 minut\" \/>\n<script type=\"application\/ld+json\" class=\"yoast-schema-graph\">{\"@context\":\"https:\/\/schema.org\",\"@graph\":[{\"@type\":\"WebPage\",\"@id\":\"https:\/\/evertonfc.cz\/index.php\/soupiska\/louis-saha\/\",\"url\":\"https:\/\/evertonfc.cz\/index.php\/soupiska\/louis-saha\/\",\"name\":\"Louis Laurent Saha - Official Czech &amp; Slovak Everton Supporters&#039; Club\",\"isPartOf\":{\"@id\":\"https:\/\/evertonfc.cz\/#website\"},\"primaryImageOfPage\":{\"@id\":\"https:\/\/evertonfc.cz\/index.php\/soupiska\/louis-saha\/#primaryimage\"},\"image\":{\"@id\":\"https:\/\/evertonfc.cz\/index.php\/soupiska\/louis-saha\/#primaryimage\"},\"thumbnailUrl\":\"http:\/\/evertonfc.cz\/wp-content\/uploads\/2019\/01\/saha.jpg\",\"datePublished\":\"2019-01-06T20:37:55+00:00\",\"dateModified\":\"2019-01-24T18:01:19+00:00\",\"breadcrumb\":{\"@id\":\"https:\/\/evertonfc.cz\/index.php\/soupiska\/louis-saha\/#breadcrumb\"},\"inLanguage\":\"cs\",\"potentialAction\":[{\"@type\":\"ReadAction\",\"target\":[\"https:\/\/evertonfc.cz\/index.php\/soupiska\/louis-saha\/\"]}]},{\"@type\":\"ImageObject\",\"inLanguage\":\"cs\",\"@id\":\"https:\/\/evertonfc.cz\/index.php\/soupiska\/louis-saha\/#primaryimage\",\"url\":\"http:\/\/evertonfc.cz\/wp-content\/uploads\/2019\/01\/saha.jpg\",\"contentUrl\":\"http:\/\/evertonfc.cz\/wp-content\/uploads\/2019\/01\/saha.jpg\"},{\"@type\":\"BreadcrumbList\",\"@id\":\"https:\/\/evertonfc.cz\/index.php\/soupiska\/louis-saha\/#breadcrumb\",\"itemListElement\":[{\"@type\":\"ListItem\",\"position\":1,\"name\":\"Home\",\"item\":\"https:\/\/evertonfc.cz\/\"},{\"@type\":\"ListItem\",\"position\":2,\"name\":\"Soupiska\",\"item\":\"https:\/\/evertonfc.cz\/index.php\/soupiska\/\"},{\"@type\":\"ListItem\",\"position\":3,\"name\":\"Louis Laurent Saha\"}]},{\"@type\":\"WebSite\",\"@id\":\"https:\/\/evertonfc.cz\/#website\",\"url\":\"https:\/\/evertonfc.cz\/\",\"name\":\"Official Czech &amp; Slovak Everton Supporters&#039; Club\",\"description\":\"\",\"publisher\":{\"@id\":\"https:\/\/evertonfc.cz\/#organization\"},\"potentialAction\":[{\"@type\":\"SearchAction\",\"target\":{\"@type\":\"EntryPoint\",\"urlTemplate\":\"https:\/\/evertonfc.cz\/?s={search_term_string}\"},\"query-input\":{\"@type\":\"PropertyValueSpecification\",\"valueRequired\":true,\"valueName\":\"search_term_string\"}}],\"inLanguage\":\"cs\"},{\"@type\":\"Organization\",\"@id\":\"https:\/\/evertonfc.cz\/#organization\",\"name\":\"Official Czech & Slovak Everton Supporters' Club\",\"url\":\"https:\/\/evertonfc.cz\/\",\"logo\":{\"@type\":\"ImageObject\",\"inLanguage\":\"cs\",\"@id\":\"https:\/\/evertonfc.cz\/#\/schema\/logo\/image\/\",\"url\":\"https:\/\/evertonfc.cz\/wp-content\/uploads\/2019\/05\/logo.png\",\"contentUrl\":\"https:\/\/evertonfc.cz\/wp-content\/uploads\/2019\/05\/logo.png\",\"width\":112,\"height\":112,\"caption\":\"Official Czech & Slovak Everton Supporters' Club\"},\"image\":{\"@id\":\"https:\/\/evertonfc.cz\/#\/schema\/logo\/image\/\"},\"sameAs\":[\"https:\/\/www.facebook.com\/everton.fans.cz.sk\"]}]}<\/script>\n<!-- \/ Yoast SEO plugin. -->","yoast_head_json":{"title":"Louis Laurent Saha - Official Czech &amp; Slovak Everton Supporters&#039; Club","robots":{"index":"index","follow":"follow","max-snippet":"max-snippet:-1","max-image-preview":"max-image-preview:large","max-video-preview":"max-video-preview:-1"},"canonical":"https:\/\/evertonfc.cz\/index.php\/soupiska\/louis-saha\/","og_locale":"cs_CZ","og_type":"article","og_title":"Louis Laurent Saha - Official Czech &amp; Slovak Everton Supporters&#039; Club","og_description":"Narozen:\u00a008. 08. 1978, Pa\u0159\u00ed\u017e, Francie V\u00fd\u0161ka:\u00a0185 cm V\u00e1ha:\u00a086 kg Post:\u00a0\u00dato\u010dn\u00edk V EFC od:\u00a001. 09. 2008 Do:\u00a031. 01. 2012 Louis Laurent&hellip;","og_url":"https:\/\/evertonfc.cz\/index.php\/soupiska\/louis-saha\/","og_site_name":"Official Czech &amp; Slovak Everton Supporters&#039; Club","article_publisher":"https:\/\/www.facebook.com\/everton.fans.cz.sk","article_modified_time":"2019-01-24T18:01:19+00:00","og_image":[{"url":"http:\/\/evertonfc.cz\/wp-content\/uploads\/2019\/01\/saha.jpg"}],"twitter_card":"summary_large_image","twitter_misc":{"Odhadovan\u00e1 doba \u010dten\u00ed":"5 minut"},"schema":{"@context":"https:\/\/schema.org","@graph":[{"@type":"WebPage","@id":"https:\/\/evertonfc.cz\/index.php\/soupiska\/louis-saha\/","url":"https:\/\/evertonfc.cz\/index.php\/soupiska\/louis-saha\/","name":"Louis Laurent Saha - Official Czech &amp; Slovak Everton Supporters&#039; Club","isPartOf":{"@id":"https:\/\/evertonfc.cz\/#website"},"primaryImageOfPage":{"@id":"https:\/\/evertonfc.cz\/index.php\/soupiska\/louis-saha\/#primaryimage"},"image":{"@id":"https:\/\/evertonfc.cz\/index.php\/soupiska\/louis-saha\/#primaryimage"},"thumbnailUrl":"http:\/\/evertonfc.cz\/wp-content\/uploads\/2019\/01\/saha.jpg","datePublished":"2019-01-06T20:37:55+00:00","dateModified":"2019-01-24T18:01:19+00:00","breadcrumb":{"@id":"https:\/\/evertonfc.cz\/index.php\/soupiska\/louis-saha\/#breadcrumb"},"inLanguage":"cs","potentialAction":[{"@type":"ReadAction","target":["https:\/\/evertonfc.cz\/index.php\/soupiska\/louis-saha\/"]}]},{"@type":"ImageObject","inLanguage":"cs","@id":"https:\/\/evertonfc.cz\/index.php\/soupiska\/louis-saha\/#primaryimage","url":"http:\/\/evertonfc.cz\/wp-content\/uploads\/2019\/01\/saha.jpg","contentUrl":"http:\/\/evertonfc.cz\/wp-content\/uploads\/2019\/01\/saha.jpg"},{"@type":"BreadcrumbList","@id":"https:\/\/evertonfc.cz\/index.php\/soupiska\/louis-saha\/#breadcrumb","itemListElement":[{"@type":"ListItem","position":1,"name":"Home","item":"https:\/\/evertonfc.cz\/"},{"@type":"ListItem","position":2,"name":"Soupiska","item":"https:\/\/evertonfc.cz\/index.php\/soupiska\/"},{"@type":"ListItem","position":3,"name":"Louis Laurent Saha"}]},{"@type":"WebSite","@id":"https:\/\/evertonfc.cz\/#website","url":"https:\/\/evertonfc.cz\/","name":"Official Czech &amp; Slovak Everton Supporters&#039; Club","description":"","publisher":{"@id":"https:\/\/evertonfc.cz\/#organization"},"potentialAction":[{"@type":"SearchAction","target":{"@type":"EntryPoint","urlTemplate":"https:\/\/evertonfc.cz\/?s={search_term_string}"},"query-input":{"@type":"PropertyValueSpecification","valueRequired":true,"valueName":"search_term_string"}}],"inLanguage":"cs"},{"@type":"Organization","@id":"https:\/\/evertonfc.cz\/#organization","name":"Official Czech & Slovak Everton Supporters' Club","url":"https:\/\/evertonfc.cz\/","logo":{"@type":"ImageObject","inLanguage":"cs","@id":"https:\/\/evertonfc.cz\/#\/schema\/logo\/image\/","url":"https:\/\/evertonfc.cz\/wp-content\/uploads\/2019\/05\/logo.png","contentUrl":"https:\/\/evertonfc.cz\/wp-content\/uploads\/2019\/05\/logo.png","width":112,"height":112,"caption":"Official Czech & Slovak Everton Supporters' Club"},"image":{"@id":"https:\/\/evertonfc.cz\/#\/schema\/logo\/image\/"},"sameAs":["https:\/\/www.facebook.com\/everton.fans.cz.sk"]}]}},"_links":{"self":[{"href":"https:\/\/evertonfc.cz\/index.php\/wp-json\/wp\/v2\/pages\/1116"}],"collection":[{"href":"https:\/\/evertonfc.cz\/index.php\/wp-json\/wp\/v2\/pages"}],"about":[{"href":"https:\/\/evertonfc.cz\/index.php\/wp-json\/wp\/v2\/types\/page"}],"author":[{"embeddable":true,"href":"https:\/\/evertonfc.cz\/index.php\/wp-json\/wp\/v2\/users\/6"}],"replies":[{"embeddable":true,"href":"https:\/\/evertonfc.cz\/index.php\/wp-json\/wp\/v2\/comments?post=1116"}],"version-history":[{"count":3,"href":"https:\/\/evertonfc.cz\/index.php\/wp-json\/wp\/v2\/pages\/1116\/revisions"}],"predecessor-version":[{"id":1729,"href":"https:\/\/evertonfc.cz\/index.php\/wp-json\/wp\/v2\/pages\/1116\/revisions\/1729"}],"up":[{"embeddable":true,"href":"https:\/\/evertonfc.cz\/index.php\/wp-json\/wp\/v2\/pages\/70"}],"wp:attachment":[{"href":"https:\/\/evertonfc.cz\/index.php\/wp-json\/wp\/v2\/media?parent=1116"}],"curies":[{"name":"wp","href":"https:\/\/api.w.org\/{rel}","templated":true}]}}