{"id":12738,"date":"2020-10-29T12:15:09","date_gmt":"2020-10-29T11:15:09","guid":{"rendered":"https:\/\/evertonfc.cz\/?page_id=12738"},"modified":"2025-06-17T11:15:23","modified_gmt":"2025-06-17T09:15:23","slug":"zensky-tym","status":"publish","type":"page","link":"https:\/\/evertonfc.cz\/index.php\/zensky-tym\/","title":{"rendered":"\u017densk\u00fd t\u00fdm"},"content":{"rendered":"<h4 style=\"text-align: center;\"><span style=\"text-decoration: underline; font-size: 16pt;\"><strong>Sez\u00f3na 2024\/25:<\/strong><\/span><\/h4>\n<table style=\"width: 100%; height: 69px;\">\n<tbody>\n<tr style=\"height: 51px;\">\n<td style=\"width: 100%; height: 51px;\" colspan=\"3\">\n<h4>Brank\u00e1\u0159ky<\/h4>\n<\/td>\n<\/tr>\n<tr style=\"height: 50px;\">\n<td style=\"width: 33.3%; height: 18px;\">\n<ul style=\"list-style-type: circle;\">\n<li><strong>#1 <\/strong><a href=\"https:\/\/evertonfc.cz\/index.php\/2021\/07\/28\/prichazi-courtney-brosnan\/\"><strong>Courtney Brosnan<\/strong><\/a><\/li>\n<\/ul>\n<\/td>\n<td style=\"width: 33.3%; height: 18px;\">\n<ul style=\"list-style-type: circle;\">\n<li><strong>#12\u00a0<a href=\"https:\/\/evertonfc.cz\/index.php\/2022\/08\/05\/prichazi-emily-ramsey\/\">Emily Ramsey<\/a><\/strong><\/li>\n<\/ul>\n<\/td>\n<td style=\"width: 33.3%; height: 18px;\">\n<ul style=\"list-style-type: circle;\">\n<li><strong>#13 <a href=\"https:\/\/evertonfc.cz\/index.php\/news\/prichazi-libby-hart\/\">Libby Hart<\/a><\/strong><\/li>\n<\/ul>\n<\/td>\n<\/tr>\n<\/tbody>\n<\/table>\n<table style=\"width: 100%; height: 148px;\" align=\"center\">\n<tbody>\n<tr style=\"height: 51px;\">\n<td style=\"width: 99.9%; height: 51px;\" colspan=\"3\">\n<h4>Obr\u00e1nkyn\u011b<\/h4>\n<\/td>\n<\/tr>\n<tr style=\"height: 50px;\">\n<td style=\"width: 33.3%; height: 20px;\">\n<ul style=\"list-style-type: circle;\">\n<li><strong>#2<a href=\"https:\/\/evertonfc.cz\/index.php\/2022\/08\/11\/dalsi-posilou-pro-blue-girls-je-katrine-veje\/\">\u00a0Katerine Veje<\/a><\/strong><\/li>\n<\/ul>\n<\/td>\n<td style=\"width: 33.3%; height: 20px;\">\n<ul style=\"list-style-type: circle;\">\n<li><strong>#20 <\/strong>Megan Finnigan<\/li>\n<\/ul>\n<\/td>\n<td style=\"width: 33.3%; height: 20px;\">\n<ul style=\"list-style-type: circle;\">\n<li><strong>#23 <a href=\"https:\/\/evertonfc.cz\/index.php\/2022\/08\/05\/prichazi-sara-a-karen-holmgaard\/\">Sara Holmgaard<\/a><\/strong><\/li>\n<\/ul>\n<\/td>\n<\/tr>\n<tr style=\"height: 50px;\">\n<td style=\"width: 33.3%; height: 26px;\">\n<ul style=\"list-style-type: circle;\">\n<li><strong>#27 <a href=\"https:\/\/evertonfc.cz\/index.php\/2022\/09\/13\/prichazi-elise-stenevik\/\">Elise Stenevik<\/a><\/strong><\/li>\n<\/ul>\n<\/td>\n<td style=\"width: 33.3%; height: 26px;\">\n<ul style=\"list-style-type: circle;\">\n<li><strong>#30 <\/strong>Annie Wilding<\/li>\n<\/ul>\n<\/td>\n<td style=\"width: 33.3%; height: 26px;\">\n<ul style=\"list-style-type: circle;\">\n<li><strong>#39 <\/strong>Issy Hobson<\/li>\n<\/ul>\n<\/td>\n<\/tr>\n<\/tbody>\n<\/table>\n<table style=\"width: 100%; height: 67px;\" align=\"center\">\n<tbody>\n<tr style=\"height: 51px;\">\n<td style=\"width: 100%; height: 51px;\" colspan=\"3\">\n<h4>Z\u00e1lo\u017enice<\/h4>\n<\/td>\n<\/tr>\n<tr style=\"height: 50px;\">\n<td style=\"width: 33.3%; height: 16px;\">\n<ul style=\"list-style-type: circle;\">\n<li><strong>#7\u00a0<a href=\"https:\/\/evertonfc.cz\/index.php\/2022\/08\/19\/sedmou-letni-posilou-zenskeho-tymu-je-clare-wheeler\/\">Clare Wheeler<\/a><\/strong><\/li>\n<\/ul>\n<\/td>\n<td style=\"width: 33.3%; height: 16px;\">\n<ul style=\"list-style-type: circle;\">\n<li><strong>#8 <a href=\"https:\/\/evertonfc.cz\/index.php\/2023\/08\/18\/prichazi-karoline-olesen\/\">Justine Vanhaevermaet<\/a><\/strong><\/li>\n<\/ul>\n<\/td>\n<td style=\"width: 33.3%; height: 16px;\">\n<ul style=\"list-style-type: circle;\">\n<li><strong>#10 <a href=\"https:\/\/evertonfc.cz\/index.php\/2021\/08\/26\/prichazi-hanna-bennison\/\" target=\"_blank\" rel=\"noopener\">Hanna Bennison<\/a><\/strong><\/li>\n<\/ul>\n<\/td>\n<\/tr>\n<tr style=\"height: 50px;\">\n<td style=\"width: 33.3%; height: 18px;\">\n<ul style=\"list-style-type: circle;\">\n<li><strong>#11 <a href=\"https:\/\/evertonfc.cz\/index.php\/2023\/08\/02\/prichazi-emma-bissell\/\">Emma Bissell<\/a><\/strong><\/li>\n<\/ul>\n<\/td>\n<td style=\"width: 33.3%; height: 18px;\">\n<ul style=\"list-style-type: circle;\">\n<li><strong>#17 <\/strong>Lucy Hope (C)<\/li>\n<\/ul>\n<\/td>\n<td style=\"width: 33.3%; height: 18px;\">\n<ul style=\"list-style-type: circle;\">\n<li><strong>#19 <a href=\"https:\/\/evertonfc.cz\/index.php\/2023\/08\/27\/prichazi-heather-payne\/\">Heather Payne<\/a><\/strong><\/li>\n<\/ul>\n<\/td>\n<\/tr>\n<tr>\n<td style=\"width: 33.3%;\">\n<ul style=\"list-style-type: circle;\">\n<li><strong>#21 <a href=\"https:\/\/evertonfc.cz\/index.php\/2024\/01\/16\/prichazi-kathrine-moller-kuhl-a-rikke-madsen\/\">Kathrine K\u00fchl<\/a><\/strong><\/li>\n<\/ul>\n<\/td>\n<td style=\"width: 33.3%;\">\n<ul style=\"list-style-type: circle;\">\n<li><strong>#22\u00a0<a href=\"https:\/\/evertonfc.cz\/index.php\/2021\/08\/01\/prichazi-aurora-galli\/\">Aurora Galli<\/a><\/strong><\/li>\n<\/ul>\n<\/td>\n<td style=\"width: 33.3%;\">\n<ul style=\"list-style-type: circle;\">\n<li><strong>#28 <a href=\"https:\/\/evertonfc.cz\/index.php\/2022\/08\/05\/prichazi-sara-a-karen-holmgaard\/\">Karen Holmgaard<\/a><\/strong><\/li>\n<\/ul>\n<\/td>\n<\/tr>\n<tr>\n<td style=\"width: 33.3%;\">\n<ul style=\"list-style-type: circle;\">\n<li><strong>#40 <\/strong>Macy Settle<\/li>\n<\/ul>\n<\/td>\n<td style=\"width: 33.3%;\">\n<ul style=\"list-style-type: circle;\">\n<li><strong>#47 <a href=\"https:\/\/evertonfc.cz\/index.php\/2023\/08\/18\/prichazi-karoline-olesen\/\">Karoline Olesen<\/a><\/strong><\/li>\n<\/ul>\n<\/td>\n<td style=\"width: 33.3%;\"><strong>\u00a0<\/strong><\/td>\n<\/tr>\n<\/tbody>\n<\/table>\n<table style=\"width: 100%; height: 103px;\" align=\"center\">\n<tbody>\n<tr style=\"height: 51px;\">\n<td style=\"width: 99.9%; height: 51px;\" colspan=\"3\">\n<h4>\u00dato\u010dnice<\/h4>\n<\/td>\n<\/tr>\n<tr style=\"height: 50px;\">\n<td style=\"width: 33.3%; height: 39px;\">\n<ul style=\"list-style-type: circle;\">\n<li><strong>#9 <a href=\"https:\/\/evertonfc.cz\/index.php\/2021\/07\/09\/prichazi-toni-duggan\/\">Toni Duggan<\/a><\/strong><\/li>\n<\/ul>\n<\/td>\n<td style=\"width: 33.3%; height: 39px;\">\n<ul style=\"list-style-type: circle;\">\n<li><strong>#15 <a href=\"https:\/\/evertonfc.cz\/index.php\/news\/prichazi-eleanor-dale\/\">Eleanor Dale<\/a><\/strong><\/li>\n<\/ul>\n<\/td>\n<td style=\"width: 33.3%; height: 39px;\">\n<ul style=\"list-style-type: circle;\">\n<li><strong>#18 <a href=\"https:\/\/evertonfc.cz\/index.php\/2023\/07\/09\/prichazi-martina-piemonte\/\">Martina Piemonte<\/a><\/strong><\/li>\n<\/ul>\n<\/td>\n<\/tr>\n<tr style=\"height: 50px;\">\n<td style=\"width: 33.3%; height: 13px;\">\n<ul style=\"list-style-type: circle;\">\n<li><span class=\"fn\"><strong>#25\u00a0<a href=\"https:\/\/evertonfc.cz\/index.php\/2022\/07\/21\/prichazi-katja-snoeijs\/\">Katia Snoeijs<\/a><\/strong><\/span><\/li>\n<\/ul>\n<\/td>\n<td style=\"width: 33.3%; height: 13px;\">\n<ul style=\"list-style-type: circle;\">\n<li><strong>#26 <a href=\"https:\/\/evertonfc.cz\/index.php\/2024\/01\/16\/prichazi-kathrine-moller-kuhl-a-rikke-madsen\/\">Rikke Madsen<\/a><\/strong><\/li>\n<\/ul>\n<\/td>\n<td style=\"width: 33.3%; height: 13px;\"><span class=\"fn\"><strong>\u00a0<\/strong><\/span><\/td>\n<\/tr>\n<\/tbody>\n<\/table>\n<hr \/>\n<table style=\"width: 100%; height: 650px;\">\n<tbody>\n<tr style=\"height: 51px;\">\n<td style=\"height: 51px; width: 53.5714%;\" width=\"296\">\n<h4><span style=\"text-decoration: underline;\">Realiza\u010dn\u00ed t\u00fdm:<\/span><\/h4>\n<\/td>\n<td style=\"height: 51px; width: 46.4286%;\" width=\"255\">\n<h4><span style=\"text-decoration: underline;\"><strong>Na hostov\u00e1n\u00ed:<\/strong><\/span><\/h4>\n<\/td>\n<\/tr>\n<tr style=\"height: 40px;\">\n<td style=\"height: 40px; width: 53.5714%;\"><strong>Alan McTavish<\/strong>\u00a0\u2013 CEO Women team<\/td>\n<td style=\"height: 40px; width: 46.4286%;\">\n<ul style=\"list-style-type: circle;\">\n<li><strong>#24 <a href=\"https:\/\/evertonfc.cz\/index.php\/2022\/08\/02\/kenzie-weir-podepsala-svoji-prvni-profesionalni-smlouvu\/\">Kenzie Weir (Glasgow City)<\/a><\/strong><\/li>\n<\/ul>\n<\/td>\n<\/tr>\n<tr style=\"height: 40px;\">\n<td style=\"height: 40px; width: 53.5714%;\"><strong>Aaron Little<\/strong>\u00a0\u2013 gener\u00e1lny mana\u017eer<\/td>\n<td style=\"height: 40px; width: 46.4286%;\"><\/td>\n<\/tr>\n<tr style=\"height: 41px;\">\n<td style=\"width: 53.5714%; height: 41px;\"><strong><a href=\"https:\/\/evertonfc.cz\/index.php\/2022\/04\/11\/brian-sorensen-novym-manazerem-efc-women\/\">Brian S\u00f8rensen\u00a0<\/a><\/strong>\u2013 mana\u017eer<\/td>\n<td style=\"width: 46.4286%; height: 41px;\"><strong>\u00a0<\/strong><\/td>\n<\/tr>\n<tr style=\"height: 40px;\">\n<td style=\"height: 40px; width: 53.5714%;\"><strong>Chris Roberts <\/strong>\u2013 asistent mana\u017eera<\/td>\n<td style=\"height: 40px; width: 46.4286%;\"><\/td>\n<\/tr>\n<tr style=\"height: 41px;\">\n<td style=\"width: 53.5714%; height: 41px;\"><strong>Stephen Neligan\u00a0<\/strong>&#8211; asistent mana\u017eera<\/td>\n<td style=\"width: 46.4286%; height: 41px;\"><\/td>\n<\/tr>\n<tr style=\"height: 40px;\">\n<td style=\"height: 40px; width: 53.5714%;\"><strong>Ian McCaldon<\/strong>\u00a0\u2013 tren\u00e9r branka\u0159\u016f<\/td>\n<td style=\"height: 40px; width: 46.4286%;\"><\/td>\n<\/tr>\n<tr style=\"height: 40px;\">\n<td style=\"height: 34px; width: 53.5714%;\"><strong>Jacob Arnold<\/strong>\u00a0\u2013 vedouc\u00ed sportovn\u00ed v\u011bdy<\/td>\n<td style=\"height: 34px; width: 46.4286%;\"><\/td>\n<\/tr>\n<tr style=\"height: 41px;\">\n<td style=\"width: 53.5714%; height: 41px;\"><strong>Mollie Derhun <\/strong>\u2013 anal\u00fdza v\u00fdkonu<\/td>\n<td style=\"width: 46.4286%; height: 41px;\"><\/td>\n<\/tr>\n<tr style=\"height: 40px;\">\n<td style=\"height: 40px; width: 53.5714%;\"><strong>Chloe Edwards &#8211; <\/strong>tren\u00e9r fyzick\u00e9ho v\u00fdkonu<\/td>\n<td style=\"height: 40px; width: 46.4286%;\"><\/td>\n<\/tr>\n<tr style=\"height: 40px;\">\n<td style=\"height: 40px; width: 53.5714%;\"><strong>Krzysztof Waloszczyk<\/strong>\u00a0\u2013 vedouc\u00ed hern\u00ed anal\u00fdzy<\/td>\n<td style=\"height: 40px; width: 46.4286%;\"><\/td>\n<\/tr>\n<tr style=\"height: 40px;\">\n<td style=\"height: 40px; width: 53.5714%;\"><strong>Connor Wagstaff<\/strong>\u00a0\u2013 vedouc\u00ed l\u00e9ka\u0159<\/td>\n<td style=\"height: 40px; width: 46.4286%;\"><\/td>\n<\/tr>\n<tr style=\"height: 40px;\">\n<td style=\"height: 40px; width: 53.5714%;\"><strong>Yaw Billy <\/strong>\u2013 vedouc\u00ed zdravotn\u00edk<\/td>\n<td style=\"height: 40px; width: 46.4286%;\"><\/td>\n<\/tr>\n<tr style=\"height: 40px;\">\n<td style=\"height: 40px; width: 53.5714%;\"><strong>Ellis Clark <\/strong>\u2013 provozn\u00ed mana\u017eer<\/td>\n<td style=\"height: 40px; width: 46.4286%;\"><\/td>\n<\/tr>\n<tr style=\"height: 41px;\">\n<td style=\"width: 53.5714%; height: 41px;\"><strong>Alice Stratford <\/strong>\u2013 ment\u00e1ln\u00ed tren\u00e9r<\/td>\n<td style=\"width: 46.4286%; height: 41px;\"><\/td>\n<\/tr>\n<tr style=\"height: 41px;\">\n<td style=\"width: 53.5714%; height: 41px;\"><strong>Ruth Maddocks <\/strong>\u2013 asistent souprav<\/td>\n<td style=\"width: 46.4286%; height: 41px;\"><\/td>\n<\/tr>\n<\/tbody>\n<\/table>\n<p style=\"text-align: right;\"><span style=\"font-size: 8pt;\">(fotozdroj: Tr\u00e9ning v Goodison Parku august 2022 &#8211; Emma-Simpson\/EvertonFC\/Getty Images)<\/span><\/p>\n","protected":false},"excerpt":{"rendered":"<p>Sez\u00f3na 2024\/25: Brank\u00e1\u0159ky #1 Courtney Brosnan #12\u00a0Emily Ramsey #13 Libby Hart Obr\u00e1nkyn\u011b #2\u00a0Katerine Veje #20 Megan Finnigan #23 Sara Holmgaard&hellip;<\/p>\n","protected":false},"author":1,"featured_media":19913,"parent":0,"menu_order":0,"comment_status":"closed","ping_status":"closed","template":"","meta":{"_eb_attr":"","_monsterinsights_skip_tracking":false,"_monsterinsights_sitenote_active":false,"_monsterinsights_sitenote_note":"","_monsterinsights_sitenote_category":0,"footnotes":""},"yoast_head":"<!-- This site is optimized with the Yoast SEO plugin v23.4 - https:\/\/yoast.com\/wordpress\/plugins\/seo\/ -->\n<title>\u017densk\u00fd t\u00fdm - Official Czech &amp; Slovak Everton Supporters&#039; Club<\/title>\n<meta name=\"robots\" content=\"index, follow, max-snippet:-1, max-image-preview:large, max-video-preview:-1\" \/>\n<link rel=\"canonical\" href=\"https:\/\/evertonfc.cz\/index.php\/zensky-tym\/\" \/>\n<meta property=\"og:locale\" content=\"cs_CZ\" \/>\n<meta property=\"og:type\" content=\"article\" \/>\n<meta property=\"og:title\" content=\"\u017densk\u00fd t\u00fdm - Official Czech &amp; Slovak Everton Supporters&#039; Club\" \/>\n<meta property=\"og:description\" content=\"Sez\u00f3na 2024\/25: Brank\u00e1\u0159ky #1 Courtney Brosnan #12\u00a0Emily Ramsey #13 Libby Hart Obr\u00e1nkyn\u011b #2\u00a0Katerine Veje #20 Megan Finnigan #23 Sara Holmgaard&hellip;\" \/>\n<meta property=\"og:url\" content=\"https:\/\/evertonfc.cz\/index.php\/zensky-tym\/\" \/>\n<meta property=\"og:site_name\" content=\"Official Czech &amp; Slovak Everton Supporters&#039; Club\" \/>\n<meta property=\"article:publisher\" content=\"https:\/\/www.facebook.com\/everton.fans.cz.sk\" \/>\n<meta property=\"article:modified_time\" content=\"2025-06-17T09:15:23+00:00\" \/>\n<meta property=\"og:image\" content=\"https:\/\/evertonfc.cz\/wp-content\/uploads\/2022\/09\/Women-open-training-session-in-august-by-Emma-Simpson-EvertonFC-Getty-Images.jpg\" \/>\n\t<meta property=\"og:image:width\" content=\"720\" \/>\n\t<meta property=\"og:image:height\" content=\"405\" \/>\n\t<meta property=\"og:image:type\" content=\"image\/jpeg\" \/>\n<meta name=\"twitter:card\" content=\"summary_large_image\" \/>\n<meta name=\"twitter:label1\" content=\"Odhadovan\u00e1 doba \u010dten\u00ed\" \/>\n\t<meta name=\"twitter:data1\" content=\"2 minuty\" \/>\n<script type=\"application\/ld+json\" class=\"yoast-schema-graph\">{\"@context\":\"https:\/\/schema.org\",\"@graph\":[{\"@type\":\"WebPage\",\"@id\":\"https:\/\/evertonfc.cz\/index.php\/zensky-tym\/\",\"url\":\"https:\/\/evertonfc.cz\/index.php\/zensky-tym\/\",\"name\":\"\u017densk\u00fd t\u00fdm - Official Czech &amp; Slovak Everton Supporters&#039; Club\",\"isPartOf\":{\"@id\":\"https:\/\/evertonfc.cz\/#website\"},\"primaryImageOfPage\":{\"@id\":\"https:\/\/evertonfc.cz\/index.php\/zensky-tym\/#primaryimage\"},\"image\":{\"@id\":\"https:\/\/evertonfc.cz\/index.php\/zensky-tym\/#primaryimage\"},\"thumbnailUrl\":\"https:\/\/evertonfc.cz\/wp-content\/uploads\/2022\/09\/Women-open-training-session-in-august-by-Emma-Simpson-EvertonFC-Getty-Images.jpg\",\"datePublished\":\"2020-10-29T11:15:09+00:00\",\"dateModified\":\"2025-06-17T09:15:23+00:00\",\"breadcrumb\":{\"@id\":\"https:\/\/evertonfc.cz\/index.php\/zensky-tym\/#breadcrumb\"},\"inLanguage\":\"cs\",\"potentialAction\":[{\"@type\":\"ReadAction\",\"target\":[\"https:\/\/evertonfc.cz\/index.php\/zensky-tym\/\"]}]},{\"@type\":\"ImageObject\",\"inLanguage\":\"cs\",\"@id\":\"https:\/\/evertonfc.cz\/index.php\/zensky-tym\/#primaryimage\",\"url\":\"https:\/\/evertonfc.cz\/wp-content\/uploads\/2022\/09\/Women-open-training-session-in-august-by-Emma-Simpson-EvertonFC-Getty-Images.jpg\",\"contentUrl\":\"https:\/\/evertonfc.cz\/wp-content\/uploads\/2022\/09\/Women-open-training-session-in-august-by-Emma-Simpson-EvertonFC-Getty-Images.jpg\",\"width\":720,\"height\":405},{\"@type\":\"BreadcrumbList\",\"@id\":\"https:\/\/evertonfc.cz\/index.php\/zensky-tym\/#breadcrumb\",\"itemListElement\":[{\"@type\":\"ListItem\",\"position\":1,\"name\":\"Home\",\"item\":\"https:\/\/evertonfc.cz\/\"},{\"@type\":\"ListItem\",\"position\":2,\"name\":\"\u017densk\u00fd t\u00fdm\"}]},{\"@type\":\"WebSite\",\"@id\":\"https:\/\/evertonfc.cz\/#website\",\"url\":\"https:\/\/evertonfc.cz\/\",\"name\":\"Official Czech &amp; Slovak Everton Supporters&#039; Club\",\"description\":\"\",\"publisher\":{\"@id\":\"https:\/\/evertonfc.cz\/#organization\"},\"potentialAction\":[{\"@type\":\"SearchAction\",\"target\":{\"@type\":\"EntryPoint\",\"urlTemplate\":\"https:\/\/evertonfc.cz\/?s={search_term_string}\"},\"query-input\":{\"@type\":\"PropertyValueSpecification\",\"valueRequired\":true,\"valueName\":\"search_term_string\"}}],\"inLanguage\":\"cs\"},{\"@type\":\"Organization\",\"@id\":\"https:\/\/evertonfc.cz\/#organization\",\"name\":\"Official Czech & Slovak Everton Supporters' Club\",\"url\":\"https:\/\/evertonfc.cz\/\",\"logo\":{\"@type\":\"ImageObject\",\"inLanguage\":\"cs\",\"@id\":\"https:\/\/evertonfc.cz\/#\/schema\/logo\/image\/\",\"url\":\"https:\/\/evertonfc.cz\/wp-content\/uploads\/2019\/05\/logo.png\",\"contentUrl\":\"https:\/\/evertonfc.cz\/wp-content\/uploads\/2019\/05\/logo.png\",\"width\":112,\"height\":112,\"caption\":\"Official Czech & Slovak Everton Supporters' Club\"},\"image\":{\"@id\":\"https:\/\/evertonfc.cz\/#\/schema\/logo\/image\/\"},\"sameAs\":[\"https:\/\/www.facebook.com\/everton.fans.cz.sk\"]}]}<\/script>\n<!-- \/ Yoast SEO plugin. -->","yoast_head_json":{"title":"\u017densk\u00fd t\u00fdm - Official Czech &amp; Slovak Everton Supporters&#039; Club","robots":{"index":"index","follow":"follow","max-snippet":"max-snippet:-1","max-image-preview":"max-image-preview:large","max-video-preview":"max-video-preview:-1"},"canonical":"https:\/\/evertonfc.cz\/index.php\/zensky-tym\/","og_locale":"cs_CZ","og_type":"article","og_title":"\u017densk\u00fd t\u00fdm - Official Czech &amp; Slovak Everton Supporters&#039; Club","og_description":"Sez\u00f3na 2024\/25: Brank\u00e1\u0159ky #1 Courtney Brosnan #12\u00a0Emily Ramsey #13 Libby Hart Obr\u00e1nkyn\u011b #2\u00a0Katerine Veje #20 Megan Finnigan #23 Sara Holmgaard&hellip;","og_url":"https:\/\/evertonfc.cz\/index.php\/zensky-tym\/","og_site_name":"Official Czech &amp; Slovak Everton Supporters&#039; Club","article_publisher":"https:\/\/www.facebook.com\/everton.fans.cz.sk","article_modified_time":"2025-06-17T09:15:23+00:00","og_image":[{"width":720,"height":405,"url":"https:\/\/evertonfc.cz\/wp-content\/uploads\/2022\/09\/Women-open-training-session-in-august-by-Emma-Simpson-EvertonFC-Getty-Images.jpg","type":"image\/jpeg"}],"twitter_card":"summary_large_image","twitter_misc":{"Odhadovan\u00e1 doba \u010dten\u00ed":"2 minuty"},"schema":{"@context":"https:\/\/schema.org","@graph":[{"@type":"WebPage","@id":"https:\/\/evertonfc.cz\/index.php\/zensky-tym\/","url":"https:\/\/evertonfc.cz\/index.php\/zensky-tym\/","name":"\u017densk\u00fd t\u00fdm - Official Czech &amp; Slovak Everton Supporters&#039; Club","isPartOf":{"@id":"https:\/\/evertonfc.cz\/#website"},"primaryImageOfPage":{"@id":"https:\/\/evertonfc.cz\/index.php\/zensky-tym\/#primaryimage"},"image":{"@id":"https:\/\/evertonfc.cz\/index.php\/zensky-tym\/#primaryimage"},"thumbnailUrl":"https:\/\/evertonfc.cz\/wp-content\/uploads\/2022\/09\/Women-open-training-session-in-august-by-Emma-Simpson-EvertonFC-Getty-Images.jpg","datePublished":"2020-10-29T11:15:09+00:00","dateModified":"2025-06-17T09:15:23+00:00","breadcrumb":{"@id":"https:\/\/evertonfc.cz\/index.php\/zensky-tym\/#breadcrumb"},"inLanguage":"cs","potentialAction":[{"@type":"ReadAction","target":["https:\/\/evertonfc.cz\/index.php\/zensky-tym\/"]}]},{"@type":"ImageObject","inLanguage":"cs","@id":"https:\/\/evertonfc.cz\/index.php\/zensky-tym\/#primaryimage","url":"https:\/\/evertonfc.cz\/wp-content\/uploads\/2022\/09\/Women-open-training-session-in-august-by-Emma-Simpson-EvertonFC-Getty-Images.jpg","contentUrl":"https:\/\/evertonfc.cz\/wp-content\/uploads\/2022\/09\/Women-open-training-session-in-august-by-Emma-Simpson-EvertonFC-Getty-Images.jpg","width":720,"height":405},{"@type":"BreadcrumbList","@id":"https:\/\/evertonfc.cz\/index.php\/zensky-tym\/#breadcrumb","itemListElement":[{"@type":"ListItem","position":1,"name":"Home","item":"https:\/\/evertonfc.cz\/"},{"@type":"ListItem","position":2,"name":"\u017densk\u00fd t\u00fdm"}]},{"@type":"WebSite","@id":"https:\/\/evertonfc.cz\/#website","url":"https:\/\/evertonfc.cz\/","name":"Official Czech &amp; Slovak Everton Supporters&#039; Club","description":"","publisher":{"@id":"https:\/\/evertonfc.cz\/#organization"},"potentialAction":[{"@type":"SearchAction","target":{"@type":"EntryPoint","urlTemplate":"https:\/\/evertonfc.cz\/?s={search_term_string}"},"query-input":{"@type":"PropertyValueSpecification","valueRequired":true,"valueName":"search_term_string"}}],"inLanguage":"cs"},{"@type":"Organization","@id":"https:\/\/evertonfc.cz\/#organization","name":"Official Czech & Slovak Everton Supporters' Club","url":"https:\/\/evertonfc.cz\/","logo":{"@type":"ImageObject","inLanguage":"cs","@id":"https:\/\/evertonfc.cz\/#\/schema\/logo\/image\/","url":"https:\/\/evertonfc.cz\/wp-content\/uploads\/2019\/05\/logo.png","contentUrl":"https:\/\/evertonfc.cz\/wp-content\/uploads\/2019\/05\/logo.png","width":112,"height":112,"caption":"Official Czech & Slovak Everton Supporters' Club"},"image":{"@id":"https:\/\/evertonfc.cz\/#\/schema\/logo\/image\/"},"sameAs":["https:\/\/www.facebook.com\/everton.fans.cz.sk"]}]}},"_links":{"self":[{"href":"https:\/\/evertonfc.cz\/index.php\/wp-json\/wp\/v2\/pages\/12738"}],"collection":[{"href":"https:\/\/evertonfc.cz\/index.php\/wp-json\/wp\/v2\/pages"}],"about":[{"href":"https:\/\/evertonfc.cz\/index.php\/wp-json\/wp\/v2\/types\/page"}],"author":[{"embeddable":true,"href":"https:\/\/evertonfc.cz\/index.php\/wp-json\/wp\/v2\/users\/1"}],"replies":[{"embeddable":true,"href":"https:\/\/evertonfc.cz\/index.php\/wp-json\/wp\/v2\/comments?post=12738"}],"version-history":[{"count":37,"href":"https:\/\/evertonfc.cz\/index.php\/wp-json\/wp\/v2\/pages\/12738\/revisions"}],"predecessor-version":[{"id":26896,"href":"https:\/\/evertonfc.cz\/index.php\/wp-json\/wp\/v2\/pages\/12738\/revisions\/26896"}],"wp:featuredmedia":[{"embeddable":true,"href":"https:\/\/evertonfc.cz\/index.php\/wp-json\/wp\/v2\/media\/19913"}],"wp:attachment":[{"href":"https:\/\/evertonfc.cz\/index.php\/wp-json\/wp\/v2\/media?parent=12738"}],"curies":[{"name":"wp","href":"https:\/\/api.w.org\/{rel}","templated":true}]}}