{"id":14538,"date":"2021-03-09T22:30:05","date_gmt":"2021-03-09T21:30:05","guid":{"rendered":"https:\/\/evertonfc.cz\/?page_id=14538"},"modified":"2023-04-26T17:03:22","modified_gmt":"2023-04-26T15:03:22","slug":"karamela","status":"publish","type":"page","link":"https:\/\/evertonfc.cz\/index.php\/karamela\/","title":{"rendered":"Karamela"},"content":{"rendered":"<p><strong>Lokalita: <\/strong>\u010cR, Praha<strong><br \/>\nFunkce:<\/strong> redaktor, pokladn\u00edk fanklubu<br \/>\n<strong>Ve slu\u017eb\u00e1ch EFC od:<\/strong> 17. 08. 2020<br \/>\n<strong>Specializace: <\/strong>Everton Women <strong>&#8211; <a href=\"https:\/\/evertonfc.cz\/index.php\/author\/karamela\/\">soupis \u010dl\u00e1nk\u016f<\/a><\/strong><br \/>\n<strong>Kontakt:<\/strong> <a href=\"mailto:czskevertonians@gmail.com\">czskevertonians@gmail.com<\/a><\/p>\n<hr \/>\n<p>Fotbalov\u00e1 anamn\u00e9za: Aktivn\u00ed hran\u00ed ukon\u010deno v cca 5. t\u0159\u00edd\u011b Z\u0160. D\u00e1le nez\u00e1jem o fotbal a\u017e po zm\u011bnu prost\u0159ed\u00ed v r. 2009. Nejprve jsem si do mobilu st\u00e1hl FIFA 2009, abych n\u011bjak vyplnil doj\u00ed\u017ed\u011bn\u00ed v temn\u00e9m autobuse a dumal, co to je k \u010dertu ten Everton, kter\u00fd se tam objevoval. Pot\u00e9 jsem shl\u00e9dl Merseyside derby a z\u00edskal dojem, \u017ee sledovat tu bandu v modr\u00e9m m\u016f\u017ee b\u00fdt zaj\u00edmav\u00e9. Sou\u010dasn\u011b jsem objevil vynikaj\u00edc\u00ed server Premierleague.cz (krom n\u00e1zvu nem\u00e1 nic spole\u010dn\u00e9ho se st\u00e1vaj\u00edc\u00edm). Zjistil jsem, \u017ee anglick\u00fd, pota\u017emo britsk\u00fd fotbal je fenom\u00e9n mnohem \u0161ir\u0161\u00ed a zaj\u00edmav\u011bj\u0161\u00ed, ne\u017e zkorumpovan\u00e1 \u010desk\u00e1 liga (jej\u00ed\u017e z\u00e1pasy jsem v hlubok\u00e9m d\u011btstv\u00ed ob\u010das bez z\u00e1jmu shl\u00e9dl s d\u011bdou) \u0161\u00edbovan\u00e1 ze z\u00e1kulis\u00ed partou b\u0159ichat\u00fdch p\u00e1prd\u016f.<\/p>\n<p>Ve stejn\u00e9 dob\u011b jsem objevil i \u010desk\u00e9 str\u00e1nky Evertonu a jejich sledov\u00e1n\u00ed z\u016fstal v\u011brn\u00fd. Od srpna 2020 dr\u017e\u00edm prst na tepu d\u011bn\u00ed t\u00fdkaj\u00edc\u00ed se\u00a0 evertonsk\u00e9ho \u017eensk\u00e9ho t\u00fdmu, proto\u017ee to je dostate\u010dn\u011b zaj\u00edmav\u00e9, obskurn\u00ed a z\u00e1bavn\u00e9, aby m\u011b to t\u011b\u0161ilo. A snad tak\u00e9 trochu obohacuj\u00edc\u00ed pro na\u0161e str\u00e1nky. Abych p\u0159ede\u0161el roz\u010d\u00edlen\u00fdm mail\u016fm p\u0159edn\u00edch fotbalov\u00fdch expert\u016f zav\u00edtav\u0161\u00edch na na\u0161e str\u00e1nky ve sv\u00e9m boji s nespavost\u00ed nebo s kocovinou, tak p\u0159edes\u00edl\u00e1m, \u017ee fotbalov\u00e9 h\u0159e jako takov\u00e9 nerozum\u00edm. Nepozn\u00e1m, kdy se hraje se t\u0159emi obr\u00e1nci, kdy se hraje s fale\u0161n\u00fdm k\u0159\u00eddlem a kdy se p\u0159ech\u00e1z\u00ed na diamant. Proto se k t\u011bmto v\u00fdsostn\u011b odborn\u00fdm t\u00e9mat\u016fm nevyjad\u0159uji. Ale nev\u00e1h\u00e1m se ozvat k ostatn\u00edm z\u00e1sadn\u00edm v\u011bcem, jako je t\u0159eba barva dres\u016f. To v\u0161e k fotbalu, aspo\u0148 anglick\u00e9mu tedy, pat\u0159\u00ed. A\u010d neodborn\u00edk, nev\u00e1h\u00e1m hodnotit v\u00fdkony hr\u00e1\u010d\u016f, proto\u017ee hraj\u00ed pro m\u011b, pro fanou\u0161ka a j\u00e1, fanou\u0161ek je za to plat\u00edm. A mysl\u00edm, \u017ee to tak je celkem v po\u0159\u00e1dku.<\/p>\n<p>Sportovn\u00ed anamn\u00e9za: Softbal v prales\u00edch, nyn\u00ed ex. Veter\u00e1nsky \u0161erm \u0161avl\u00ed, nyn\u00ed tak\u00e9 ex. Aktu\u00e1ln\u011b rekrea\u010dn\u011b d\u00e1lkov\u00e1 turistika a silni\u010dn\u00ed cyklistika.<\/p>\n<p>Osobn\u00ed anamn\u00e9za: \u017denat\u00fd, d\u011btn\u00fd.<br \/>\nPracovn\u00ed anamn\u00e9za: Irelevantn\u00ed.<br \/>\nJin\u00e9: Skaut, protestant.<\/p>\n","protected":false},"excerpt":{"rendered":"<p>Lokalita: \u010cR, Praha Funkce: redaktor, pokladn\u00edk fanklubu Ve slu\u017eb\u00e1ch EFC od: 17. 08. 2020 Specializace: Everton Women &#8211; soupis \u010dl\u00e1nk\u016f&hellip;<\/p>\n","protected":false},"author":1,"featured_media":0,"parent":0,"menu_order":0,"comment_status":"closed","ping_status":"closed","template":"","meta":{"_eb_attr":"","_monsterinsights_skip_tracking":false,"_monsterinsights_sitenote_active":false,"_monsterinsights_sitenote_note":"","_monsterinsights_sitenote_category":0,"footnotes":""},"yoast_head":"<!-- This site is optimized with the Yoast SEO plugin v23.4 - https:\/\/yoast.com\/wordpress\/plugins\/seo\/ -->\n<title>Karamela - Official Czech &amp; Slovak Everton Supporters&#039; Club<\/title>\n<meta name=\"robots\" content=\"index, follow, max-snippet:-1, max-image-preview:large, max-video-preview:-1\" \/>\n<link rel=\"canonical\" href=\"https:\/\/evertonfc.cz\/index.php\/karamela\/\" \/>\n<meta property=\"og:locale\" content=\"cs_CZ\" \/>\n<meta property=\"og:type\" content=\"article\" \/>\n<meta property=\"og:title\" content=\"Karamela - Official Czech &amp; Slovak Everton Supporters&#039; Club\" \/>\n<meta property=\"og:description\" content=\"Lokalita: \u010cR, Praha Funkce: redaktor, pokladn\u00edk fanklubu Ve slu\u017eb\u00e1ch EFC od: 17. 08. 2020 Specializace: Everton Women &#8211; soupis \u010dl\u00e1nk\u016f&hellip;\" \/>\n<meta property=\"og:url\" content=\"https:\/\/evertonfc.cz\/index.php\/karamela\/\" \/>\n<meta property=\"og:site_name\" content=\"Official Czech &amp; Slovak Everton Supporters&#039; Club\" \/>\n<meta property=\"article:publisher\" content=\"https:\/\/www.facebook.com\/everton.fans.cz.sk\" \/>\n<meta property=\"article:modified_time\" content=\"2023-04-26T15:03:22+00:00\" \/>\n<meta name=\"twitter:card\" content=\"summary_large_image\" \/>\n<meta name=\"twitter:label1\" content=\"Odhadovan\u00e1 doba \u010dten\u00ed\" \/>\n\t<meta name=\"twitter:data1\" content=\"2 minuty\" \/>\n<script type=\"application\/ld+json\" class=\"yoast-schema-graph\">{\"@context\":\"https:\/\/schema.org\",\"@graph\":[{\"@type\":\"WebPage\",\"@id\":\"https:\/\/evertonfc.cz\/index.php\/karamela\/\",\"url\":\"https:\/\/evertonfc.cz\/index.php\/karamela\/\",\"name\":\"Karamela - Official Czech &amp; Slovak Everton Supporters&#039; Club\",\"isPartOf\":{\"@id\":\"https:\/\/evertonfc.cz\/#website\"},\"datePublished\":\"2021-03-09T21:30:05+00:00\",\"dateModified\":\"2023-04-26T15:03:22+00:00\",\"breadcrumb\":{\"@id\":\"https:\/\/evertonfc.cz\/index.php\/karamela\/#breadcrumb\"},\"inLanguage\":\"cs\",\"potentialAction\":[{\"@type\":\"ReadAction\",\"target\":[\"https:\/\/evertonfc.cz\/index.php\/karamela\/\"]}]},{\"@type\":\"BreadcrumbList\",\"@id\":\"https:\/\/evertonfc.cz\/index.php\/karamela\/#breadcrumb\",\"itemListElement\":[{\"@type\":\"ListItem\",\"position\":1,\"name\":\"Home\",\"item\":\"https:\/\/evertonfc.cz\/\"},{\"@type\":\"ListItem\",\"position\":2,\"name\":\"Karamela\"}]},{\"@type\":\"WebSite\",\"@id\":\"https:\/\/evertonfc.cz\/#website\",\"url\":\"https:\/\/evertonfc.cz\/\",\"name\":\"Official Czech &amp; Slovak Everton Supporters&#039; Club\",\"description\":\"\",\"publisher\":{\"@id\":\"https:\/\/evertonfc.cz\/#organization\"},\"potentialAction\":[{\"@type\":\"SearchAction\",\"target\":{\"@type\":\"EntryPoint\",\"urlTemplate\":\"https:\/\/evertonfc.cz\/?s={search_term_string}\"},\"query-input\":{\"@type\":\"PropertyValueSpecification\",\"valueRequired\":true,\"valueName\":\"search_term_string\"}}],\"inLanguage\":\"cs\"},{\"@type\":\"Organization\",\"@id\":\"https:\/\/evertonfc.cz\/#organization\",\"name\":\"Official Czech & Slovak Everton Supporters' Club\",\"url\":\"https:\/\/evertonfc.cz\/\",\"logo\":{\"@type\":\"ImageObject\",\"inLanguage\":\"cs\",\"@id\":\"https:\/\/evertonfc.cz\/#\/schema\/logo\/image\/\",\"url\":\"https:\/\/evertonfc.cz\/wp-content\/uploads\/2019\/05\/logo.png\",\"contentUrl\":\"https:\/\/evertonfc.cz\/wp-content\/uploads\/2019\/05\/logo.png\",\"width\":112,\"height\":112,\"caption\":\"Official Czech & Slovak Everton Supporters' Club\"},\"image\":{\"@id\":\"https:\/\/evertonfc.cz\/#\/schema\/logo\/image\/\"},\"sameAs\":[\"https:\/\/www.facebook.com\/everton.fans.cz.sk\"]}]}<\/script>\n<!-- \/ Yoast SEO plugin. -->","yoast_head_json":{"title":"Karamela - Official Czech &amp; Slovak Everton Supporters&#039; Club","robots":{"index":"index","follow":"follow","max-snippet":"max-snippet:-1","max-image-preview":"max-image-preview:large","max-video-preview":"max-video-preview:-1"},"canonical":"https:\/\/evertonfc.cz\/index.php\/karamela\/","og_locale":"cs_CZ","og_type":"article","og_title":"Karamela - Official Czech &amp; Slovak Everton Supporters&#039; Club","og_description":"Lokalita: \u010cR, Praha Funkce: redaktor, pokladn\u00edk fanklubu Ve slu\u017eb\u00e1ch EFC od: 17. 08. 2020 Specializace: Everton Women &#8211; soupis \u010dl\u00e1nk\u016f&hellip;","og_url":"https:\/\/evertonfc.cz\/index.php\/karamela\/","og_site_name":"Official Czech &amp; Slovak Everton Supporters&#039; Club","article_publisher":"https:\/\/www.facebook.com\/everton.fans.cz.sk","article_modified_time":"2023-04-26T15:03:22+00:00","twitter_card":"summary_large_image","twitter_misc":{"Odhadovan\u00e1 doba \u010dten\u00ed":"2 minuty"},"schema":{"@context":"https:\/\/schema.org","@graph":[{"@type":"WebPage","@id":"https:\/\/evertonfc.cz\/index.php\/karamela\/","url":"https:\/\/evertonfc.cz\/index.php\/karamela\/","name":"Karamela - Official Czech &amp; Slovak Everton Supporters&#039; Club","isPartOf":{"@id":"https:\/\/evertonfc.cz\/#website"},"datePublished":"2021-03-09T21:30:05+00:00","dateModified":"2023-04-26T15:03:22+00:00","breadcrumb":{"@id":"https:\/\/evertonfc.cz\/index.php\/karamela\/#breadcrumb"},"inLanguage":"cs","potentialAction":[{"@type":"ReadAction","target":["https:\/\/evertonfc.cz\/index.php\/karamela\/"]}]},{"@type":"BreadcrumbList","@id":"https:\/\/evertonfc.cz\/index.php\/karamela\/#breadcrumb","itemListElement":[{"@type":"ListItem","position":1,"name":"Home","item":"https:\/\/evertonfc.cz\/"},{"@type":"ListItem","position":2,"name":"Karamela"}]},{"@type":"WebSite","@id":"https:\/\/evertonfc.cz\/#website","url":"https:\/\/evertonfc.cz\/","name":"Official Czech &amp; Slovak Everton Supporters&#039; Club","description":"","publisher":{"@id":"https:\/\/evertonfc.cz\/#organization"},"potentialAction":[{"@type":"SearchAction","target":{"@type":"EntryPoint","urlTemplate":"https:\/\/evertonfc.cz\/?s={search_term_string}"},"query-input":{"@type":"PropertyValueSpecification","valueRequired":true,"valueName":"search_term_string"}}],"inLanguage":"cs"},{"@type":"Organization","@id":"https:\/\/evertonfc.cz\/#organization","name":"Official Czech & Slovak Everton Supporters' Club","url":"https:\/\/evertonfc.cz\/","logo":{"@type":"ImageObject","inLanguage":"cs","@id":"https:\/\/evertonfc.cz\/#\/schema\/logo\/image\/","url":"https:\/\/evertonfc.cz\/wp-content\/uploads\/2019\/05\/logo.png","contentUrl":"https:\/\/evertonfc.cz\/wp-content\/uploads\/2019\/05\/logo.png","width":112,"height":112,"caption":"Official Czech & Slovak Everton Supporters' Club"},"image":{"@id":"https:\/\/evertonfc.cz\/#\/schema\/logo\/image\/"},"sameAs":["https:\/\/www.facebook.com\/everton.fans.cz.sk"]}]}},"_links":{"self":[{"href":"https:\/\/evertonfc.cz\/index.php\/wp-json\/wp\/v2\/pages\/14538"}],"collection":[{"href":"https:\/\/evertonfc.cz\/index.php\/wp-json\/wp\/v2\/pages"}],"about":[{"href":"https:\/\/evertonfc.cz\/index.php\/wp-json\/wp\/v2\/types\/page"}],"author":[{"embeddable":true,"href":"https:\/\/evertonfc.cz\/index.php\/wp-json\/wp\/v2\/users\/1"}],"replies":[{"embeddable":true,"href":"https:\/\/evertonfc.cz\/index.php\/wp-json\/wp\/v2\/comments?post=14538"}],"version-history":[{"count":10,"href":"https:\/\/evertonfc.cz\/index.php\/wp-json\/wp\/v2\/pages\/14538\/revisions"}],"predecessor-version":[{"id":21463,"href":"https:\/\/evertonfc.cz\/index.php\/wp-json\/wp\/v2\/pages\/14538\/revisions\/21463"}],"wp:attachment":[{"href":"https:\/\/evertonfc.cz\/index.php\/wp-json\/wp\/v2\/media?parent=14538"}],"curies":[{"name":"wp","href":"https:\/\/api.w.org\/{rel}","templated":true}]}}