{"id":19588,"date":"2022-08-26T23:00:34","date_gmt":"2022-08-26T21:00:34","guid":{"rendered":"https:\/\/evertonfc.cz\/?page_id=19588"},"modified":"2025-06-29T19:30:45","modified_gmt":"2025-06-29T17:30:45","slug":"neal-maupay","status":"publish","type":"page","link":"https:\/\/evertonfc.cz\/index.php\/soupiska\/neal-maupay\/","title":{"rendered":"Neal Maupay"},"content":{"rendered":"<p><img decoding=\"async\" style=\"float: right; margin-left: 10px; margin-right: 10px;\" src=\"https:\/\/evertonfc.cz\/wp-content\/uploads\/2023\/09\/maupay_n.png\" alt=\"\" \/><strong>Narozen:<\/strong> 14. 08. 1996, Versailles, Francie<br \/>\n<strong>V\u00fd\u0161ka:<\/strong> 173 cm<br \/>\n<strong>V\u00e1ha:<\/strong> 69 kg<br \/>\n<strong>Post:<\/strong> \u00dato\u010dn\u00edk<br \/>\n<strong>V EFC od:<\/strong> 25. 08. 2022<br \/>\n<strong>Do:<\/strong> 30. 06. 2025<\/p>\n<hr \/>\n<p>Maupay se fotbalov\u011b vychoval v ml\u00e1de\u017ei Nice a v klubu z jihofrancouzsk\u00e9ho pob\u0159e\u017e\u00ed tak\u00e9 debutoval je\u0161t\u011b jako teenager star\u00fd pouze 16 let a 32 dn\u00ed. Premi\u00e9rovou branku ve francouzsk\u00e9 lize si dokonce p\u0159ipsal u\u017e o t\u0159i m\u011bs\u00edce pozd\u011bji.<\/p>\n<p>Talent pochopiteln\u011b nemohl uniknout reprezenta\u010dn\u00edm tren\u00e9r\u016fm, Maupay obl\u00e9kal francouzsk\u00fd dres ve v\u0161ech ml\u00e1de\u017enick\u00fdch kategori\u00edch a\u017e do v\u00fdb\u011bru do 21 let. Pozv\u00e1nka do seniorsk\u00e9 reprezentace ho ale zat\u00edm minula, do\u010dkat se ji p\u0159itom m\u016f\u017ee tak\u00e9 z Argentiny d\u00edky tam\u011bj\u0161\u00edmu p\u016fvodu sv\u00e9 matky.<\/p>\n<p>I p\u0159es brzk\u00fd debut v seniorsk\u00e9m fotbale ov\u0161em Maupay neud\u011blal v Nice velkou d\u00edru do sv\u011bta. B\u011bhem n\u00e1sleduj\u00edc\u00edch t\u0159ech letech nedok\u00e1zal z\u00edskat plnou d\u016fv\u011bru tren\u00e9ra, a proto rad\u011bji v l\u00e9t\u011b 2015 p\u0159estoupil k rivalovi ze Saint-\u00c9tienne. S Nice se rozlou\u010dil s bilanc\u00ed 53 z\u00e1pas\u016f a dev\u00edti branek.<\/p>\n<p>Jen\u017ee ani v nov\u00e9m p\u016fsobi\u0161ti p\u0161enka p\u0159\u00edli\u0161 nekvetla, agiln\u00ed \u0161t\u00edrek tak po roce s vd\u011bkem ode\u0161el na hostov\u00e1n\u00ed do druholigov\u00e9ho Brestu, kde u\u017e uk\u00e1zal sv\u016fj talent, kdy\u017e nast\u0159\u00edlel 11 branek v 30 z\u00e1pasech.<\/p>\n<p>Jeho potenci\u00e1l se nakonec uk\u00e1zal natolik velk\u00fd, aby zaujal tak\u00e9 na druh\u00e9 stran\u011b Laman\u0161sk\u00e9ho pr\u016flivu. V l\u00e9t\u011b 2017 ho za 1,6 milionu liber koupil druholigov\u00fd Brentford, v jeho\u017e dresu se Maupay p\u0159\u00edli\u0161 neost\u00fdchal. V premi\u00e9rov\u00e9 sez\u00f3n\u011b sk\u00f3roval jeden\u00e1ctkr\u00e1t a ve druh\u00e9 hned p\u011btadvacetkr\u00e1t.<\/p>\n<p>G\u00f3lov\u00e1 produktivita a ne\u00fanavn\u00fd styl hry zaujaly nejeden celek z elitn\u00ed anglick\u00e9 Premier League. Z\u00e1vod o podpis 23let\u00e9ho \u00fato\u010dn\u00edka vyhr\u00e1l v l\u00e9t\u011b 2019 Brighton &amp; Hove Albion, kter\u00fd se za p\u0159estup neost\u00fdchal zaplatit 20 milion\u016f liber.<\/p>\n<p>Sebev\u011bdom\u00fd Maupay se nezalekl ani anglick\u00e9 smet\u00e1nky a rychle se stal kl\u00ed\u010dov\u00fdm mu\u017eem v\u00fdb\u011bru mana\u017eera Grahama Pottera. V prvn\u00edm roce na Amex Stadium zaznamenal deset ligov\u00fdch branek v dal\u0161\u00edch dvou sez\u00f3n\u00e1ch poka\u017ed\u00e9 p\u0159idal po osmi z\u00e1saz\u00edch.<\/p>\n<p>I p\u0159es \u00fasp\u011b\u0161nou spolupr\u00e1ci ale Maupay po t\u0159ech letech zatou\u017eil po nov\u00e9 v\u00fdzv\u011b, a proto\u017ee odm\u00edtal prodlou\u017eit svou smlouvu kon\u010d\u00edc\u00ed za 12 m\u011bs\u00edc\u016f, Brighton ho vlastn\u011b v l\u00e9t\u011b 2022 musel prodat. Po rychl\u00e9m jedn\u00e1n\u00ed v\u00edtal novou posilu Everton, st\u00e1t ho bude garantovan\u00fdch 12 milion\u016f liber a t\u0159i miliony jsou d\u00e1le zakotveny ve v\u00fdkonnostn\u00edch bonusech.<\/p>\n<p>Na Goodison Parku \u010dekala Maupaye nelehk\u00e1 \u00faloha nahradit b\u00fdvalou oporu Richarlisona, anga\u017em\u00e1 mu ale v\u016fbec nevy\u0161lo. Nepoda\u0159ilo se mu prosadit do t\u00fdmu ani pod mana\u017eerem Frankem Lampardem, ani pod jeho n\u00e1stupcem Seanem Dychem. B\u011bhem 32 z\u00e1pas\u016f sez\u00f3ny 2022\/23 vst\u0159elil pouze jednu branku a na dal\u0161\u00ed dv\u011b dal\u0161\u00ed p\u0159ihr\u00e1l.<\/p>\n<p>B\u011bhem l\u00e9ta 2023 se Everton rozhodl pos\u00edlit svou ofenzivu a Maupay se stal \u010dtvrtou nebo dokonce p\u00e1tou volbou do \u00fatoku. Proto nebylo p\u0159ekvapen\u00edm, kdy\u017e po t\u0159ech odehran\u00fdch z\u00e1pasech nov\u00e9 sez\u00f3ny vyu\u017eil na Deadline Day p\u0159ekvapiv\u00e9 nab\u00eddky od sv\u00e9ho b\u00fdval\u00e9ho klubu Brentfordu, kam ode\u0161el na ro\u010dn\u00ed hostov\u00e1n\u00ed s opc\u00ed na p\u0159estup.<\/p>\n<div class=\"flex flex-grow flex-col max-w-full\">\n<div class=\"min-h-[20px] text-message flex flex-col items-start whitespace-pre-wrap break-words [.text-message+&amp;]:mt-5 juice:w-full juice:items-end overflow-x-auto gap-2\" dir=\"auto\" data-message-author-role=\"assistant\" data-message-id=\"1270c971-d9ba-45ff-a8fe-9ad79fbc9caa\">\n<div class=\"flex w-full flex-col gap-1 juice:empty:hidden juice:first:pt-[3px]\">\n<div class=\"markdown prose w-full break-words dark:prose-invert light\">\n<p>Ve zn\u00e1m\u00e9m prost\u0159ed\u00ed pro\u017eil agiln\u00ed Francouz celkem \u00fasp\u011b\u0161nou sez\u00f3nu. Ve 31 ligov\u00fdch z\u00e1pasech vst\u0159elil \u0161est branek a na dal\u0161\u00ed t\u0159i nahr\u00e1l. Bylo proto trochu p\u0159ekvapen\u00edm, \u017ee se Brentford rozhodl neuplatnit opci na jeho p\u0159estup. Maupay se tak po sez\u00f3n\u011b vr\u00e1til do Evertonu, kde ale op\u011bt dlouho nez\u016fstal.<\/p>\n<p>Na ro\u010dn\u00ed hostov\u00e1n\u00ed zam\u00ed\u0159il do Olympique Marseille, kter\u00fd jej n\u00e1sledn\u011b po sez\u00f3n\u011b v l\u00e9t\u011b 2025 podle dohody odkoupil za \u0161est milion\u016f liber. Dal\u0161\u00ed \u010dty\u0159i miliony m\u016f\u017ee p\u0159itom francouzsk\u00fd klub doplatit v z\u00e1vislosti na spln\u011bn\u00ed v\u00fdkonnostn\u00edch bonus\u016f.<\/p>\n<p>Ani Everton, ani Maupay nebudou na spole\u010dn\u00e9 anga\u017em\u00e1 vzpom\u00ednat v dobr\u00e9m. Nep\u0159ineslo, co se od n\u011bj \u010dekalo.<\/p>\n<\/div>\n<\/div>\n<\/div>\n<\/div>\n","protected":false},"excerpt":{"rendered":"<p>Narozen: 14. 08. 1996, Versailles, Francie V\u00fd\u0161ka: 173 cm V\u00e1ha: 69 kg Post: \u00dato\u010dn\u00edk V EFC od: 25. 08. 2022&hellip;<\/p>\n","protected":false},"author":6,"featured_media":0,"parent":70,"menu_order":0,"comment_status":"closed","ping_status":"closed","template":"","meta":{"_eb_attr":"","_monsterinsights_skip_tracking":false,"_monsterinsights_sitenote_active":false,"_monsterinsights_sitenote_note":"","_monsterinsights_sitenote_category":0,"footnotes":""},"yoast_head":"<!-- This site is optimized with the Yoast SEO plugin v23.4 - https:\/\/yoast.com\/wordpress\/plugins\/seo\/ -->\n<title>Neal Maupay - Official Czech &amp; Slovak Everton Supporters&#039; Club<\/title>\n<meta name=\"robots\" content=\"index, follow, max-snippet:-1, max-image-preview:large, max-video-preview:-1\" \/>\n<link rel=\"canonical\" href=\"https:\/\/evertonfc.cz\/index.php\/soupiska\/neal-maupay\/\" \/>\n<meta property=\"og:locale\" content=\"cs_CZ\" \/>\n<meta property=\"og:type\" content=\"article\" \/>\n<meta property=\"og:title\" content=\"Neal Maupay - Official Czech &amp; Slovak Everton Supporters&#039; Club\" \/>\n<meta property=\"og:description\" content=\"Narozen: 14. 08. 1996, Versailles, Francie V\u00fd\u0161ka: 173 cm V\u00e1ha: 69 kg Post: \u00dato\u010dn\u00edk V EFC od: 25. 08. 2022&hellip;\" \/>\n<meta property=\"og:url\" content=\"https:\/\/evertonfc.cz\/index.php\/soupiska\/neal-maupay\/\" \/>\n<meta property=\"og:site_name\" content=\"Official Czech &amp; Slovak Everton Supporters&#039; Club\" \/>\n<meta property=\"article:publisher\" content=\"https:\/\/www.facebook.com\/everton.fans.cz.sk\" \/>\n<meta property=\"article:modified_time\" content=\"2025-06-29T17:30:45+00:00\" \/>\n<meta property=\"og:image\" content=\"https:\/\/evertonfc.cz\/wp-content\/uploads\/2023\/09\/maupay_n.png\" \/>\n<meta name=\"twitter:card\" content=\"summary_large_image\" \/>\n<meta name=\"twitter:label1\" content=\"Odhadovan\u00e1 doba \u010dten\u00ed\" \/>\n\t<meta name=\"twitter:data1\" content=\"4 minuty\" \/>\n<script type=\"application\/ld+json\" class=\"yoast-schema-graph\">{\"@context\":\"https:\/\/schema.org\",\"@graph\":[{\"@type\":\"WebPage\",\"@id\":\"https:\/\/evertonfc.cz\/index.php\/soupiska\/neal-maupay\/\",\"url\":\"https:\/\/evertonfc.cz\/index.php\/soupiska\/neal-maupay\/\",\"name\":\"Neal Maupay - Official Czech &amp; Slovak Everton Supporters&#039; Club\",\"isPartOf\":{\"@id\":\"https:\/\/evertonfc.cz\/#website\"},\"primaryImageOfPage\":{\"@id\":\"https:\/\/evertonfc.cz\/index.php\/soupiska\/neal-maupay\/#primaryimage\"},\"image\":{\"@id\":\"https:\/\/evertonfc.cz\/index.php\/soupiska\/neal-maupay\/#primaryimage\"},\"thumbnailUrl\":\"https:\/\/evertonfc.cz\/wp-content\/uploads\/2023\/09\/maupay_n.png\",\"datePublished\":\"2022-08-26T21:00:34+00:00\",\"dateModified\":\"2025-06-29T17:30:45+00:00\",\"breadcrumb\":{\"@id\":\"https:\/\/evertonfc.cz\/index.php\/soupiska\/neal-maupay\/#breadcrumb\"},\"inLanguage\":\"cs\",\"potentialAction\":[{\"@type\":\"ReadAction\",\"target\":[\"https:\/\/evertonfc.cz\/index.php\/soupiska\/neal-maupay\/\"]}]},{\"@type\":\"ImageObject\",\"inLanguage\":\"cs\",\"@id\":\"https:\/\/evertonfc.cz\/index.php\/soupiska\/neal-maupay\/#primaryimage\",\"url\":\"https:\/\/evertonfc.cz\/wp-content\/uploads\/2023\/09\/maupay_n.png\",\"contentUrl\":\"https:\/\/evertonfc.cz\/wp-content\/uploads\/2023\/09\/maupay_n.png\",\"width\":80,\"height\":83},{\"@type\":\"BreadcrumbList\",\"@id\":\"https:\/\/evertonfc.cz\/index.php\/soupiska\/neal-maupay\/#breadcrumb\",\"itemListElement\":[{\"@type\":\"ListItem\",\"position\":1,\"name\":\"Home\",\"item\":\"https:\/\/evertonfc.cz\/\"},{\"@type\":\"ListItem\",\"position\":2,\"name\":\"Soupiska\",\"item\":\"https:\/\/evertonfc.cz\/index.php\/soupiska\/\"},{\"@type\":\"ListItem\",\"position\":3,\"name\":\"Neal Maupay\"}]},{\"@type\":\"WebSite\",\"@id\":\"https:\/\/evertonfc.cz\/#website\",\"url\":\"https:\/\/evertonfc.cz\/\",\"name\":\"Official Czech &amp; Slovak Everton Supporters&#039; Club\",\"description\":\"\",\"publisher\":{\"@id\":\"https:\/\/evertonfc.cz\/#organization\"},\"potentialAction\":[{\"@type\":\"SearchAction\",\"target\":{\"@type\":\"EntryPoint\",\"urlTemplate\":\"https:\/\/evertonfc.cz\/?s={search_term_string}\"},\"query-input\":{\"@type\":\"PropertyValueSpecification\",\"valueRequired\":true,\"valueName\":\"search_term_string\"}}],\"inLanguage\":\"cs\"},{\"@type\":\"Organization\",\"@id\":\"https:\/\/evertonfc.cz\/#organization\",\"name\":\"Official Czech & Slovak Everton Supporters' Club\",\"url\":\"https:\/\/evertonfc.cz\/\",\"logo\":{\"@type\":\"ImageObject\",\"inLanguage\":\"cs\",\"@id\":\"https:\/\/evertonfc.cz\/#\/schema\/logo\/image\/\",\"url\":\"https:\/\/evertonfc.cz\/wp-content\/uploads\/2019\/05\/logo.png\",\"contentUrl\":\"https:\/\/evertonfc.cz\/wp-content\/uploads\/2019\/05\/logo.png\",\"width\":112,\"height\":112,\"caption\":\"Official Czech & Slovak Everton Supporters' Club\"},\"image\":{\"@id\":\"https:\/\/evertonfc.cz\/#\/schema\/logo\/image\/\"},\"sameAs\":[\"https:\/\/www.facebook.com\/everton.fans.cz.sk\"]}]}<\/script>\n<!-- \/ Yoast SEO plugin. -->","yoast_head_json":{"title":"Neal Maupay - Official Czech &amp; Slovak Everton Supporters&#039; Club","robots":{"index":"index","follow":"follow","max-snippet":"max-snippet:-1","max-image-preview":"max-image-preview:large","max-video-preview":"max-video-preview:-1"},"canonical":"https:\/\/evertonfc.cz\/index.php\/soupiska\/neal-maupay\/","og_locale":"cs_CZ","og_type":"article","og_title":"Neal Maupay - Official Czech &amp; Slovak Everton Supporters&#039; Club","og_description":"Narozen: 14. 08. 1996, Versailles, Francie V\u00fd\u0161ka: 173 cm V\u00e1ha: 69 kg Post: \u00dato\u010dn\u00edk V EFC od: 25. 08. 2022&hellip;","og_url":"https:\/\/evertonfc.cz\/index.php\/soupiska\/neal-maupay\/","og_site_name":"Official Czech &amp; Slovak Everton Supporters&#039; Club","article_publisher":"https:\/\/www.facebook.com\/everton.fans.cz.sk","article_modified_time":"2025-06-29T17:30:45+00:00","og_image":[{"url":"https:\/\/evertonfc.cz\/wp-content\/uploads\/2023\/09\/maupay_n.png"}],"twitter_card":"summary_large_image","twitter_misc":{"Odhadovan\u00e1 doba \u010dten\u00ed":"4 minuty"},"schema":{"@context":"https:\/\/schema.org","@graph":[{"@type":"WebPage","@id":"https:\/\/evertonfc.cz\/index.php\/soupiska\/neal-maupay\/","url":"https:\/\/evertonfc.cz\/index.php\/soupiska\/neal-maupay\/","name":"Neal Maupay - Official Czech &amp; Slovak Everton Supporters&#039; Club","isPartOf":{"@id":"https:\/\/evertonfc.cz\/#website"},"primaryImageOfPage":{"@id":"https:\/\/evertonfc.cz\/index.php\/soupiska\/neal-maupay\/#primaryimage"},"image":{"@id":"https:\/\/evertonfc.cz\/index.php\/soupiska\/neal-maupay\/#primaryimage"},"thumbnailUrl":"https:\/\/evertonfc.cz\/wp-content\/uploads\/2023\/09\/maupay_n.png","datePublished":"2022-08-26T21:00:34+00:00","dateModified":"2025-06-29T17:30:45+00:00","breadcrumb":{"@id":"https:\/\/evertonfc.cz\/index.php\/soupiska\/neal-maupay\/#breadcrumb"},"inLanguage":"cs","potentialAction":[{"@type":"ReadAction","target":["https:\/\/evertonfc.cz\/index.php\/soupiska\/neal-maupay\/"]}]},{"@type":"ImageObject","inLanguage":"cs","@id":"https:\/\/evertonfc.cz\/index.php\/soupiska\/neal-maupay\/#primaryimage","url":"https:\/\/evertonfc.cz\/wp-content\/uploads\/2023\/09\/maupay_n.png","contentUrl":"https:\/\/evertonfc.cz\/wp-content\/uploads\/2023\/09\/maupay_n.png","width":80,"height":83},{"@type":"BreadcrumbList","@id":"https:\/\/evertonfc.cz\/index.php\/soupiska\/neal-maupay\/#breadcrumb","itemListElement":[{"@type":"ListItem","position":1,"name":"Home","item":"https:\/\/evertonfc.cz\/"},{"@type":"ListItem","position":2,"name":"Soupiska","item":"https:\/\/evertonfc.cz\/index.php\/soupiska\/"},{"@type":"ListItem","position":3,"name":"Neal Maupay"}]},{"@type":"WebSite","@id":"https:\/\/evertonfc.cz\/#website","url":"https:\/\/evertonfc.cz\/","name":"Official Czech &amp; Slovak Everton Supporters&#039; Club","description":"","publisher":{"@id":"https:\/\/evertonfc.cz\/#organization"},"potentialAction":[{"@type":"SearchAction","target":{"@type":"EntryPoint","urlTemplate":"https:\/\/evertonfc.cz\/?s={search_term_string}"},"query-input":{"@type":"PropertyValueSpecification","valueRequired":true,"valueName":"search_term_string"}}],"inLanguage":"cs"},{"@type":"Organization","@id":"https:\/\/evertonfc.cz\/#organization","name":"Official Czech & Slovak Everton Supporters' Club","url":"https:\/\/evertonfc.cz\/","logo":{"@type":"ImageObject","inLanguage":"cs","@id":"https:\/\/evertonfc.cz\/#\/schema\/logo\/image\/","url":"https:\/\/evertonfc.cz\/wp-content\/uploads\/2019\/05\/logo.png","contentUrl":"https:\/\/evertonfc.cz\/wp-content\/uploads\/2019\/05\/logo.png","width":112,"height":112,"caption":"Official Czech & Slovak Everton Supporters' Club"},"image":{"@id":"https:\/\/evertonfc.cz\/#\/schema\/logo\/image\/"},"sameAs":["https:\/\/www.facebook.com\/everton.fans.cz.sk"]}]}},"_links":{"self":[{"href":"https:\/\/evertonfc.cz\/index.php\/wp-json\/wp\/v2\/pages\/19588"}],"collection":[{"href":"https:\/\/evertonfc.cz\/index.php\/wp-json\/wp\/v2\/pages"}],"about":[{"href":"https:\/\/evertonfc.cz\/index.php\/wp-json\/wp\/v2\/types\/page"}],"author":[{"embeddable":true,"href":"https:\/\/evertonfc.cz\/index.php\/wp-json\/wp\/v2\/users\/6"}],"replies":[{"embeddable":true,"href":"https:\/\/evertonfc.cz\/index.php\/wp-json\/wp\/v2\/comments?post=19588"}],"version-history":[{"count":13,"href":"https:\/\/evertonfc.cz\/index.php\/wp-json\/wp\/v2\/pages\/19588\/revisions"}],"predecessor-version":[{"id":26951,"href":"https:\/\/evertonfc.cz\/index.php\/wp-json\/wp\/v2\/pages\/19588\/revisions\/26951"}],"up":[{"embeddable":true,"href":"https:\/\/evertonfc.cz\/index.php\/wp-json\/wp\/v2\/pages\/70"}],"wp:attachment":[{"href":"https:\/\/evertonfc.cz\/index.php\/wp-json\/wp\/v2\/media?parent=19588"}],"curies":[{"name":"wp","href":"https:\/\/api.w.org\/{rel}","templated":true}]}}