{"id":65,"date":"2018-11-28T12:25:27","date_gmt":"2018-11-28T11:25:27","guid":{"rendered":"http:\/\/evertonfc.cz\/?page_id=65"},"modified":"2025-08-12T22:57:14","modified_gmt":"2025-08-12T20:57:14","slug":"o-klubu","status":"publish","type":"page","link":"https:\/\/evertonfc.cz\/index.php\/o-klubu\/","title":{"rendered":"O klubu"},"content":{"rendered":"<table style=\"height: 560px; width: 100%;\" width=\"1032\">\n<tbody>\n<tr style=\"height: 560px;\">\n<td style=\"width: 52.2619%; height: 560px;\"><strong>Cel\u00fd n\u00e1zov klubu:<\/strong>\u00a0Everton Football Club<br \/>\n<strong>Rok zalo\u017eenia:<\/strong>\u00a01878 ako St. Domingo Football Club<br \/>\n<strong>Klubov\u00e1 farba:<\/strong>\u00a0kr\u00e1\u013eovsk\u00e1 modr\u00e1<br \/>\n<strong>Prez\u00fdvky klubu: <\/strong>The Toffees, The Blues,<br \/>\nThe People&#8217;s Club, The School of Science<br \/>\n<strong>Adresa:<\/strong> Bramley-Moore Dock, Liverpool L5 9SR, GB<br \/>\n<strong>\u0160tadi\u00f3n:<\/strong> Hill Dickinson Stadium<br \/>\n<strong>Kapacita \u0161tadi\u00f3nu:<\/strong> 52 769<br \/>\n<strong>Telef\u00f3n:<\/strong>\u00a0+44 870 442 1878<br \/>\n<strong>Fax:<\/strong>\u00a0+44 151 286 9112<br \/>\n<strong>Ofici\u00e1lny web:\u00a0<\/strong><a href=\"http:\/\/www.evertonfc.com\/\" target=\"_blank\" rel=\"noopener noreferrer\">www.evertonfc.com<\/a><br \/>\n<strong>Ofici\u00e1lny email:\u00a0<\/strong>everton@evertonfc.co.uk<br \/>\n<strong>Predseda:<\/strong> Dan Friedkin<br \/>\n<strong>V\u00e4\u010d\u0161inov\u00fd vlastn\u00edk:<\/strong> The Friedkin Group<br \/>\n<strong>Riaditelia:<\/strong> Marc Watts, Ana Dunkel, Colin Chong, Angus Kinnear, Eric Williamson<br \/>\n<strong>Vlastn\u00edci:<\/strong> Roundhouse Capital Holdings Limited (99,5 %),\u00a0ostatn\u00ed (0,5 %)<strong><strong><br \/>\nMana\u017e\u00e9r: <\/strong><\/strong>David Moyes<\/td>\n<td style=\"width: 47.619%; height: 560px;\"><img loading=\"lazy\" decoding=\"async\" class=\"size-full wp-image-1301 aligncenter\" src=\"http:\/\/evertonfc.cz\/wp-content\/uploads\/2019\/01\/znak.jpg\" alt=\"\" width=\"342\" height=\"342\" srcset=\"https:\/\/evertonfc.cz\/wp-content\/uploads\/2019\/01\/znak.jpg 342w, https:\/\/evertonfc.cz\/wp-content\/uploads\/2019\/01\/znak-150x150.jpg 150w, https:\/\/evertonfc.cz\/wp-content\/uploads\/2019\/01\/znak-300x300.jpg 300w\" sizes=\"(max-width: 342px) 100vw, 342px\" \/><\/td>\n<\/tr>\n<\/tbody>\n<\/table>\n","protected":false},"excerpt":{"rendered":"<p>Cel\u00fd n\u00e1zov klubu:\u00a0Everton Football Club Rok zalo\u017eenia:\u00a01878 ako St. Domingo Football Club Klubov\u00e1 farba:\u00a0kr\u00e1\u013eovsk\u00e1 modr\u00e1 Prez\u00fdvky klubu: The Toffees, The&hellip;<\/p>\n","protected":false},"author":1,"featured_media":0,"parent":0,"menu_order":0,"comment_status":"closed","ping_status":"closed","template":"","meta":{"_eb_attr":"","_monsterinsights_skip_tracking":false,"_monsterinsights_sitenote_active":false,"_monsterinsights_sitenote_note":"","_monsterinsights_sitenote_category":0,"footnotes":""},"yoast_head":"<!-- This site is optimized with the Yoast SEO plugin v23.4 - https:\/\/yoast.com\/wordpress\/plugins\/seo\/ -->\n<title>O klubu - Official Czech &amp; Slovak Everton Supporters&#039; Club<\/title>\n<meta name=\"robots\" content=\"index, follow, max-snippet:-1, max-image-preview:large, max-video-preview:-1\" \/>\n<link rel=\"canonical\" href=\"https:\/\/evertonfc.cz\/index.php\/o-klubu\/\" \/>\n<meta property=\"og:locale\" content=\"cs_CZ\" \/>\n<meta property=\"og:type\" content=\"article\" \/>\n<meta property=\"og:title\" content=\"O klubu - Official Czech &amp; Slovak Everton Supporters&#039; Club\" \/>\n<meta property=\"og:description\" content=\"Cel\u00fd n\u00e1zov klubu:\u00a0Everton Football Club Rok zalo\u017eenia:\u00a01878 ako St. Domingo Football Club Klubov\u00e1 farba:\u00a0kr\u00e1\u013eovsk\u00e1 modr\u00e1 Prez\u00fdvky klubu: The Toffees, The&hellip;\" \/>\n<meta property=\"og:url\" content=\"https:\/\/evertonfc.cz\/index.php\/o-klubu\/\" \/>\n<meta property=\"og:site_name\" content=\"Official Czech &amp; Slovak Everton Supporters&#039; Club\" \/>\n<meta property=\"article:publisher\" content=\"https:\/\/www.facebook.com\/everton.fans.cz.sk\" \/>\n<meta property=\"article:modified_time\" content=\"2025-08-12T20:57:14+00:00\" \/>\n<meta property=\"og:image\" content=\"http:\/\/evertonfc.cz\/wp-content\/uploads\/2019\/01\/znak.jpg\" \/>\n<meta name=\"twitter:card\" content=\"summary_large_image\" \/>\n<meta name=\"twitter:label1\" content=\"Odhadovan\u00e1 doba \u010dten\u00ed\" \/>\n\t<meta name=\"twitter:data1\" content=\"1 minuta\" \/>\n<script type=\"application\/ld+json\" class=\"yoast-schema-graph\">{\"@context\":\"https:\/\/schema.org\",\"@graph\":[{\"@type\":\"WebPage\",\"@id\":\"https:\/\/evertonfc.cz\/index.php\/o-klubu\/\",\"url\":\"https:\/\/evertonfc.cz\/index.php\/o-klubu\/\",\"name\":\"O klubu - Official Czech &amp; Slovak Everton Supporters&#039; Club\",\"isPartOf\":{\"@id\":\"https:\/\/evertonfc.cz\/#website\"},\"primaryImageOfPage\":{\"@id\":\"https:\/\/evertonfc.cz\/index.php\/o-klubu\/#primaryimage\"},\"image\":{\"@id\":\"https:\/\/evertonfc.cz\/index.php\/o-klubu\/#primaryimage\"},\"thumbnailUrl\":\"http:\/\/evertonfc.cz\/wp-content\/uploads\/2019\/01\/znak.jpg\",\"datePublished\":\"2018-11-28T11:25:27+00:00\",\"dateModified\":\"2025-08-12T20:57:14+00:00\",\"breadcrumb\":{\"@id\":\"https:\/\/evertonfc.cz\/index.php\/o-klubu\/#breadcrumb\"},\"inLanguage\":\"cs\",\"potentialAction\":[{\"@type\":\"ReadAction\",\"target\":[\"https:\/\/evertonfc.cz\/index.php\/o-klubu\/\"]}]},{\"@type\":\"ImageObject\",\"inLanguage\":\"cs\",\"@id\":\"https:\/\/evertonfc.cz\/index.php\/o-klubu\/#primaryimage\",\"url\":\"https:\/\/evertonfc.cz\/wp-content\/uploads\/2019\/01\/znak.jpg\",\"contentUrl\":\"https:\/\/evertonfc.cz\/wp-content\/uploads\/2019\/01\/znak.jpg\",\"width\":342,\"height\":342},{\"@type\":\"BreadcrumbList\",\"@id\":\"https:\/\/evertonfc.cz\/index.php\/o-klubu\/#breadcrumb\",\"itemListElement\":[{\"@type\":\"ListItem\",\"position\":1,\"name\":\"Home\",\"item\":\"https:\/\/evertonfc.cz\/\"},{\"@type\":\"ListItem\",\"position\":2,\"name\":\"O klubu\"}]},{\"@type\":\"WebSite\",\"@id\":\"https:\/\/evertonfc.cz\/#website\",\"url\":\"https:\/\/evertonfc.cz\/\",\"name\":\"Official Czech &amp; Slovak Everton Supporters&#039; Club\",\"description\":\"\",\"publisher\":{\"@id\":\"https:\/\/evertonfc.cz\/#organization\"},\"potentialAction\":[{\"@type\":\"SearchAction\",\"target\":{\"@type\":\"EntryPoint\",\"urlTemplate\":\"https:\/\/evertonfc.cz\/?s={search_term_string}\"},\"query-input\":{\"@type\":\"PropertyValueSpecification\",\"valueRequired\":true,\"valueName\":\"search_term_string\"}}],\"inLanguage\":\"cs\"},{\"@type\":\"Organization\",\"@id\":\"https:\/\/evertonfc.cz\/#organization\",\"name\":\"Official Czech & Slovak Everton Supporters' Club\",\"url\":\"https:\/\/evertonfc.cz\/\",\"logo\":{\"@type\":\"ImageObject\",\"inLanguage\":\"cs\",\"@id\":\"https:\/\/evertonfc.cz\/#\/schema\/logo\/image\/\",\"url\":\"https:\/\/evertonfc.cz\/wp-content\/uploads\/2019\/05\/logo.png\",\"contentUrl\":\"https:\/\/evertonfc.cz\/wp-content\/uploads\/2019\/05\/logo.png\",\"width\":112,\"height\":112,\"caption\":\"Official Czech & Slovak Everton Supporters' Club\"},\"image\":{\"@id\":\"https:\/\/evertonfc.cz\/#\/schema\/logo\/image\/\"},\"sameAs\":[\"https:\/\/www.facebook.com\/everton.fans.cz.sk\"]}]}<\/script>\n<!-- \/ Yoast SEO plugin. -->","yoast_head_json":{"title":"O klubu - Official Czech &amp; Slovak Everton Supporters&#039; Club","robots":{"index":"index","follow":"follow","max-snippet":"max-snippet:-1","max-image-preview":"max-image-preview:large","max-video-preview":"max-video-preview:-1"},"canonical":"https:\/\/evertonfc.cz\/index.php\/o-klubu\/","og_locale":"cs_CZ","og_type":"article","og_title":"O klubu - Official Czech &amp; Slovak Everton Supporters&#039; Club","og_description":"Cel\u00fd n\u00e1zov klubu:\u00a0Everton Football Club Rok zalo\u017eenia:\u00a01878 ako St. Domingo Football Club Klubov\u00e1 farba:\u00a0kr\u00e1\u013eovsk\u00e1 modr\u00e1 Prez\u00fdvky klubu: The Toffees, The&hellip;","og_url":"https:\/\/evertonfc.cz\/index.php\/o-klubu\/","og_site_name":"Official Czech &amp; Slovak Everton Supporters&#039; Club","article_publisher":"https:\/\/www.facebook.com\/everton.fans.cz.sk","article_modified_time":"2025-08-12T20:57:14+00:00","og_image":[{"url":"http:\/\/evertonfc.cz\/wp-content\/uploads\/2019\/01\/znak.jpg"}],"twitter_card":"summary_large_image","twitter_misc":{"Odhadovan\u00e1 doba \u010dten\u00ed":"1 minuta"},"schema":{"@context":"https:\/\/schema.org","@graph":[{"@type":"WebPage","@id":"https:\/\/evertonfc.cz\/index.php\/o-klubu\/","url":"https:\/\/evertonfc.cz\/index.php\/o-klubu\/","name":"O klubu - Official Czech &amp; Slovak Everton Supporters&#039; Club","isPartOf":{"@id":"https:\/\/evertonfc.cz\/#website"},"primaryImageOfPage":{"@id":"https:\/\/evertonfc.cz\/index.php\/o-klubu\/#primaryimage"},"image":{"@id":"https:\/\/evertonfc.cz\/index.php\/o-klubu\/#primaryimage"},"thumbnailUrl":"http:\/\/evertonfc.cz\/wp-content\/uploads\/2019\/01\/znak.jpg","datePublished":"2018-11-28T11:25:27+00:00","dateModified":"2025-08-12T20:57:14+00:00","breadcrumb":{"@id":"https:\/\/evertonfc.cz\/index.php\/o-klubu\/#breadcrumb"},"inLanguage":"cs","potentialAction":[{"@type":"ReadAction","target":["https:\/\/evertonfc.cz\/index.php\/o-klubu\/"]}]},{"@type":"ImageObject","inLanguage":"cs","@id":"https:\/\/evertonfc.cz\/index.php\/o-klubu\/#primaryimage","url":"https:\/\/evertonfc.cz\/wp-content\/uploads\/2019\/01\/znak.jpg","contentUrl":"https:\/\/evertonfc.cz\/wp-content\/uploads\/2019\/01\/znak.jpg","width":342,"height":342},{"@type":"BreadcrumbList","@id":"https:\/\/evertonfc.cz\/index.php\/o-klubu\/#breadcrumb","itemListElement":[{"@type":"ListItem","position":1,"name":"Home","item":"https:\/\/evertonfc.cz\/"},{"@type":"ListItem","position":2,"name":"O klubu"}]},{"@type":"WebSite","@id":"https:\/\/evertonfc.cz\/#website","url":"https:\/\/evertonfc.cz\/","name":"Official Czech &amp; Slovak Everton Supporters&#039; Club","description":"","publisher":{"@id":"https:\/\/evertonfc.cz\/#organization"},"potentialAction":[{"@type":"SearchAction","target":{"@type":"EntryPoint","urlTemplate":"https:\/\/evertonfc.cz\/?s={search_term_string}"},"query-input":{"@type":"PropertyValueSpecification","valueRequired":true,"valueName":"search_term_string"}}],"inLanguage":"cs"},{"@type":"Organization","@id":"https:\/\/evertonfc.cz\/#organization","name":"Official Czech & Slovak Everton Supporters' Club","url":"https:\/\/evertonfc.cz\/","logo":{"@type":"ImageObject","inLanguage":"cs","@id":"https:\/\/evertonfc.cz\/#\/schema\/logo\/image\/","url":"https:\/\/evertonfc.cz\/wp-content\/uploads\/2019\/05\/logo.png","contentUrl":"https:\/\/evertonfc.cz\/wp-content\/uploads\/2019\/05\/logo.png","width":112,"height":112,"caption":"Official Czech & Slovak Everton Supporters' Club"},"image":{"@id":"https:\/\/evertonfc.cz\/#\/schema\/logo\/image\/"},"sameAs":["https:\/\/www.facebook.com\/everton.fans.cz.sk"]}]}},"_links":{"self":[{"href":"https:\/\/evertonfc.cz\/index.php\/wp-json\/wp\/v2\/pages\/65"}],"collection":[{"href":"https:\/\/evertonfc.cz\/index.php\/wp-json\/wp\/v2\/pages"}],"about":[{"href":"https:\/\/evertonfc.cz\/index.php\/wp-json\/wp\/v2\/types\/page"}],"author":[{"embeddable":true,"href":"https:\/\/evertonfc.cz\/index.php\/wp-json\/wp\/v2\/users\/1"}],"replies":[{"embeddable":true,"href":"https:\/\/evertonfc.cz\/index.php\/wp-json\/wp\/v2\/comments?post=65"}],"version-history":[{"count":20,"href":"https:\/\/evertonfc.cz\/index.php\/wp-json\/wp\/v2\/pages\/65\/revisions"}],"predecessor-version":[{"id":27247,"href":"https:\/\/evertonfc.cz\/index.php\/wp-json\/wp\/v2\/pages\/65\/revisions\/27247"}],"wp:attachment":[{"href":"https:\/\/evertonfc.cz\/index.php\/wp-json\/wp\/v2\/media?parent=65"}],"curies":[{"name":"wp","href":"https:\/\/api.w.org\/{rel}","templated":true}]}}