{"id":875,"date":"2019-01-05T20:42:57","date_gmt":"2019-01-05T19:42:57","guid":{"rendered":"http:\/\/evertonfc.cz\/?page_id=875"},"modified":"2021-08-01T16:30:04","modified_gmt":"2021-08-01T14:30:04","slug":"beni-baningime","status":"publish","type":"page","link":"https:\/\/evertonfc.cz\/index.php\/soupiska\/beni-baningime\/","title":{"rendered":"Beni Tangama Baningime"},"content":{"rendered":"<p><strong><img loading=\"lazy\" decoding=\"async\" style=\"float: right; margin-left: 10px; margin-right: 10px;\" src=\"http:\/\/evertonfc.cz\/wp-content\/uploads\/2019\/02\/baningime.jpg\" alt=\"\" width=\"80\" height=\"83\" \/>Narozen:<\/strong>\u00a009. 09. 1998,\u00a0Kinshasa, DR Kongo<br \/>\n<strong>V\u00fd\u0161ka:<\/strong>\u00a0178 cm<br \/>\n<strong>V\u00e1ha:<\/strong>\u00a070 kg<br \/>\n<strong>Post:<\/strong> Z\u00e1lo\u017en\u00edk<br \/>\n<strong>V EFC od:<\/strong>\u00a0Odchovanec<br \/>\n<strong>Do:<\/strong> 29. 07. 2021<\/p>\n<hr \/>\n<p>Rod\u00e1k z DR Konga vstoupil do akademie Evertonu jako dev\u00edtilet\u00fd pot\u00e9, co se jeho rodina p\u0159est\u011bhovala do Anglie (fotbalov\u00fdmi dovednostmi se chlub\u00ed i jeho bratr Divin, aktu\u00e1ln\u011b \u00fato\u010dn\u00edk ml\u00e1de\u017enick\u00fdch v\u00fdb\u011br\u016f Wiganu Athletic).<\/p>\n<p>Beniho talent byl v Evertonu rozpozn\u00e1n velmi brzy, vysok\u00e9 m\u00edn\u011bn\u00ed o n\u011bm m\u011bl nap\u0159\u00edklad tren\u00e9r v\u00fdb\u011bru U18 Kevin Sheedy \u010di tak\u00e9 mana\u017eer v\u00fdb\u011bru U23 David Unsworth, jeho\u017e t\u00fdmu, kter\u00fd v sez\u00f3n\u011b 2016\/17 z\u00edskal titul v Premier League 2, byl Baningime ned\u00edlnou sou\u010d\u00e1st\u00ed.<\/p>\n<p>Unsworth rovn\u011b\u017e dop\u0159\u00e1l Baningimemu debut v prvn\u00edm t\u00fdmu Evertonu, kter\u00fd do\u010dasn\u011b vedl na podzim 2018. 19let\u00fd Baningime debutoval v\u00a0r\u00e1mci Ligov\u00e9m poh\u00e1ru na p\u016fd\u011b Chelsea a i p\u0159es prohru obdr\u017eel mnoho chv\u00e1ly za sv\u016fj v\u00fdkon. Brzy n\u00e1sledovala tak\u00e9 premi\u00e9ra v Premier League, do konce ro\u010dn\u00edku 2017\/18 potom celkem zas\u00e1hl do 12 z\u00e1pas\u016f, v\u011bt\u0161inou na posledn\u00ed minuty.<\/p>\n<p>Na za\u010d\u00e1tku n\u00e1sleduj\u00edc\u00ed sez\u00f3ny Baningime utrp\u011bl zran\u011bn\u00ed, a kdy\u017e se pozd\u011bji b\u011bhem podzimu uzdravil, nedok\u00e1zal se probojovat do t\u00fdmu nov\u00e9ho mana\u017eera Marca Silvy, v zim\u011b rozumn\u011b zvolil odchod na hostov\u00e1n\u00ed. Do konce ro\u010dn\u00edku zakotvil v druholigov\u00e9m Wiganu Athletic, kde v\u0161ak i kv\u016fli p\u0159etrv\u00e1vaj\u00edc\u00edmu zran\u011bn\u00ed kotn\u00edku odehr\u00e1l b\u011bhem p\u016flroku jedin\u00fd z\u00e1pas.<\/p>\n<p>V l\u00e9t\u011b 2019 se tak s nepo\u0159\u00edzenou vr\u00e1til do Evertonu, a kdy\u017e na posledn\u00ed chv\u00edli se\u0161lo z jeho hostov\u00e1n\u00ed v d\u00e1nsk\u00e9m Br\u00f8ndby, vlastn\u011b se r\u00e1d p\u0159ipojil k v\u00fdb\u011bru Toffees do 23 let, kter\u00fd vedl jeho chr\u00e1n\u011bnec David Unworth. V rezerv\u011b Evertonu nakonec Baningime pobyl a\u017e rok a p\u016fl, ne\u017e v zim\u011b 2021 zam\u00ed\u0159il na dal\u0161\u00ed zku\u0161enou do druh\u00e9 ligy. Do Derby County si ho na p\u016flro\u010dn\u00ed hostov\u00e1n\u00ed vyt\u00e1hl tam\u011bj\u0161\u00ed mana\u017eer a jeho b\u00fdval\u00fd spoluhr\u00e1\u010d z Goodison Parku Wayne Rooney.<\/p>\n<p>Jen\u017ee pobyt v Pride Park Stadium dopadl stejn\u011b neslavn\u011b jako ve Wiganu, Baningime zas\u00e1hl pouze do dvou z\u00e1pas\u016f. V l\u00e9t\u011b 2021 se tedy vr\u00e1til do Evertonu op\u011bt s nepo\u0159\u00edzenou, ale tentokr\u00e1t u\u017e pouze na chv\u00edli. Rok p\u0159ed koncem smlouvy na Goodison Parku p\u0159estoupil za nezve\u0159ejn\u011bnou \u010d\u00e1stku do skotsk\u00fdch Hearts, kde bude sna\u017eit nakopnout svou fotbalovou kari\u00e9ru.<\/p>\n","protected":false},"excerpt":{"rendered":"<p>Narozen:\u00a009. 09. 1998,\u00a0Kinshasa, DR Kongo V\u00fd\u0161ka:\u00a0178 cm V\u00e1ha:\u00a070 kg Post: Z\u00e1lo\u017en\u00edk V EFC od:\u00a0Odchovanec Do: 29. 07. 2021 Rod\u00e1k z&hellip;<\/p>\n","protected":false},"author":6,"featured_media":0,"parent":70,"menu_order":0,"comment_status":"closed","ping_status":"closed","template":"","meta":{"_eb_attr":"","_monsterinsights_skip_tracking":false,"_monsterinsights_sitenote_active":false,"_monsterinsights_sitenote_note":"","_monsterinsights_sitenote_category":0,"footnotes":""},"yoast_head":"<!-- This site is optimized with the Yoast SEO plugin v23.4 - https:\/\/yoast.com\/wordpress\/plugins\/seo\/ -->\n<title>Beni Tangama Baningime - Official Czech &amp; Slovak Everton Supporters&#039; Club<\/title>\n<meta name=\"robots\" content=\"index, follow, max-snippet:-1, max-image-preview:large, max-video-preview:-1\" \/>\n<link rel=\"canonical\" href=\"https:\/\/evertonfc.cz\/index.php\/soupiska\/beni-baningime\/\" \/>\n<meta property=\"og:locale\" content=\"cs_CZ\" \/>\n<meta property=\"og:type\" content=\"article\" \/>\n<meta property=\"og:title\" content=\"Beni Tangama Baningime - Official Czech &amp; Slovak Everton Supporters&#039; Club\" \/>\n<meta property=\"og:description\" content=\"Narozen:\u00a009. 09. 1998,\u00a0Kinshasa, DR Kongo V\u00fd\u0161ka:\u00a0178 cm V\u00e1ha:\u00a070 kg Post: Z\u00e1lo\u017en\u00edk V EFC od:\u00a0Odchovanec Do: 29. 07. 2021 Rod\u00e1k z&hellip;\" \/>\n<meta property=\"og:url\" content=\"https:\/\/evertonfc.cz\/index.php\/soupiska\/beni-baningime\/\" \/>\n<meta property=\"og:site_name\" content=\"Official Czech &amp; Slovak Everton Supporters&#039; Club\" \/>\n<meta property=\"article:publisher\" content=\"https:\/\/www.facebook.com\/everton.fans.cz.sk\" \/>\n<meta property=\"article:modified_time\" content=\"2021-08-01T14:30:04+00:00\" \/>\n<meta property=\"og:image\" content=\"http:\/\/evertonfc.cz\/wp-content\/uploads\/2019\/02\/baningime.jpg\" \/>\n<meta name=\"twitter:card\" content=\"summary_large_image\" \/>\n<meta name=\"twitter:label1\" content=\"Odhadovan\u00e1 doba \u010dten\u00ed\" \/>\n\t<meta name=\"twitter:data1\" content=\"2 minuty\" \/>\n<script type=\"application\/ld+json\" class=\"yoast-schema-graph\">{\"@context\":\"https:\/\/schema.org\",\"@graph\":[{\"@type\":\"WebPage\",\"@id\":\"https:\/\/evertonfc.cz\/index.php\/soupiska\/beni-baningime\/\",\"url\":\"https:\/\/evertonfc.cz\/index.php\/soupiska\/beni-baningime\/\",\"name\":\"Beni Tangama Baningime - Official Czech &amp; Slovak Everton Supporters&#039; Club\",\"isPartOf\":{\"@id\":\"https:\/\/evertonfc.cz\/#website\"},\"primaryImageOfPage\":{\"@id\":\"https:\/\/evertonfc.cz\/index.php\/soupiska\/beni-baningime\/#primaryimage\"},\"image\":{\"@id\":\"https:\/\/evertonfc.cz\/index.php\/soupiska\/beni-baningime\/#primaryimage\"},\"thumbnailUrl\":\"http:\/\/evertonfc.cz\/wp-content\/uploads\/2019\/02\/baningime.jpg\",\"datePublished\":\"2019-01-05T19:42:57+00:00\",\"dateModified\":\"2021-08-01T14:30:04+00:00\",\"breadcrumb\":{\"@id\":\"https:\/\/evertonfc.cz\/index.php\/soupiska\/beni-baningime\/#breadcrumb\"},\"inLanguage\":\"cs\",\"potentialAction\":[{\"@type\":\"ReadAction\",\"target\":[\"https:\/\/evertonfc.cz\/index.php\/soupiska\/beni-baningime\/\"]}]},{\"@type\":\"ImageObject\",\"inLanguage\":\"cs\",\"@id\":\"https:\/\/evertonfc.cz\/index.php\/soupiska\/beni-baningime\/#primaryimage\",\"url\":\"https:\/\/evertonfc.cz\/wp-content\/uploads\/2019\/02\/baningime.jpg\",\"contentUrl\":\"https:\/\/evertonfc.cz\/wp-content\/uploads\/2019\/02\/baningime.jpg\",\"width\":80,\"height\":83},{\"@type\":\"BreadcrumbList\",\"@id\":\"https:\/\/evertonfc.cz\/index.php\/soupiska\/beni-baningime\/#breadcrumb\",\"itemListElement\":[{\"@type\":\"ListItem\",\"position\":1,\"name\":\"Home\",\"item\":\"https:\/\/evertonfc.cz\/\"},{\"@type\":\"ListItem\",\"position\":2,\"name\":\"Soupiska\",\"item\":\"https:\/\/evertonfc.cz\/index.php\/soupiska\/\"},{\"@type\":\"ListItem\",\"position\":3,\"name\":\"Beni Tangama Baningime\"}]},{\"@type\":\"WebSite\",\"@id\":\"https:\/\/evertonfc.cz\/#website\",\"url\":\"https:\/\/evertonfc.cz\/\",\"name\":\"Official Czech &amp; Slovak Everton Supporters&#039; Club\",\"description\":\"\",\"publisher\":{\"@id\":\"https:\/\/evertonfc.cz\/#organization\"},\"potentialAction\":[{\"@type\":\"SearchAction\",\"target\":{\"@type\":\"EntryPoint\",\"urlTemplate\":\"https:\/\/evertonfc.cz\/?s={search_term_string}\"},\"query-input\":{\"@type\":\"PropertyValueSpecification\",\"valueRequired\":true,\"valueName\":\"search_term_string\"}}],\"inLanguage\":\"cs\"},{\"@type\":\"Organization\",\"@id\":\"https:\/\/evertonfc.cz\/#organization\",\"name\":\"Official Czech & Slovak Everton Supporters' Club\",\"url\":\"https:\/\/evertonfc.cz\/\",\"logo\":{\"@type\":\"ImageObject\",\"inLanguage\":\"cs\",\"@id\":\"https:\/\/evertonfc.cz\/#\/schema\/logo\/image\/\",\"url\":\"https:\/\/evertonfc.cz\/wp-content\/uploads\/2019\/05\/logo.png\",\"contentUrl\":\"https:\/\/evertonfc.cz\/wp-content\/uploads\/2019\/05\/logo.png\",\"width\":112,\"height\":112,\"caption\":\"Official Czech & Slovak Everton Supporters' Club\"},\"image\":{\"@id\":\"https:\/\/evertonfc.cz\/#\/schema\/logo\/image\/\"},\"sameAs\":[\"https:\/\/www.facebook.com\/everton.fans.cz.sk\"]}]}<\/script>\n<!-- \/ Yoast SEO plugin. -->","yoast_head_json":{"title":"Beni Tangama Baningime - Official Czech &amp; Slovak Everton Supporters&#039; Club","robots":{"index":"index","follow":"follow","max-snippet":"max-snippet:-1","max-image-preview":"max-image-preview:large","max-video-preview":"max-video-preview:-1"},"canonical":"https:\/\/evertonfc.cz\/index.php\/soupiska\/beni-baningime\/","og_locale":"cs_CZ","og_type":"article","og_title":"Beni Tangama Baningime - Official Czech &amp; Slovak Everton Supporters&#039; Club","og_description":"Narozen:\u00a009. 09. 1998,\u00a0Kinshasa, DR Kongo V\u00fd\u0161ka:\u00a0178 cm V\u00e1ha:\u00a070 kg Post: Z\u00e1lo\u017en\u00edk V EFC od:\u00a0Odchovanec Do: 29. 07. 2021 Rod\u00e1k z&hellip;","og_url":"https:\/\/evertonfc.cz\/index.php\/soupiska\/beni-baningime\/","og_site_name":"Official Czech &amp; Slovak Everton Supporters&#039; Club","article_publisher":"https:\/\/www.facebook.com\/everton.fans.cz.sk","article_modified_time":"2021-08-01T14:30:04+00:00","og_image":[{"url":"http:\/\/evertonfc.cz\/wp-content\/uploads\/2019\/02\/baningime.jpg"}],"twitter_card":"summary_large_image","twitter_misc":{"Odhadovan\u00e1 doba \u010dten\u00ed":"2 minuty"},"schema":{"@context":"https:\/\/schema.org","@graph":[{"@type":"WebPage","@id":"https:\/\/evertonfc.cz\/index.php\/soupiska\/beni-baningime\/","url":"https:\/\/evertonfc.cz\/index.php\/soupiska\/beni-baningime\/","name":"Beni Tangama Baningime - Official Czech &amp; Slovak Everton Supporters&#039; Club","isPartOf":{"@id":"https:\/\/evertonfc.cz\/#website"},"primaryImageOfPage":{"@id":"https:\/\/evertonfc.cz\/index.php\/soupiska\/beni-baningime\/#primaryimage"},"image":{"@id":"https:\/\/evertonfc.cz\/index.php\/soupiska\/beni-baningime\/#primaryimage"},"thumbnailUrl":"http:\/\/evertonfc.cz\/wp-content\/uploads\/2019\/02\/baningime.jpg","datePublished":"2019-01-05T19:42:57+00:00","dateModified":"2021-08-01T14:30:04+00:00","breadcrumb":{"@id":"https:\/\/evertonfc.cz\/index.php\/soupiska\/beni-baningime\/#breadcrumb"},"inLanguage":"cs","potentialAction":[{"@type":"ReadAction","target":["https:\/\/evertonfc.cz\/index.php\/soupiska\/beni-baningime\/"]}]},{"@type":"ImageObject","inLanguage":"cs","@id":"https:\/\/evertonfc.cz\/index.php\/soupiska\/beni-baningime\/#primaryimage","url":"https:\/\/evertonfc.cz\/wp-content\/uploads\/2019\/02\/baningime.jpg","contentUrl":"https:\/\/evertonfc.cz\/wp-content\/uploads\/2019\/02\/baningime.jpg","width":80,"height":83},{"@type":"BreadcrumbList","@id":"https:\/\/evertonfc.cz\/index.php\/soupiska\/beni-baningime\/#breadcrumb","itemListElement":[{"@type":"ListItem","position":1,"name":"Home","item":"https:\/\/evertonfc.cz\/"},{"@type":"ListItem","position":2,"name":"Soupiska","item":"https:\/\/evertonfc.cz\/index.php\/soupiska\/"},{"@type":"ListItem","position":3,"name":"Beni Tangama Baningime"}]},{"@type":"WebSite","@id":"https:\/\/evertonfc.cz\/#website","url":"https:\/\/evertonfc.cz\/","name":"Official Czech &amp; Slovak Everton Supporters&#039; Club","description":"","publisher":{"@id":"https:\/\/evertonfc.cz\/#organization"},"potentialAction":[{"@type":"SearchAction","target":{"@type":"EntryPoint","urlTemplate":"https:\/\/evertonfc.cz\/?s={search_term_string}"},"query-input":{"@type":"PropertyValueSpecification","valueRequired":true,"valueName":"search_term_string"}}],"inLanguage":"cs"},{"@type":"Organization","@id":"https:\/\/evertonfc.cz\/#organization","name":"Official Czech & Slovak Everton Supporters' Club","url":"https:\/\/evertonfc.cz\/","logo":{"@type":"ImageObject","inLanguage":"cs","@id":"https:\/\/evertonfc.cz\/#\/schema\/logo\/image\/","url":"https:\/\/evertonfc.cz\/wp-content\/uploads\/2019\/05\/logo.png","contentUrl":"https:\/\/evertonfc.cz\/wp-content\/uploads\/2019\/05\/logo.png","width":112,"height":112,"caption":"Official Czech & Slovak Everton Supporters' Club"},"image":{"@id":"https:\/\/evertonfc.cz\/#\/schema\/logo\/image\/"},"sameAs":["https:\/\/www.facebook.com\/everton.fans.cz.sk"]}]}},"_links":{"self":[{"href":"https:\/\/evertonfc.cz\/index.php\/wp-json\/wp\/v2\/pages\/875"}],"collection":[{"href":"https:\/\/evertonfc.cz\/index.php\/wp-json\/wp\/v2\/pages"}],"about":[{"href":"https:\/\/evertonfc.cz\/index.php\/wp-json\/wp\/v2\/types\/page"}],"author":[{"embeddable":true,"href":"https:\/\/evertonfc.cz\/index.php\/wp-json\/wp\/v2\/users\/6"}],"replies":[{"embeddable":true,"href":"https:\/\/evertonfc.cz\/index.php\/wp-json\/wp\/v2\/comments?post=875"}],"version-history":[{"count":7,"href":"https:\/\/evertonfc.cz\/index.php\/wp-json\/wp\/v2\/pages\/875\/revisions"}],"predecessor-version":[{"id":15960,"href":"https:\/\/evertonfc.cz\/index.php\/wp-json\/wp\/v2\/pages\/875\/revisions\/15960"}],"up":[{"embeddable":true,"href":"https:\/\/evertonfc.cz\/index.php\/wp-json\/wp\/v2\/pages\/70"}],"wp:attachment":[{"href":"https:\/\/evertonfc.cz\/index.php\/wp-json\/wp\/v2\/media?parent=875"}],"curies":[{"name":"wp","href":"https:\/\/api.w.org\/{rel}","templated":true}]}}