{"id":889,"date":"2019-01-05T21:37:56","date_gmt":"2019-01-05T20:37:56","guid":{"rendered":"http:\/\/evertonfc.cz\/?page_id=889"},"modified":"2019-07-29T09:30:16","modified_gmt":"2019-07-29T07:30:16","slug":"ademola-lookman","status":"publish","type":"page","link":"https:\/\/evertonfc.cz\/index.php\/soupiska\/ademola-lookman\/","title":{"rendered":"Ademola Lookman Olajade Lookman"},"content":{"rendered":"<p><strong><img loading=\"lazy\" decoding=\"async\" style=\"float: right; margin-left: 10px; margin-right: 10px;\" src=\"https:\/\/evertonfc.cz\/wp-content\/uploads\/2019\/07\/ademola_lookman.jpg\" alt=\"\" width=\"80\" height=\"83\" \/>Narozen:<\/strong>\u00a020. 10. 1997,\u00a0Wandsworth, Anglie<br \/>\n<strong>V\u00fd\u0161ka:<\/strong>\u00a0174 cm<br \/>\n<strong>V\u00e1ha:<\/strong>\u00a078 kg<br \/>\n<strong>Post:<\/strong> K\u0159\u00eddeln\u00edk<br \/>\n<strong>V EFC od:<\/strong>\u00a005. 01. 2017<br \/>\n<strong>Do:<\/strong> 25. 07. 2019<\/p>\n<hr \/>\n<p>Naroden\u00fd 20. okt\u00f3bra 1997 v juhoz\u00e1padnom Lond\u00fdne, Wandsworthe. \u0160es\u0165 rokov hr\u00e1val v amat\u00e9rskom klube Waterloo FC predt\u00fdm, ne\u017e ho v roku 2014 stiahla k sebe akad\u00e9mia The Addicks. V sez\u00f3ne 14\/15 za Charlton U18 v 28 z\u00e1pasoch sk\u00f3roval 17x, aby si v novembri 2015 vysl\u00fa\u017eil seniorsk\u00fd debut. Len p\u00e1r t\u00fd\u017ed\u0148ov po jeho 18. narodenin\u00e1ch. Prv\u00fd g\u00f3l za mu\u017eov padol o mesiac nesk\u00f4r, vonku proti Brightonu. Sez\u00f3nu zakon\u010dil s piatimi g\u00f3lmi a stal sa platn\u00fdm \u010dlenom z\u00e1kladnej zostavy. Napriek vypadnutiu z druhej ligy, bol Lookman ocenen\u00fd ako EFL Championship Apprentice of the Year a dostala sa mu pozv\u00e1nka na Euro do 19 rokov. O chv\u00ed\u013eu na to pri\u0161la pozv\u00e1nka aj od U20.<\/p>\n<p>Okolo z\u00e1zraku tre\u0165oligov\u00e9ho Charltonu za\u010dal na jese\u0148 roku 2016 kr\u00fa\u017ei\u0165 \u0161portov\u00fd riadite\u013e\u00a0Evertonu Steve Walsh. Prestup sa skompletizoval skraja nov\u00e9ho roku a Lookman\u00a0na Goodison Parku podp\u00edsal 4 a pol ro\u010dn\u00fd kontrakt. Pod\u013ea dohadov, mal kr\u00eddeln\u00edk st\u00e1\u0165 Everton zhruba 7 a\u017e 8 mil.\u00a3. T\u00e1to \u010diastka, sa s mo\u017en\u00fdmi pr\u00eddavkami m\u00f4\u017ee vy\u0161plha\u0165 a\u017e na sumu 10-11 mil.\u00a3.<\/p>\n<p>Svoju prelomov\u00fa sez\u00f3nu zakon\u010dil Lookman na majstrovstv\u00e1ch sveta do 20 rokov, kde patril k opor\u00e1m anglick\u00e9ho v\u00fdberu, ktor\u00fd dokr\u00e1\u010dal k zlat\u00fdm medail\u00e1m. Aj preto do neho boli pred ro\u010dn\u00edkom 2017\/18 vkladan\u00e9 ve\u013ek\u00e9 o\u010dak\u00e1vania. Tie sa v\u0161ak nakoniec nestretli s realitou. Talentovan\u00fd hr\u00e1\u010d toti\u017e na jese\u0148 2017 odohral iba 591 min\u00fat, rozlo\u017een\u00fdch do 16 z\u00e1pasov. Je teda ot\u00e1zkou, pre\u010do nedost\u00e1val viac pr\u00edle\u017eitost\u00ed a na zamyslenie, pre\u010do mu \u0161ancu poskytlo pr\u00e1ve RB Lipsko, \u0161pi\u010dkov\u00fd t\u00edm nemeckej ligy. V janu\u00e1ri 2018 tak Lookman odi\u0161iel do Saska na polro\u010dn\u00e9 hos\u0165ovanie.<\/p>\n<p><span lang=\"SK\">Tam sa mu pomerne darilo. Za polroka v\u00a0Nemecku dostal viac pr\u00edle\u017eitost\u00ed a\u00a0odv\u010fa\u010dil sa za to aj strelecky. V\u00a0jeden\u00e1stich z\u00e1pasoch vsietil p\u00e4\u0165 g\u00f3lov a\u00a0na \u010fal\u0161ie \u0161tyri prihral. Presadil sa v\u00e4\u010d\u0161inou ako \u013eav\u00e9 kr\u00eddlo a to aj do z\u00e1kladnej zostavy a\u00a0nesklamal ani ako \u017eol\u00edk z\u00a0lavi\u010dky. Preto bolo na mieste o\u010dak\u00e1va\u0165, \u017ee nov\u00fd re\u017eim na Goodison Parku mu ur\u010dite poskytne viacej priestoru.<\/span><\/p>\n<p><span lang=\"SK\">Mo\u017eno by sa aj tak stalo, len\u017ee situ\u00e1ciu mu skomplikovala prestupov\u00e1 s\u00e1ga, ktor\u00e1 sa \u0165ahala cel\u00e9 leto. S\u00a0k\u00fdm in\u00fdm ako s\u00a0Lipskom. Po \u00faspe\u0161nom hos\u0165ovan\u00ed chceli mlad\u00e9ho Angli\u010dana natrvalo a\u00a0Mola, ako ho prez\u00fdvaj\u00fa, bol k\u00a0tejto my\u0161lienke naklonen\u00fd tie\u017e a\u00a0to ve\u013emi v\u00fdrazne. Everton v\u0161ak zaujal neoblomn\u00fd postoj a\u00a0nikam ho nepustil.<\/span><\/p>\n<p><span lang=\"SK\">Za\u010dali sa ch\u00fdri\u0165 zvesti o\u00a0jeho zlom pr\u00edstupe a\u00a0\u0161ance v\u00a0novej sez\u00f3ne preto prich\u00e1dzali sporadicky, zv\u00e4\u010d\u0161a na posledn\u00e9 min\u00faty duelov. S\u00e1m hr\u00e1\u010d sa pod\u013ea vlastn\u00fdch vyjadren\u00ed nesk\u00f4r zmieril s\u00a0osudom a\u00a0za\u010dal op\u00e4\u0165 tvrdo pracova\u0165. Len\u017ee \u010das na ihrisku sa i\u00a0tak nezvy\u0161oval. Na jar Silva op\u00e4\u0165 Lookmana skritizoval za nekonzistentn\u00e9 v\u00fdkony v\u00a0tr\u00e9ningoch.<\/span><\/p>\n<p><span lang=\"SK\">Tretiu sez\u00f3nu na Merseyside zakon\u010dil s po\u010dtom 830 odohran\u00fdch min\u00fat, rozdelen\u00fdch do 24 z\u00e1pasov. Z toho a\u017e v osemn\u00e1stich pr\u00edpadoch pri\u0161iel na ihrisko ako striedaj\u00faci hr\u00e1\u010d. Jeho bilancia? Jeden g\u00f3l a dve asistencie. Nasleduj\u00face leto to u\u017e teda nebolo o tom, \u010di od\u00edde, ale za ko\u013eko. A Lipsko, celok<\/span><span lang=\"SK\"> dotovan\u00fd rak\u00faskym gigantom Red Bull,\u00a0 pricv\u00e1lalo op\u00e4\u0165 a vedenie Evertonu nemuselo dlho presvied\u010da\u0165\u00a0 o sume 22,5 mili\u00f3na libier.<\/span><\/p>\n","protected":false},"excerpt":{"rendered":"<p>Narozen:\u00a020. 10. 1997,\u00a0Wandsworth, Anglie V\u00fd\u0161ka:\u00a0174 cm V\u00e1ha:\u00a078 kg Post: K\u0159\u00eddeln\u00edk V EFC od:\u00a005. 01. 2017 Do: 25. 07. 2019 Naroden\u00fd&hellip;<\/p>\n","protected":false},"author":6,"featured_media":0,"parent":70,"menu_order":0,"comment_status":"closed","ping_status":"closed","template":"","meta":{"_eb_attr":"","_monsterinsights_skip_tracking":false,"_monsterinsights_sitenote_active":false,"_monsterinsights_sitenote_note":"","_monsterinsights_sitenote_category":0,"footnotes":""},"yoast_head":"<!-- This site is optimized with the Yoast SEO plugin v23.4 - https:\/\/yoast.com\/wordpress\/plugins\/seo\/ -->\n<title>Ademola Lookman Olajade Lookman - Official Czech &amp; Slovak Everton Supporters&#039; Club<\/title>\n<meta name=\"robots\" content=\"index, follow, max-snippet:-1, max-image-preview:large, max-video-preview:-1\" \/>\n<link rel=\"canonical\" href=\"https:\/\/evertonfc.cz\/index.php\/soupiska\/ademola-lookman\/\" \/>\n<meta property=\"og:locale\" content=\"cs_CZ\" \/>\n<meta property=\"og:type\" content=\"article\" \/>\n<meta property=\"og:title\" content=\"Ademola Lookman Olajade Lookman - Official Czech &amp; Slovak Everton Supporters&#039; Club\" \/>\n<meta property=\"og:description\" content=\"Narozen:\u00a020. 10. 1997,\u00a0Wandsworth, Anglie V\u00fd\u0161ka:\u00a0174 cm V\u00e1ha:\u00a078 kg Post: K\u0159\u00eddeln\u00edk V EFC od:\u00a005. 01. 2017 Do: 25. 07. 2019 Naroden\u00fd&hellip;\" \/>\n<meta property=\"og:url\" content=\"https:\/\/evertonfc.cz\/index.php\/soupiska\/ademola-lookman\/\" \/>\n<meta property=\"og:site_name\" content=\"Official Czech &amp; Slovak Everton Supporters&#039; Club\" \/>\n<meta property=\"article:publisher\" content=\"https:\/\/www.facebook.com\/everton.fans.cz.sk\" \/>\n<meta property=\"article:modified_time\" content=\"2019-07-29T07:30:16+00:00\" \/>\n<meta property=\"og:image\" content=\"https:\/\/evertonfc.cz\/wp-content\/uploads\/2019\/07\/ademola_lookman.jpg\" \/>\n<meta name=\"twitter:card\" content=\"summary_large_image\" \/>\n<meta name=\"twitter:label1\" content=\"Odhadovan\u00e1 doba \u010dten\u00ed\" \/>\n\t<meta name=\"twitter:data1\" content=\"3 minuty\" \/>\n<script type=\"application\/ld+json\" class=\"yoast-schema-graph\">{\"@context\":\"https:\/\/schema.org\",\"@graph\":[{\"@type\":\"WebPage\",\"@id\":\"https:\/\/evertonfc.cz\/index.php\/soupiska\/ademola-lookman\/\",\"url\":\"https:\/\/evertonfc.cz\/index.php\/soupiska\/ademola-lookman\/\",\"name\":\"Ademola Lookman Olajade Lookman - Official Czech &amp; Slovak Everton Supporters&#039; Club\",\"isPartOf\":{\"@id\":\"https:\/\/evertonfc.cz\/#website\"},\"primaryImageOfPage\":{\"@id\":\"https:\/\/evertonfc.cz\/index.php\/soupiska\/ademola-lookman\/#primaryimage\"},\"image\":{\"@id\":\"https:\/\/evertonfc.cz\/index.php\/soupiska\/ademola-lookman\/#primaryimage\"},\"thumbnailUrl\":\"https:\/\/evertonfc.cz\/wp-content\/uploads\/2019\/07\/ademola_lookman.jpg\",\"datePublished\":\"2019-01-05T20:37:56+00:00\",\"dateModified\":\"2019-07-29T07:30:16+00:00\",\"breadcrumb\":{\"@id\":\"https:\/\/evertonfc.cz\/index.php\/soupiska\/ademola-lookman\/#breadcrumb\"},\"inLanguage\":\"cs\",\"potentialAction\":[{\"@type\":\"ReadAction\",\"target\":[\"https:\/\/evertonfc.cz\/index.php\/soupiska\/ademola-lookman\/\"]}]},{\"@type\":\"ImageObject\",\"inLanguage\":\"cs\",\"@id\":\"https:\/\/evertonfc.cz\/index.php\/soupiska\/ademola-lookman\/#primaryimage\",\"url\":\"https:\/\/evertonfc.cz\/wp-content\/uploads\/2019\/07\/ademola_lookman.jpg\",\"contentUrl\":\"https:\/\/evertonfc.cz\/wp-content\/uploads\/2019\/07\/ademola_lookman.jpg\",\"width\":80,\"height\":83},{\"@type\":\"BreadcrumbList\",\"@id\":\"https:\/\/evertonfc.cz\/index.php\/soupiska\/ademola-lookman\/#breadcrumb\",\"itemListElement\":[{\"@type\":\"ListItem\",\"position\":1,\"name\":\"Home\",\"item\":\"https:\/\/evertonfc.cz\/\"},{\"@type\":\"ListItem\",\"position\":2,\"name\":\"Soupiska\",\"item\":\"https:\/\/evertonfc.cz\/index.php\/soupiska\/\"},{\"@type\":\"ListItem\",\"position\":3,\"name\":\"Ademola Lookman Olajade Lookman\"}]},{\"@type\":\"WebSite\",\"@id\":\"https:\/\/evertonfc.cz\/#website\",\"url\":\"https:\/\/evertonfc.cz\/\",\"name\":\"Official Czech &amp; Slovak Everton Supporters&#039; Club\",\"description\":\"\",\"publisher\":{\"@id\":\"https:\/\/evertonfc.cz\/#organization\"},\"potentialAction\":[{\"@type\":\"SearchAction\",\"target\":{\"@type\":\"EntryPoint\",\"urlTemplate\":\"https:\/\/evertonfc.cz\/?s={search_term_string}\"},\"query-input\":{\"@type\":\"PropertyValueSpecification\",\"valueRequired\":true,\"valueName\":\"search_term_string\"}}],\"inLanguage\":\"cs\"},{\"@type\":\"Organization\",\"@id\":\"https:\/\/evertonfc.cz\/#organization\",\"name\":\"Official Czech & Slovak Everton Supporters' Club\",\"url\":\"https:\/\/evertonfc.cz\/\",\"logo\":{\"@type\":\"ImageObject\",\"inLanguage\":\"cs\",\"@id\":\"https:\/\/evertonfc.cz\/#\/schema\/logo\/image\/\",\"url\":\"https:\/\/evertonfc.cz\/wp-content\/uploads\/2019\/05\/logo.png\",\"contentUrl\":\"https:\/\/evertonfc.cz\/wp-content\/uploads\/2019\/05\/logo.png\",\"width\":112,\"height\":112,\"caption\":\"Official Czech & Slovak Everton Supporters' Club\"},\"image\":{\"@id\":\"https:\/\/evertonfc.cz\/#\/schema\/logo\/image\/\"},\"sameAs\":[\"https:\/\/www.facebook.com\/everton.fans.cz.sk\"]}]}<\/script>\n<!-- \/ Yoast SEO plugin. -->","yoast_head_json":{"title":"Ademola Lookman Olajade Lookman - Official Czech &amp; Slovak Everton Supporters&#039; Club","robots":{"index":"index","follow":"follow","max-snippet":"max-snippet:-1","max-image-preview":"max-image-preview:large","max-video-preview":"max-video-preview:-1"},"canonical":"https:\/\/evertonfc.cz\/index.php\/soupiska\/ademola-lookman\/","og_locale":"cs_CZ","og_type":"article","og_title":"Ademola Lookman Olajade Lookman - Official Czech &amp; Slovak Everton Supporters&#039; Club","og_description":"Narozen:\u00a020. 10. 1997,\u00a0Wandsworth, Anglie V\u00fd\u0161ka:\u00a0174 cm V\u00e1ha:\u00a078 kg Post: K\u0159\u00eddeln\u00edk V EFC od:\u00a005. 01. 2017 Do: 25. 07. 2019 Naroden\u00fd&hellip;","og_url":"https:\/\/evertonfc.cz\/index.php\/soupiska\/ademola-lookman\/","og_site_name":"Official Czech &amp; Slovak Everton Supporters&#039; Club","article_publisher":"https:\/\/www.facebook.com\/everton.fans.cz.sk","article_modified_time":"2019-07-29T07:30:16+00:00","og_image":[{"url":"https:\/\/evertonfc.cz\/wp-content\/uploads\/2019\/07\/ademola_lookman.jpg"}],"twitter_card":"summary_large_image","twitter_misc":{"Odhadovan\u00e1 doba \u010dten\u00ed":"3 minuty"},"schema":{"@context":"https:\/\/schema.org","@graph":[{"@type":"WebPage","@id":"https:\/\/evertonfc.cz\/index.php\/soupiska\/ademola-lookman\/","url":"https:\/\/evertonfc.cz\/index.php\/soupiska\/ademola-lookman\/","name":"Ademola Lookman Olajade Lookman - Official Czech &amp; Slovak Everton Supporters&#039; Club","isPartOf":{"@id":"https:\/\/evertonfc.cz\/#website"},"primaryImageOfPage":{"@id":"https:\/\/evertonfc.cz\/index.php\/soupiska\/ademola-lookman\/#primaryimage"},"image":{"@id":"https:\/\/evertonfc.cz\/index.php\/soupiska\/ademola-lookman\/#primaryimage"},"thumbnailUrl":"https:\/\/evertonfc.cz\/wp-content\/uploads\/2019\/07\/ademola_lookman.jpg","datePublished":"2019-01-05T20:37:56+00:00","dateModified":"2019-07-29T07:30:16+00:00","breadcrumb":{"@id":"https:\/\/evertonfc.cz\/index.php\/soupiska\/ademola-lookman\/#breadcrumb"},"inLanguage":"cs","potentialAction":[{"@type":"ReadAction","target":["https:\/\/evertonfc.cz\/index.php\/soupiska\/ademola-lookman\/"]}]},{"@type":"ImageObject","inLanguage":"cs","@id":"https:\/\/evertonfc.cz\/index.php\/soupiska\/ademola-lookman\/#primaryimage","url":"https:\/\/evertonfc.cz\/wp-content\/uploads\/2019\/07\/ademola_lookman.jpg","contentUrl":"https:\/\/evertonfc.cz\/wp-content\/uploads\/2019\/07\/ademola_lookman.jpg","width":80,"height":83},{"@type":"BreadcrumbList","@id":"https:\/\/evertonfc.cz\/index.php\/soupiska\/ademola-lookman\/#breadcrumb","itemListElement":[{"@type":"ListItem","position":1,"name":"Home","item":"https:\/\/evertonfc.cz\/"},{"@type":"ListItem","position":2,"name":"Soupiska","item":"https:\/\/evertonfc.cz\/index.php\/soupiska\/"},{"@type":"ListItem","position":3,"name":"Ademola Lookman Olajade Lookman"}]},{"@type":"WebSite","@id":"https:\/\/evertonfc.cz\/#website","url":"https:\/\/evertonfc.cz\/","name":"Official Czech &amp; Slovak Everton Supporters&#039; Club","description":"","publisher":{"@id":"https:\/\/evertonfc.cz\/#organization"},"potentialAction":[{"@type":"SearchAction","target":{"@type":"EntryPoint","urlTemplate":"https:\/\/evertonfc.cz\/?s={search_term_string}"},"query-input":{"@type":"PropertyValueSpecification","valueRequired":true,"valueName":"search_term_string"}}],"inLanguage":"cs"},{"@type":"Organization","@id":"https:\/\/evertonfc.cz\/#organization","name":"Official Czech & Slovak Everton Supporters' Club","url":"https:\/\/evertonfc.cz\/","logo":{"@type":"ImageObject","inLanguage":"cs","@id":"https:\/\/evertonfc.cz\/#\/schema\/logo\/image\/","url":"https:\/\/evertonfc.cz\/wp-content\/uploads\/2019\/05\/logo.png","contentUrl":"https:\/\/evertonfc.cz\/wp-content\/uploads\/2019\/05\/logo.png","width":112,"height":112,"caption":"Official Czech & Slovak Everton Supporters' Club"},"image":{"@id":"https:\/\/evertonfc.cz\/#\/schema\/logo\/image\/"},"sameAs":["https:\/\/www.facebook.com\/everton.fans.cz.sk"]}]}},"_links":{"self":[{"href":"https:\/\/evertonfc.cz\/index.php\/wp-json\/wp\/v2\/pages\/889"}],"collection":[{"href":"https:\/\/evertonfc.cz\/index.php\/wp-json\/wp\/v2\/pages"}],"about":[{"href":"https:\/\/evertonfc.cz\/index.php\/wp-json\/wp\/v2\/types\/page"}],"author":[{"embeddable":true,"href":"https:\/\/evertonfc.cz\/index.php\/wp-json\/wp\/v2\/users\/6"}],"replies":[{"embeddable":true,"href":"https:\/\/evertonfc.cz\/index.php\/wp-json\/wp\/v2\/comments?post=889"}],"version-history":[{"count":8,"href":"https:\/\/evertonfc.cz\/index.php\/wp-json\/wp\/v2\/pages\/889\/revisions"}],"predecessor-version":[{"id":8760,"href":"https:\/\/evertonfc.cz\/index.php\/wp-json\/wp\/v2\/pages\/889\/revisions\/8760"}],"up":[{"embeddable":true,"href":"https:\/\/evertonfc.cz\/index.php\/wp-json\/wp\/v2\/pages\/70"}],"wp:attachment":[{"href":"https:\/\/evertonfc.cz\/index.php\/wp-json\/wp\/v2\/media?parent=889"}],"curies":[{"name":"wp","href":"https:\/\/api.w.org\/{rel}","templated":true}]}}