{"id":901,"date":"2019-01-05T21:52:07","date_gmt":"2019-01-05T20:52:07","guid":{"rendered":"http:\/\/evertonfc.cz\/?page_id=901"},"modified":"2019-07-15T22:17:39","modified_gmt":"2019-07-15T20:17:39","slug":"antonee-robinson","status":"publish","type":"page","link":"https:\/\/evertonfc.cz\/index.php\/soupiska\/antonee-robinson\/","title":{"rendered":"Antonee Robinson"},"content":{"rendered":"<p><strong><img loading=\"lazy\" decoding=\"async\" style=\"float: right; margin-left: 10px; margin-right: 10px;\" src=\"http:\/\/evertonfc.cz\/wp-content\/uploads\/2019\/01\/robinson.jpg\" alt=\"\" width=\"80\" height=\"83\" \/>Narozen:<\/strong>\u00a008. 08. 1997, Milton Keynes, Anglie<br \/>\n<strong>V\u00fd\u0161ka:<\/strong>\u00a0183 cm<br \/>\n<strong>V\u00e1ha:<\/strong>\u00a073 kg<br \/>\n<strong>Post:<\/strong>\u00a0Obr\u00e1nce<br \/>\n<strong>V EFC od:<\/strong>\u00a0Odchovanec<br \/>\n<strong>Do:<\/strong> 15. 07. 2019<\/p>\n<hr \/>\n<p>Lev\u00fd obr\u00e1nce Robinson se narodil americk\u00fdm rodi\u010d\u016fm v anglick\u00e9m m\u011bst\u011b Milton Keynes. Pro velk\u00fd fotbal byl vychov\u00e1n v akademii Evertonu, jej\u00ed\u017e \u010dlenem byl od sv\u00fdch 11 let.<\/p>\n<p>Poprv\u00e9 na sebe v\u00fdrazn\u011bji upozornil v pr\u00e1v\u011b v sez\u00f3n\u011b 2017\/18, sv\u00e9 prvn\u00ed mezi seniory, kdy v dresu druholigov\u00e9 Boltonu Wanderers nasko\u010dil do 30 ligov\u00fdch utk\u00e1n\u00ed, v nich\u017e si p\u0159ipsal \u010dty\u0159i asistence. Jeho talent neunikl n\u00e1rodn\u00edmu t\u00fdmu USA, debutoval v kv\u011btnu 2018 v z\u00e1pase proti Bol\u00edvii.<\/p>\n<p>P\u0159ed sez\u00f3nou 2018\/19 absolvoval vyda\u0159enou p\u0159\u00edpravu v Evertonu pod nov\u00fdm mana\u017eerem Marcem Silvou. S p\u0159\u00edchodem Digneho z Barcelony ale pro n\u011bj nezbylo m\u00edsto v prvn\u00edm t\u00fdmu, a tak ode\u0161el sb\u00edrat cenn\u00e9 zku\u0161enosti na dal\u0161\u00ed hostov\u00e1n\u00ed. Ne\u017e v\u0161ak zam\u00ed\u0159il na ro\u010dn\u00ed hostov\u00e1n\u00ed do druholigov\u00e9ho Wiganu Athletic, podepsal s Toffees novou smlouvu platnou do l\u00e9ta 2021.<\/p>\n<p>U Latics Robinson nav\u00e1zal na slu\u0161n\u00e9 v\u00fdkony z Boltonu a stal se stabiln\u00edm \u010dlenem z\u00e1kladn\u00ed sestavy, ze hry ho del\u0161\u00ed \u010das vy\u0159adilo pouze zran\u011bn\u00ed kotn\u00edku na p\u0159elomu roku. Celkem odehr\u00e1l b\u011bhem sez\u00f3ny 26 ligov\u00fdch z\u00e1pas\u016f, v nich\u017e si p\u0159ipsal jednu asistenci.<\/p>\n<p>Tvrd\u00e1 konkurence v Evertonu na postu lev\u00e9ho obr\u00e1nce v pod\u00e1n\u00ed Lucase Digneho a Leightona Bainese ale p\u0159edur\u010dila, \u017ee Robinsonova \u0161ance na pravideln\u00e9 hern\u00ed vyt\u00ed\u017een\u00ed v modr\u00e9m dresu byla minim\u00e1ln\u00ed. 21let\u00fd Ameri\u010dan tak v l\u00e9t\u011b 2019 zvolil mo\u017enost n\u00e1vratu do Wiganu Athletic, kter\u00fd ho p\u0159ivedl na trval\u00fd p\u0159estup (podle m\u00e9di\u00ed za \u010d\u00e1stku dvou milion\u016f liber) a podepsal s n\u00edm t\u0159\u00edletou smlouvu.<\/p>\n","protected":false},"excerpt":{"rendered":"<p>Narozen:\u00a008. 08. 1997, Milton Keynes, Anglie V\u00fd\u0161ka:\u00a0183 cm V\u00e1ha:\u00a073 kg Post:\u00a0Obr\u00e1nce V EFC od:\u00a0Odchovanec Do: 15. 07. 2019 Lev\u00fd obr\u00e1nce&hellip;<\/p>\n","protected":false},"author":6,"featured_media":0,"parent":70,"menu_order":0,"comment_status":"closed","ping_status":"closed","template":"","meta":{"_eb_attr":"","_monsterinsights_skip_tracking":false,"_monsterinsights_sitenote_active":false,"_monsterinsights_sitenote_note":"","_monsterinsights_sitenote_category":0,"footnotes":""},"yoast_head":"<!-- This site is optimized with the Yoast SEO plugin v23.4 - https:\/\/yoast.com\/wordpress\/plugins\/seo\/ -->\n<title>Antonee Robinson - Official Czech &amp; Slovak Everton Supporters&#039; Club<\/title>\n<meta name=\"robots\" content=\"index, follow, max-snippet:-1, max-image-preview:large, max-video-preview:-1\" \/>\n<link rel=\"canonical\" href=\"https:\/\/evertonfc.cz\/index.php\/soupiska\/antonee-robinson\/\" \/>\n<meta property=\"og:locale\" content=\"cs_CZ\" \/>\n<meta property=\"og:type\" content=\"article\" \/>\n<meta property=\"og:title\" content=\"Antonee Robinson - Official Czech &amp; Slovak Everton Supporters&#039; Club\" \/>\n<meta property=\"og:description\" content=\"Narozen:\u00a008. 08. 1997, Milton Keynes, Anglie V\u00fd\u0161ka:\u00a0183 cm V\u00e1ha:\u00a073 kg Post:\u00a0Obr\u00e1nce V EFC od:\u00a0Odchovanec Do: 15. 07. 2019 Lev\u00fd obr\u00e1nce&hellip;\" \/>\n<meta property=\"og:url\" content=\"https:\/\/evertonfc.cz\/index.php\/soupiska\/antonee-robinson\/\" \/>\n<meta property=\"og:site_name\" content=\"Official Czech &amp; Slovak Everton Supporters&#039; Club\" \/>\n<meta property=\"article:publisher\" content=\"https:\/\/www.facebook.com\/everton.fans.cz.sk\" \/>\n<meta property=\"article:modified_time\" content=\"2019-07-15T20:17:39+00:00\" \/>\n<meta property=\"og:image\" content=\"http:\/\/evertonfc.cz\/wp-content\/uploads\/2019\/01\/robinson.jpg\" \/>\n<meta name=\"twitter:card\" content=\"summary_large_image\" \/>\n<meta name=\"twitter:label1\" content=\"Odhadovan\u00e1 doba \u010dten\u00ed\" \/>\n\t<meta name=\"twitter:data1\" content=\"2 minuty\" \/>\n<script type=\"application\/ld+json\" class=\"yoast-schema-graph\">{\"@context\":\"https:\/\/schema.org\",\"@graph\":[{\"@type\":\"WebPage\",\"@id\":\"https:\/\/evertonfc.cz\/index.php\/soupiska\/antonee-robinson\/\",\"url\":\"https:\/\/evertonfc.cz\/index.php\/soupiska\/antonee-robinson\/\",\"name\":\"Antonee Robinson - Official Czech &amp; Slovak Everton Supporters&#039; Club\",\"isPartOf\":{\"@id\":\"https:\/\/evertonfc.cz\/#website\"},\"primaryImageOfPage\":{\"@id\":\"https:\/\/evertonfc.cz\/index.php\/soupiska\/antonee-robinson\/#primaryimage\"},\"image\":{\"@id\":\"https:\/\/evertonfc.cz\/index.php\/soupiska\/antonee-robinson\/#primaryimage\"},\"thumbnailUrl\":\"http:\/\/evertonfc.cz\/wp-content\/uploads\/2019\/01\/robinson.jpg\",\"datePublished\":\"2019-01-05T20:52:07+00:00\",\"dateModified\":\"2019-07-15T20:17:39+00:00\",\"breadcrumb\":{\"@id\":\"https:\/\/evertonfc.cz\/index.php\/soupiska\/antonee-robinson\/#breadcrumb\"},\"inLanguage\":\"cs\",\"potentialAction\":[{\"@type\":\"ReadAction\",\"target\":[\"https:\/\/evertonfc.cz\/index.php\/soupiska\/antonee-robinson\/\"]}]},{\"@type\":\"ImageObject\",\"inLanguage\":\"cs\",\"@id\":\"https:\/\/evertonfc.cz\/index.php\/soupiska\/antonee-robinson\/#primaryimage\",\"url\":\"http:\/\/evertonfc.cz\/wp-content\/uploads\/2019\/01\/robinson.jpg\",\"contentUrl\":\"http:\/\/evertonfc.cz\/wp-content\/uploads\/2019\/01\/robinson.jpg\"},{\"@type\":\"BreadcrumbList\",\"@id\":\"https:\/\/evertonfc.cz\/index.php\/soupiska\/antonee-robinson\/#breadcrumb\",\"itemListElement\":[{\"@type\":\"ListItem\",\"position\":1,\"name\":\"Home\",\"item\":\"https:\/\/evertonfc.cz\/\"},{\"@type\":\"ListItem\",\"position\":2,\"name\":\"Soupiska\",\"item\":\"https:\/\/evertonfc.cz\/index.php\/soupiska\/\"},{\"@type\":\"ListItem\",\"position\":3,\"name\":\"Antonee Robinson\"}]},{\"@type\":\"WebSite\",\"@id\":\"https:\/\/evertonfc.cz\/#website\",\"url\":\"https:\/\/evertonfc.cz\/\",\"name\":\"Official Czech &amp; Slovak Everton Supporters&#039; Club\",\"description\":\"\",\"publisher\":{\"@id\":\"https:\/\/evertonfc.cz\/#organization\"},\"potentialAction\":[{\"@type\":\"SearchAction\",\"target\":{\"@type\":\"EntryPoint\",\"urlTemplate\":\"https:\/\/evertonfc.cz\/?s={search_term_string}\"},\"query-input\":{\"@type\":\"PropertyValueSpecification\",\"valueRequired\":true,\"valueName\":\"search_term_string\"}}],\"inLanguage\":\"cs\"},{\"@type\":\"Organization\",\"@id\":\"https:\/\/evertonfc.cz\/#organization\",\"name\":\"Official Czech & Slovak Everton Supporters' Club\",\"url\":\"https:\/\/evertonfc.cz\/\",\"logo\":{\"@type\":\"ImageObject\",\"inLanguage\":\"cs\",\"@id\":\"https:\/\/evertonfc.cz\/#\/schema\/logo\/image\/\",\"url\":\"https:\/\/evertonfc.cz\/wp-content\/uploads\/2019\/05\/logo.png\",\"contentUrl\":\"https:\/\/evertonfc.cz\/wp-content\/uploads\/2019\/05\/logo.png\",\"width\":112,\"height\":112,\"caption\":\"Official Czech & Slovak Everton Supporters' Club\"},\"image\":{\"@id\":\"https:\/\/evertonfc.cz\/#\/schema\/logo\/image\/\"},\"sameAs\":[\"https:\/\/www.facebook.com\/everton.fans.cz.sk\"]}]}<\/script>\n<!-- \/ Yoast SEO plugin. -->","yoast_head_json":{"title":"Antonee Robinson - Official Czech &amp; Slovak Everton Supporters&#039; Club","robots":{"index":"index","follow":"follow","max-snippet":"max-snippet:-1","max-image-preview":"max-image-preview:large","max-video-preview":"max-video-preview:-1"},"canonical":"https:\/\/evertonfc.cz\/index.php\/soupiska\/antonee-robinson\/","og_locale":"cs_CZ","og_type":"article","og_title":"Antonee Robinson - Official Czech &amp; Slovak Everton Supporters&#039; Club","og_description":"Narozen:\u00a008. 08. 1997, Milton Keynes, Anglie V\u00fd\u0161ka:\u00a0183 cm V\u00e1ha:\u00a073 kg Post:\u00a0Obr\u00e1nce V EFC od:\u00a0Odchovanec Do: 15. 07. 2019 Lev\u00fd obr\u00e1nce&hellip;","og_url":"https:\/\/evertonfc.cz\/index.php\/soupiska\/antonee-robinson\/","og_site_name":"Official Czech &amp; Slovak Everton Supporters&#039; Club","article_publisher":"https:\/\/www.facebook.com\/everton.fans.cz.sk","article_modified_time":"2019-07-15T20:17:39+00:00","og_image":[{"url":"http:\/\/evertonfc.cz\/wp-content\/uploads\/2019\/01\/robinson.jpg"}],"twitter_card":"summary_large_image","twitter_misc":{"Odhadovan\u00e1 doba \u010dten\u00ed":"2 minuty"},"schema":{"@context":"https:\/\/schema.org","@graph":[{"@type":"WebPage","@id":"https:\/\/evertonfc.cz\/index.php\/soupiska\/antonee-robinson\/","url":"https:\/\/evertonfc.cz\/index.php\/soupiska\/antonee-robinson\/","name":"Antonee Robinson - Official Czech &amp; Slovak Everton Supporters&#039; Club","isPartOf":{"@id":"https:\/\/evertonfc.cz\/#website"},"primaryImageOfPage":{"@id":"https:\/\/evertonfc.cz\/index.php\/soupiska\/antonee-robinson\/#primaryimage"},"image":{"@id":"https:\/\/evertonfc.cz\/index.php\/soupiska\/antonee-robinson\/#primaryimage"},"thumbnailUrl":"http:\/\/evertonfc.cz\/wp-content\/uploads\/2019\/01\/robinson.jpg","datePublished":"2019-01-05T20:52:07+00:00","dateModified":"2019-07-15T20:17:39+00:00","breadcrumb":{"@id":"https:\/\/evertonfc.cz\/index.php\/soupiska\/antonee-robinson\/#breadcrumb"},"inLanguage":"cs","potentialAction":[{"@type":"ReadAction","target":["https:\/\/evertonfc.cz\/index.php\/soupiska\/antonee-robinson\/"]}]},{"@type":"ImageObject","inLanguage":"cs","@id":"https:\/\/evertonfc.cz\/index.php\/soupiska\/antonee-robinson\/#primaryimage","url":"http:\/\/evertonfc.cz\/wp-content\/uploads\/2019\/01\/robinson.jpg","contentUrl":"http:\/\/evertonfc.cz\/wp-content\/uploads\/2019\/01\/robinson.jpg"},{"@type":"BreadcrumbList","@id":"https:\/\/evertonfc.cz\/index.php\/soupiska\/antonee-robinson\/#breadcrumb","itemListElement":[{"@type":"ListItem","position":1,"name":"Home","item":"https:\/\/evertonfc.cz\/"},{"@type":"ListItem","position":2,"name":"Soupiska","item":"https:\/\/evertonfc.cz\/index.php\/soupiska\/"},{"@type":"ListItem","position":3,"name":"Antonee Robinson"}]},{"@type":"WebSite","@id":"https:\/\/evertonfc.cz\/#website","url":"https:\/\/evertonfc.cz\/","name":"Official Czech &amp; Slovak Everton Supporters&#039; Club","description":"","publisher":{"@id":"https:\/\/evertonfc.cz\/#organization"},"potentialAction":[{"@type":"SearchAction","target":{"@type":"EntryPoint","urlTemplate":"https:\/\/evertonfc.cz\/?s={search_term_string}"},"query-input":{"@type":"PropertyValueSpecification","valueRequired":true,"valueName":"search_term_string"}}],"inLanguage":"cs"},{"@type":"Organization","@id":"https:\/\/evertonfc.cz\/#organization","name":"Official Czech & Slovak Everton Supporters' Club","url":"https:\/\/evertonfc.cz\/","logo":{"@type":"ImageObject","inLanguage":"cs","@id":"https:\/\/evertonfc.cz\/#\/schema\/logo\/image\/","url":"https:\/\/evertonfc.cz\/wp-content\/uploads\/2019\/05\/logo.png","contentUrl":"https:\/\/evertonfc.cz\/wp-content\/uploads\/2019\/05\/logo.png","width":112,"height":112,"caption":"Official Czech & Slovak Everton Supporters' Club"},"image":{"@id":"https:\/\/evertonfc.cz\/#\/schema\/logo\/image\/"},"sameAs":["https:\/\/www.facebook.com\/everton.fans.cz.sk"]}]}},"_links":{"self":[{"href":"https:\/\/evertonfc.cz\/index.php\/wp-json\/wp\/v2\/pages\/901"}],"collection":[{"href":"https:\/\/evertonfc.cz\/index.php\/wp-json\/wp\/v2\/pages"}],"about":[{"href":"https:\/\/evertonfc.cz\/index.php\/wp-json\/wp\/v2\/types\/page"}],"author":[{"embeddable":true,"href":"https:\/\/evertonfc.cz\/index.php\/wp-json\/wp\/v2\/users\/6"}],"replies":[{"embeddable":true,"href":"https:\/\/evertonfc.cz\/index.php\/wp-json\/wp\/v2\/comments?post=901"}],"version-history":[{"count":8,"href":"https:\/\/evertonfc.cz\/index.php\/wp-json\/wp\/v2\/pages\/901\/revisions"}],"predecessor-version":[{"id":8497,"href":"https:\/\/evertonfc.cz\/index.php\/wp-json\/wp\/v2\/pages\/901\/revisions\/8497"}],"up":[{"embeddable":true,"href":"https:\/\/evertonfc.cz\/index.php\/wp-json\/wp\/v2\/pages\/70"}],"wp:attachment":[{"href":"https:\/\/evertonfc.cz\/index.php\/wp-json\/wp\/v2\/media?parent=901"}],"curies":[{"name":"wp","href":"https:\/\/api.w.org\/{rel}","templated":true}]}}