{"id":9186,"date":"2019-08-27T13:22:01","date_gmt":"2019-08-27T11:22:01","guid":{"rendered":"https:\/\/evertonfc.cz\/?page_id=9186"},"modified":"2020-07-01T22:15:59","modified_gmt":"2020-07-01T20:15:59","slug":"fraser-hornby","status":"publish","type":"page","link":"https:\/\/evertonfc.cz\/index.php\/soupiska\/fraser-hornby\/","title":{"rendered":"Fraser David Ingham Hornby"},"content":{"rendered":"<p><img loading=\"lazy\" decoding=\"async\" style=\"float: right; margin-left: 10px; margin-right: 10px;\" src=\"https:\/\/evertonfc.cz\/wp-content\/uploads\/2019\/08\/fraser_hornby.png\" alt=\"\" width=\"80\" height=\"83\" \/><strong>Narozen:<\/strong> 19. 09. 1999, Northampton, Anglie<br \/>\n<strong>V\u00fd\u0161ka:<\/strong> 188 cm<br \/>\n<strong>V\u00e1ha:<\/strong> 77 kg<br \/>\n<strong>Post:\u00a0<\/strong>\u00dato\u010dn\u00edk<br \/>\n<strong>V EFC od:<\/strong> 09. 09. 2014<br \/>\n<strong>Do:<\/strong> 01. 07. 2020<\/p>\n<hr \/>\n<p>Fraser Hornby za\u010dal s fotbalem ve sv\u00e9m rodn\u00e9m anglick\u00e9m m\u011bst\u011b Northamptonu a b\u011bhem z\u00e1pas\u016f za tam\u011bj\u0161\u00ed celek Town u\u017e od mlad\u00e9ho v\u011bku opl\u00fdval talentem, a proto brzy utkv\u011bl v hled\u00e1\u010dku Evertonu, kter\u00fd ho nakonec koupil v jeho 15 letech podzim 2014 za 65 tis\u00edc liber.<\/p>\n<p>U Toffees Hornby pokra\u010doval ve sv\u00e9m v\u00fdvoji, v sez\u00f3n\u011b 2016\/17 vst\u0159elil 13 branek v 17 z\u00e1pasech za klubov\u00fd v\u00fdb\u011br do 18 let, aby o ro\u010dn\u00edk pozd\u011bji ji\u017e pov\u00fd\u0161il do t\u00fdmu do 23 let. Sv\u016fj progres rovn\u011b\u017e potvrdil debutem (a zat\u00edm jedin\u00fdm startem) v prvn\u00edm t\u00fdmu. V prosinci 2017 nastoupil v z\u00e1kladn\u00ed sestav\u011b Evropsk\u00e9 ligy na p\u016fd\u011b Apollonu Limassol, kter\u00fd Everton vyhr\u00e1l 3:0.<\/p>\n<p>V sez\u00f3n\u011b 2018\/19 u\u017e Hornby pat\u0159il k opor\u00e1m mu\u017estva Toffees do 23 let, kter\u00e9 triumfovalo v lize i poh\u00e1ru, a tak\u00e9 pravideln\u011b st\u0159\u00edlel branky za skotskou reprezentaci do 21 let (pr\u00e1vo reprezentovat m\u00e1 na z\u00e1klad\u011b p\u016fvodu sv\u00fdch rodi\u010d\u016f).<\/p>\n<p>V l\u00e9t\u011b 2019 Hornby, typick\u00fd vyt\u00e1hl\u00fd \u00fato\u010dn\u00edk \u010d\u00edslo 9, u\u010dinil dal\u0161\u00ed krok ve sv\u00e9m v\u00fdvoji a n\u011bkolik t\u00fddn\u016f p\u0159ed 20. narozeninami ode\u0161el na ro\u010dn\u00ed hostov\u00e1n\u00ed do belgick\u00e9ho prvoligov\u00e9ho celku KV Kortrijk, kde sb\u00edral prvn\u00ed zku\u0161enosti se seniorsk\u00fdm fotbalem. V p\u0159ed\u010dasn\u011b ukon\u010den\u00e9m ro\u010dn\u00edku (kv\u016fli pandemii nov\u00e9ho koronaviru) odehr\u00e1l 12 z\u00e1pas\u016f, v nich\u017e vst\u0159elil t\u0159i branky.<\/p>\n<p>Po vypr\u0161en\u00ed hostov\u00e1n\u00ed v Belgii se Hornby nakonec do Evertonu nevr\u00e1til. Rok p\u0159ed koncem smlouvy p\u0159estoupil do francouzsk\u00e9ho prvoligov\u00e9ho t\u00fdmu Stade Reims. Ofici\u00e1ln\u00ed suma p\u0159estupu nebyla zve\u0159ejn\u011bna, m\u00e9dia ale hovo\u0159\u00ed o sum\u011b v hodnot\u011b 1,8 milionu liber.<\/p>\n","protected":false},"excerpt":{"rendered":"<p>Narozen: 19. 09. 1999, Northampton, Anglie V\u00fd\u0161ka: 188 cm V\u00e1ha: 77 kg Post:\u00a0\u00dato\u010dn\u00edk V EFC od: 09. 09. 2014 Do:&hellip;<\/p>\n","protected":false},"author":6,"featured_media":0,"parent":70,"menu_order":0,"comment_status":"closed","ping_status":"closed","template":"","meta":{"_eb_attr":"","_monsterinsights_skip_tracking":false,"_monsterinsights_sitenote_active":false,"_monsterinsights_sitenote_note":"","_monsterinsights_sitenote_category":0,"footnotes":""},"yoast_head":"<!-- This site is optimized with the Yoast SEO plugin v23.4 - https:\/\/yoast.com\/wordpress\/plugins\/seo\/ -->\n<title>Fraser David Ingham Hornby - Official Czech &amp; Slovak Everton Supporters&#039; Club<\/title>\n<meta name=\"robots\" content=\"index, follow, max-snippet:-1, max-image-preview:large, max-video-preview:-1\" \/>\n<link rel=\"canonical\" href=\"https:\/\/evertonfc.cz\/index.php\/soupiska\/fraser-hornby\/\" \/>\n<meta property=\"og:locale\" content=\"cs_CZ\" \/>\n<meta property=\"og:type\" content=\"article\" \/>\n<meta property=\"og:title\" content=\"Fraser David Ingham Hornby - Official Czech &amp; Slovak Everton Supporters&#039; Club\" \/>\n<meta property=\"og:description\" content=\"Narozen: 19. 09. 1999, Northampton, Anglie V\u00fd\u0161ka: 188 cm V\u00e1ha: 77 kg Post:\u00a0\u00dato\u010dn\u00edk V EFC od: 09. 09. 2014 Do:&hellip;\" \/>\n<meta property=\"og:url\" content=\"https:\/\/evertonfc.cz\/index.php\/soupiska\/fraser-hornby\/\" \/>\n<meta property=\"og:site_name\" content=\"Official Czech &amp; Slovak Everton Supporters&#039; Club\" \/>\n<meta property=\"article:publisher\" content=\"https:\/\/www.facebook.com\/everton.fans.cz.sk\" \/>\n<meta property=\"article:modified_time\" content=\"2020-07-01T20:15:59+00:00\" \/>\n<meta property=\"og:image\" content=\"https:\/\/evertonfc.cz\/wp-content\/uploads\/2019\/08\/fraser_hornby.png\" \/>\n<meta name=\"twitter:card\" content=\"summary_large_image\" \/>\n<meta name=\"twitter:label1\" content=\"Odhadovan\u00e1 doba \u010dten\u00ed\" \/>\n\t<meta name=\"twitter:data1\" content=\"2 minuty\" \/>\n<script type=\"application\/ld+json\" class=\"yoast-schema-graph\">{\"@context\":\"https:\/\/schema.org\",\"@graph\":[{\"@type\":\"WebPage\",\"@id\":\"https:\/\/evertonfc.cz\/index.php\/soupiska\/fraser-hornby\/\",\"url\":\"https:\/\/evertonfc.cz\/index.php\/soupiska\/fraser-hornby\/\",\"name\":\"Fraser David Ingham Hornby - Official Czech &amp; Slovak Everton Supporters&#039; Club\",\"isPartOf\":{\"@id\":\"https:\/\/evertonfc.cz\/#website\"},\"primaryImageOfPage\":{\"@id\":\"https:\/\/evertonfc.cz\/index.php\/soupiska\/fraser-hornby\/#primaryimage\"},\"image\":{\"@id\":\"https:\/\/evertonfc.cz\/index.php\/soupiska\/fraser-hornby\/#primaryimage\"},\"thumbnailUrl\":\"https:\/\/evertonfc.cz\/wp-content\/uploads\/2019\/08\/fraser_hornby.png\",\"datePublished\":\"2019-08-27T11:22:01+00:00\",\"dateModified\":\"2020-07-01T20:15:59+00:00\",\"breadcrumb\":{\"@id\":\"https:\/\/evertonfc.cz\/index.php\/soupiska\/fraser-hornby\/#breadcrumb\"},\"inLanguage\":\"cs\",\"potentialAction\":[{\"@type\":\"ReadAction\",\"target\":[\"https:\/\/evertonfc.cz\/index.php\/soupiska\/fraser-hornby\/\"]}]},{\"@type\":\"ImageObject\",\"inLanguage\":\"cs\",\"@id\":\"https:\/\/evertonfc.cz\/index.php\/soupiska\/fraser-hornby\/#primaryimage\",\"url\":\"https:\/\/evertonfc.cz\/wp-content\/uploads\/2019\/08\/fraser_hornby.png\",\"contentUrl\":\"https:\/\/evertonfc.cz\/wp-content\/uploads\/2019\/08\/fraser_hornby.png\",\"width\":80,\"height\":83},{\"@type\":\"BreadcrumbList\",\"@id\":\"https:\/\/evertonfc.cz\/index.php\/soupiska\/fraser-hornby\/#breadcrumb\",\"itemListElement\":[{\"@type\":\"ListItem\",\"position\":1,\"name\":\"Home\",\"item\":\"https:\/\/evertonfc.cz\/\"},{\"@type\":\"ListItem\",\"position\":2,\"name\":\"Soupiska\",\"item\":\"https:\/\/evertonfc.cz\/index.php\/soupiska\/\"},{\"@type\":\"ListItem\",\"position\":3,\"name\":\"Fraser David Ingham Hornby\"}]},{\"@type\":\"WebSite\",\"@id\":\"https:\/\/evertonfc.cz\/#website\",\"url\":\"https:\/\/evertonfc.cz\/\",\"name\":\"Official Czech &amp; Slovak Everton Supporters&#039; Club\",\"description\":\"\",\"publisher\":{\"@id\":\"https:\/\/evertonfc.cz\/#organization\"},\"potentialAction\":[{\"@type\":\"SearchAction\",\"target\":{\"@type\":\"EntryPoint\",\"urlTemplate\":\"https:\/\/evertonfc.cz\/?s={search_term_string}\"},\"query-input\":{\"@type\":\"PropertyValueSpecification\",\"valueRequired\":true,\"valueName\":\"search_term_string\"}}],\"inLanguage\":\"cs\"},{\"@type\":\"Organization\",\"@id\":\"https:\/\/evertonfc.cz\/#organization\",\"name\":\"Official Czech & Slovak Everton Supporters' Club\",\"url\":\"https:\/\/evertonfc.cz\/\",\"logo\":{\"@type\":\"ImageObject\",\"inLanguage\":\"cs\",\"@id\":\"https:\/\/evertonfc.cz\/#\/schema\/logo\/image\/\",\"url\":\"https:\/\/evertonfc.cz\/wp-content\/uploads\/2019\/05\/logo.png\",\"contentUrl\":\"https:\/\/evertonfc.cz\/wp-content\/uploads\/2019\/05\/logo.png\",\"width\":112,\"height\":112,\"caption\":\"Official Czech & Slovak Everton Supporters' Club\"},\"image\":{\"@id\":\"https:\/\/evertonfc.cz\/#\/schema\/logo\/image\/\"},\"sameAs\":[\"https:\/\/www.facebook.com\/everton.fans.cz.sk\"]}]}<\/script>\n<!-- \/ Yoast SEO plugin. -->","yoast_head_json":{"title":"Fraser David Ingham Hornby - Official Czech &amp; Slovak Everton Supporters&#039; Club","robots":{"index":"index","follow":"follow","max-snippet":"max-snippet:-1","max-image-preview":"max-image-preview:large","max-video-preview":"max-video-preview:-1"},"canonical":"https:\/\/evertonfc.cz\/index.php\/soupiska\/fraser-hornby\/","og_locale":"cs_CZ","og_type":"article","og_title":"Fraser David Ingham Hornby - Official Czech &amp; Slovak Everton Supporters&#039; Club","og_description":"Narozen: 19. 09. 1999, Northampton, Anglie V\u00fd\u0161ka: 188 cm V\u00e1ha: 77 kg Post:\u00a0\u00dato\u010dn\u00edk V EFC od: 09. 09. 2014 Do:&hellip;","og_url":"https:\/\/evertonfc.cz\/index.php\/soupiska\/fraser-hornby\/","og_site_name":"Official Czech &amp; Slovak Everton Supporters&#039; Club","article_publisher":"https:\/\/www.facebook.com\/everton.fans.cz.sk","article_modified_time":"2020-07-01T20:15:59+00:00","og_image":[{"url":"https:\/\/evertonfc.cz\/wp-content\/uploads\/2019\/08\/fraser_hornby.png"}],"twitter_card":"summary_large_image","twitter_misc":{"Odhadovan\u00e1 doba \u010dten\u00ed":"2 minuty"},"schema":{"@context":"https:\/\/schema.org","@graph":[{"@type":"WebPage","@id":"https:\/\/evertonfc.cz\/index.php\/soupiska\/fraser-hornby\/","url":"https:\/\/evertonfc.cz\/index.php\/soupiska\/fraser-hornby\/","name":"Fraser David Ingham Hornby - Official Czech &amp; Slovak Everton Supporters&#039; Club","isPartOf":{"@id":"https:\/\/evertonfc.cz\/#website"},"primaryImageOfPage":{"@id":"https:\/\/evertonfc.cz\/index.php\/soupiska\/fraser-hornby\/#primaryimage"},"image":{"@id":"https:\/\/evertonfc.cz\/index.php\/soupiska\/fraser-hornby\/#primaryimage"},"thumbnailUrl":"https:\/\/evertonfc.cz\/wp-content\/uploads\/2019\/08\/fraser_hornby.png","datePublished":"2019-08-27T11:22:01+00:00","dateModified":"2020-07-01T20:15:59+00:00","breadcrumb":{"@id":"https:\/\/evertonfc.cz\/index.php\/soupiska\/fraser-hornby\/#breadcrumb"},"inLanguage":"cs","potentialAction":[{"@type":"ReadAction","target":["https:\/\/evertonfc.cz\/index.php\/soupiska\/fraser-hornby\/"]}]},{"@type":"ImageObject","inLanguage":"cs","@id":"https:\/\/evertonfc.cz\/index.php\/soupiska\/fraser-hornby\/#primaryimage","url":"https:\/\/evertonfc.cz\/wp-content\/uploads\/2019\/08\/fraser_hornby.png","contentUrl":"https:\/\/evertonfc.cz\/wp-content\/uploads\/2019\/08\/fraser_hornby.png","width":80,"height":83},{"@type":"BreadcrumbList","@id":"https:\/\/evertonfc.cz\/index.php\/soupiska\/fraser-hornby\/#breadcrumb","itemListElement":[{"@type":"ListItem","position":1,"name":"Home","item":"https:\/\/evertonfc.cz\/"},{"@type":"ListItem","position":2,"name":"Soupiska","item":"https:\/\/evertonfc.cz\/index.php\/soupiska\/"},{"@type":"ListItem","position":3,"name":"Fraser David Ingham Hornby"}]},{"@type":"WebSite","@id":"https:\/\/evertonfc.cz\/#website","url":"https:\/\/evertonfc.cz\/","name":"Official Czech &amp; Slovak Everton Supporters&#039; Club","description":"","publisher":{"@id":"https:\/\/evertonfc.cz\/#organization"},"potentialAction":[{"@type":"SearchAction","target":{"@type":"EntryPoint","urlTemplate":"https:\/\/evertonfc.cz\/?s={search_term_string}"},"query-input":{"@type":"PropertyValueSpecification","valueRequired":true,"valueName":"search_term_string"}}],"inLanguage":"cs"},{"@type":"Organization","@id":"https:\/\/evertonfc.cz\/#organization","name":"Official Czech & Slovak Everton Supporters' Club","url":"https:\/\/evertonfc.cz\/","logo":{"@type":"ImageObject","inLanguage":"cs","@id":"https:\/\/evertonfc.cz\/#\/schema\/logo\/image\/","url":"https:\/\/evertonfc.cz\/wp-content\/uploads\/2019\/05\/logo.png","contentUrl":"https:\/\/evertonfc.cz\/wp-content\/uploads\/2019\/05\/logo.png","width":112,"height":112,"caption":"Official Czech & Slovak Everton Supporters' Club"},"image":{"@id":"https:\/\/evertonfc.cz\/#\/schema\/logo\/image\/"},"sameAs":["https:\/\/www.facebook.com\/everton.fans.cz.sk"]}]}},"_links":{"self":[{"href":"https:\/\/evertonfc.cz\/index.php\/wp-json\/wp\/v2\/pages\/9186"}],"collection":[{"href":"https:\/\/evertonfc.cz\/index.php\/wp-json\/wp\/v2\/pages"}],"about":[{"href":"https:\/\/evertonfc.cz\/index.php\/wp-json\/wp\/v2\/types\/page"}],"author":[{"embeddable":true,"href":"https:\/\/evertonfc.cz\/index.php\/wp-json\/wp\/v2\/users\/6"}],"replies":[{"embeddable":true,"href":"https:\/\/evertonfc.cz\/index.php\/wp-json\/wp\/v2\/comments?post=9186"}],"version-history":[{"count":4,"href":"https:\/\/evertonfc.cz\/index.php\/wp-json\/wp\/v2\/pages\/9186\/revisions"}],"predecessor-version":[{"id":11332,"href":"https:\/\/evertonfc.cz\/index.php\/wp-json\/wp\/v2\/pages\/9186\/revisions\/11332"}],"up":[{"embeddable":true,"href":"https:\/\/evertonfc.cz\/index.php\/wp-json\/wp\/v2\/pages\/70"}],"wp:attachment":[{"href":"https:\/\/evertonfc.cz\/index.php\/wp-json\/wp\/v2\/media?parent=9186"}],"curies":[{"name":"wp","href":"https:\/\/api.w.org\/{rel}","templated":true}]}}